{"id":3413,"date":"2024-12-19T14:34:54","date_gmt":"2024-12-19T06:34:54","guid":{"rendered":"http\/\/www.dentalxangtech.com\/?post_type=product&#038;p=3413"},"modified":"2024-12-19T14:34:54","modified_gmt":"2024-12-19T06:34:54","slug":"yucera-milling-bur","status":"publish","type":"product","link":"https:\/\/www.dentalxangtech.com\/es\/product\/yucera-milling-bur\/","title":{"rendered":"Yucera fresadora"},"content":{"rendered":"<p>Descubre el equilibrio perfecto entre eficiencia, precisi\u00f3n y durabilidad con XANGTECH Yucera Milling Burs, la soluci\u00f3n definitiva para las necesidades de fresado dental. Estas bursas de alta calidad est\u00e1n dise\u00f1adas para satisfacer las demandas de los modernos laboratorios y cl\u00ednicas dentales, ofreciendo un rendimiento excepcional en una amplia gama de materiales, incluyendo zirconia, PMMA, cera y metales m\u00e1s blandos. Hecho a partir de carburo de tungsteno de alta resistencia, est\u00e1 construido para un uso de larga duraci\u00f3n, lo que le permite fresar m\u00faltiples unidades con una sola bur sin comprometer el rendimiento. El dise\u00f1o avanzado garantiza un corte suave y preciso, reduciendo los ajustes manuales y mejorando significativamente la calidad de las restauraciones como coronas, puentes e implantes.<\/p>\n<p>Con su compatibilidad universal, se integra perfectamente con las principales fresadoras dentales CAD\/CAM, convirti\u00e9ndolas en una opci\u00f3n vers\u00e1til y conveniente para los profesionales. Optimizadas para una molienda m\u00e1s r\u00e1pida, estas bursas ahorran tiempo valioso durante la producci\u00f3n, mejorando la eficiencia sin sacrificar la calidad. Dise\u00f1adas para la comodidad y la fiabilidad, las borsas de fresado Yucera minimizan las vibraciones y el ruido durante la operaci\u00f3n, proporcionando una mejor experiencia de trabajo. Mejorados con recubrimientos avanzados resistentes al desgaste, mantienen un rendimiento consistente y una vida \u00fatil m\u00e1s larga, lo que los convierte en una inversi\u00f3n rentable para cualquier pr\u00e1ctica dental o laboratorio. Mejore sus procesos de fresado dental con \u00e9l y experimente la diferencia en precisi\u00f3n, rendimiento y resultados. Perfectos para profesionales que buscan fiabilidad y excelencia, estos burs est\u00e1n dise\u00f1ados para elevar cada restauraci\u00f3n.<\/p>","protected":false},"excerpt":{"rendered":"<p>Discover the perfect balance of efficiency, precision, and durability with XANGTECH Yucera Milling Burs, the ultimate solution for dental milling needs. These high-quality burs are engineered to meet the demands of modern dental laboratories and clinics, delivering exceptional performance across a wide range of materials, including zirconia, PMMA, wax, and softer metals.Crafted from high-strength tungsten [&hellip;]<\/p>\n","protected":false},"featured_media":3414,"template":"","meta":{"_acf_changed":false},"product_brand":[],"product_cat":[15],"product_tag":[],"class_list":{"0":"post-3413","1":"product","2":"type-product","3":"status-publish","4":"has-post-thumbnail","6":"product_cat-restoration-materials","8":"first","9":"instock","10":"shipping-taxable","11":"product-type-simple"},"acf":[],"_links":{"self":[{"href":"https:\/\/www.dentalxangtech.com\/es\/wp-json\/wp\/v2\/product\/3413","targetHints":{"allow":["GET"]}}],"collection":[{"href":"https:\/\/www.dentalxangtech.com\/es\/wp-json\/wp\/v2\/product"}],"about":[{"href":"https:\/\/www.dentalxangtech.com\/es\/wp-json\/wp\/v2\/types\/product"}],"wp:featuredmedia":[{"embeddable":true,"href":"https:\/\/www.dentalxangtech.com\/es\/wp-json\/wp\/v2\/media\/3414"}],"wp:attachment":[{"href":"https:\/\/www.dentalxangtech.com\/es\/wp-json\/wp\/v2\/media?parent=3413"}],"wp:term":[{"taxonomy":"product_brand","embeddable":true,"href":"https:\/\/www.dentalxangtech.com\/es\/wp-json\/wp\/v2\/product_brand?post=3413"},{"taxonomy":"product_cat","embeddable":true,"href":"https:\/\/www.dentalxangtech.com\/es\/wp-json\/wp\/v2\/product_cat?post=3413"},{"taxonomy":"product_tag","embeddable":true,"href":"https:\/\/www.dentalxangtech.com\/es\/wp-json\/wp\/v2\/product_tag?post=3413"}],"curies":[{"name":"WP","href":"https:\/\/api.w.org\/{rel}","templated":true}]}}