{"id":3422,"date":"2024-12-19T17:11:12","date_gmt":"2024-12-19T09:11:12","guid":{"rendered":"http\/\/www.dentalxangtech.com\/?post_type=product&#038;p=3422"},"modified":"2024-12-19T17:11:13","modified_gmt":"2024-12-19T09:11:13","slug":"arum-milling-bur","status":"publish","type":"product","link":"https:\/\/www.dentalxangtech.com\/es\/product\/arum-milling-bur\/","title":{"rendered":"Bur fresadora Arum"},"content":{"rendered":"<p>Las borsas de fresado Arum est\u00e1n hechas de acero de tungsteno de alta calidad o materiales recubiertos con diamantes, que son muy duraderos y son particularmente adecuados para materiales m\u00e1s duros como zirconia, PMMA y metales. Debido a la alta durabilidad del dise\u00f1o, las borsas Arum tienen una larga vida \u00fatil, especialmente en el proceso de fresado de materiales duros. Excelen en el mantenimiento de la precisi\u00f3n de corte y son adecuados para entornos de uso de alta frecuencia.<\/p>\n<p>Estas bursas son compatibles con una variedad de marcas y modelos de equipos de fresado CNC, incluyendo Arum&#8217; equipos propios y otras marcas bien conocidas como Amann Girrbach, VHF, Roland, imes-icore, etc., y tienen una fuerte versatilidad. Est\u00e1n dise\u00f1ados teniendo en cuenta las necesidades de diferentes materiales y proporcionan una variedad de diferentes formas y tama\u00f1os de burs para fresar en seco y h\u00famedo. Ya sea realizando restauraciones temporales o restauraciones de alta resistencia, las bursas Arum pueden proporcionar un corte eficiente y preciso. Las borsas de fresado Arum se pueden usar para fresar en seco y h\u00famedo materiales de zirconia, lo que garantiza un corte preciso y reduce la rotura del material.<\/p>\n<p>La construcci\u00f3n de burs Arum t\u00edpicamente implica materiales de alta calidad como carburo de tungsteno o recubrimientos de diamantes. Estos materiales aseguran que las bursas mantengan bordes de corte afilados y resisten al desgaste, incluso cuando se trabaja con materiales m\u00e1s duros como la zirconia. Las borsas est\u00e1n dise\u00f1adas con diversas formas y tama\u00f1os, lo que las hace vers\u00e1tiles para una amplia gama de aplicaciones de fresado dental. Adem\u00e1s, las bursas de Arum est\u00e1n dise\u00f1adas para reducir la acumulaci\u00f3n de calor durante el proceso de fresado, lo que ayuda a preservar la integridad tanto del material como de la restauraci\u00f3n dental que se est\u00e1 creando.<\/p>\n<div style=\"width: 800px;\" class=\"wp-video\"><video class=\"wp-video-shortcode\" id=\"video-3422-1\" width=\"800\" height=\"450\" preload=\"metadata\" controls=\"controls\"><source type=\"video\/mp4\" src=\"https:\/\/www.dentalxangtech.com\/wp-content\/uploads\/2024\/12\/Arum-zirconia-dlc-milling-bur-video.mp4?_=1\" \/><a href=\"https:\/\/www.dentalxangtech.com\/wp-content\/uploads\/2024\/12\/Arum-zirconia-dlc-milling-bur-video.mp4\">https:\/\/www.dentalxangtech.com\/wp-content\/uploads\/2024\/12\/Arum-zirconia-dlc-milling-bur-video.mp4<\/a><\/video><\/div>","protected":false},"excerpt":{"rendered":"<p>Arum milling burs are made of high-quality tungsten steel or diamond-coated materials, which are highly durable and are particularly suitable for harder materials such as zirconia, PMMA and metals. Due to the high durability of the design, Arum burs have a long service life, especially in the milling process of hard materials. They excel in [&hellip;]<\/p>\n","protected":false},"featured_media":3424,"template":"","meta":{"_acf_changed":false},"product_brand":[],"product_cat":[44],"product_tag":[],"class_list":{"0":"post-3422","1":"product","2":"type-product","3":"status-publish","4":"has-post-thumbnail","6":"product_cat-ceramic-glass","8":"first","9":"instock","10":"shipping-taxable","11":"product-type-simple"},"acf":[],"_links":{"self":[{"href":"https:\/\/www.dentalxangtech.com\/es\/wp-json\/wp\/v2\/product\/3422","targetHints":{"allow":["GET"]}}],"collection":[{"href":"https:\/\/www.dentalxangtech.com\/es\/wp-json\/wp\/v2\/product"}],"about":[{"href":"https:\/\/www.dentalxangtech.com\/es\/wp-json\/wp\/v2\/types\/product"}],"wp:featuredmedia":[{"embeddable":true,"href":"https:\/\/www.dentalxangtech.com\/es\/wp-json\/wp\/v2\/media\/3424"}],"wp:attachment":[{"href":"https:\/\/www.dentalxangtech.com\/es\/wp-json\/wp\/v2\/media?parent=3422"}],"wp:term":[{"taxonomy":"product_brand","embeddable":true,"href":"https:\/\/www.dentalxangtech.com\/es\/wp-json\/wp\/v2\/product_brand?post=3422"},{"taxonomy":"product_cat","embeddable":true,"href":"https:\/\/www.dentalxangtech.com\/es\/wp-json\/wp\/v2\/product_cat?post=3422"},{"taxonomy":"product_tag","embeddable":true,"href":"https:\/\/www.dentalxangtech.com\/es\/wp-json\/wp\/v2\/product_tag?post=3422"}],"curies":[{"name":"WP","href":"https:\/\/api.w.org\/{rel}","templated":true}]}}