{"id":3435,"date":"2024-12-20T09:30:14","date_gmt":"2024-12-20T01:30:14","guid":{"rendered":"http\/\/www.dentalxangtech.com\/?post_type=product&#038;p=3435"},"modified":"2024-12-20T09:30:15","modified_gmt":"2024-12-20T01:30:15","slug":"jiny-milling-bur","status":"publish","type":"product","link":"https:\/\/www.dentalxangtech.com\/es\/product\/jiny-milling-bur\/","title":{"rendered":"JINY fresadora Bur"},"content":{"rendered":"<p><span style=\"font-family: arial, helvetica, sans-serif; font-size: 14pt;\">El fresador Jiny es una herramienta de corte dental de alta precisi\u00f3n y multiprop\u00f3sito, que se utiliza ampliamente en sistemas CAD \/ CAM abiertos y equipos de procesamiento dental general. Su versatilidad y rentabilidad lo hacen muy popular. El fresador Jiny tiene una amplia compatibilidad de corte y es adecuado para materiales dentales comunes como zirconio, aleaci\u00f3n de CrCo, PMMA (metacrilato de polimetilo), materiales de cera, etc. Por lo general adopta carburo o proceso de recubrimiento, con alta resistencia al desgaste y larga vida \u00fatil. Jiny tiene m\u00faltiples configuraciones de equipos, que son adecuados para la mayor\u00eda de los equipos de fresado CNC dental abiertos, como Amann Girrbach, imes-icore, VHF, etc., incluyendo fresadoras de 5 ejes y fresadoras de 3 ejes. Es econ\u00f3mico y tiene una mayor rentabilidad que algunas herramientas espec\u00edficas de marca.<\/span><\/p>\n<p><span style=\"font-family: arial, helvetica, sans-serif; font-size: 14pt;\">Jiny Miiling Bur se utiliza para procesar coronas y puentes, hacer restauraciones temporales y permanentes y procesar pr\u00f3tesis dentales complejas. El fresador Jiny puede satisfacer diferentes necesidades de procesamiento con un rendimiento eficiente y estable. Se puede usar para procesamiento \u00e1spero, pulido fino y acabado.<\/span><\/p>\n<p><span style=\"font-family: arial, helvetica, sans-serif; font-size: 14pt;\">Con una alta rentabilidad y una larga vida \u00fatil, el fresador Jiny es particularmente adecuado para laboratorios dentales peque\u00f1os y medianos o usuarios con presupuestos limitados. Su versatilidad y fiabilidad lo convierten en una opci\u00f3n popular en el campo del procesamiento dental, proporcionando una s\u00f3lida garant\u00eda para la producci\u00f3n precisa de restauraciones.<\/span><\/p>","protected":false},"excerpt":{"rendered":"<p>Jiny milling bur is a high-precision, multi-purpose dental cutting tool, which is widely used in open CAD\/CAM systems and general dental processing equipment. Its versatility and cost-effectiveness make it widely popular. Jiny milling bur has wide cutting compatibility and is suitable for common dental materials such as zirconium, CrCo alloy, PMMA (polymethyl methacrylate), wax materials, [&hellip;]<\/p>\n","protected":false},"featured_media":3437,"template":"","meta":{"_acf_changed":false},"product_brand":[],"product_cat":[44],"product_tag":[],"class_list":{"0":"post-3435","1":"product","2":"type-product","3":"status-publish","4":"has-post-thumbnail","6":"product_cat-ceramic-glass","8":"first","9":"instock","10":"shipping-taxable","11":"product-type-simple"},"acf":[],"_links":{"self":[{"href":"https:\/\/www.dentalxangtech.com\/es\/wp-json\/wp\/v2\/product\/3435","targetHints":{"allow":["GET"]}}],"collection":[{"href":"https:\/\/www.dentalxangtech.com\/es\/wp-json\/wp\/v2\/product"}],"about":[{"href":"https:\/\/www.dentalxangtech.com\/es\/wp-json\/wp\/v2\/types\/product"}],"wp:featuredmedia":[{"embeddable":true,"href":"https:\/\/www.dentalxangtech.com\/es\/wp-json\/wp\/v2\/media\/3437"}],"wp:attachment":[{"href":"https:\/\/www.dentalxangtech.com\/es\/wp-json\/wp\/v2\/media?parent=3435"}],"wp:term":[{"taxonomy":"product_brand","embeddable":true,"href":"https:\/\/www.dentalxangtech.com\/es\/wp-json\/wp\/v2\/product_brand?post=3435"},{"taxonomy":"product_cat","embeddable":true,"href":"https:\/\/www.dentalxangtech.com\/es\/wp-json\/wp\/v2\/product_cat?post=3435"},{"taxonomy":"product_tag","embeddable":true,"href":"https:\/\/www.dentalxangtech.com\/es\/wp-json\/wp\/v2\/product_tag?post=3435"}],"curies":[{"name":"WP","href":"https:\/\/api.w.org\/{rel}","templated":true}]}}