{"id":3447,"date":"2024-12-20T17:12:17","date_gmt":"2024-12-20T09:12:17","guid":{"rendered":"http\/\/www.dentalxangtech.com\/?post_type=product&#038;p=3447"},"modified":"2024-12-20T17:12:17","modified_gmt":"2024-12-20T09:12:17","slug":"dof-milling-bur","status":"publish","type":"product","link":"https:\/\/www.dentalxangtech.com\/es\/product\/dof-milling-bur\/","title":{"rendered":"Bur de fresado DOF"},"content":{"rendered":"<p><span style=\"font-family: arial, helvetica, sans-serif; font-size: 14pt;\">Las borsas de fresado DOF son herramientas de corte de alto rendimiento dise\u00f1adas para equipos CAD\/CAM dentales de la marca DOF. Se utilizan ampliamente en el procesamiento de restauraciones dentales, incluyendo la producci\u00f3n de coronas, puentes y modelos de estructuras complejas. Hecho de carburo de alta calidad o materiales de recubrimiento avanzados, las borsas de fresado DOF tienen una excelente dureza y resistencia al desgaste, pueden mantener un rendimiento estable en condiciones de alta velocidad y alta carga y lograr un procesamiento de corte de alta precisi\u00f3n.<\/span><\/p>\n<p><span style=\"font-family: arial, helvetica, sans-serif; font-size: 14pt;\">Las borsas de fresado DOF son altamente compatibles con las m\u00e1quinas de fresado de marca DOF (como DOF \u200b\u200b Serie SHARP, serie CRAFT), optimizan las rutas de corte y la eficiencia de procesamiento, y son adecuados para materiales dentales comunes como zirconia, aleaciones de cobalto-cromo, resinas y materiales de cera. Sus tipos de herramientas son completos, incluyendo rugosidad, acabado, cuchillos de ranura, etc., que pueden satisfacer las necesidades de m\u00faltiples etapas desde el rugosidad hasta el procesamiento fino.<\/span><\/p>\n<p><span style=\"font-family: arial, helvetica, sans-serif; font-size: 14pt;\">Con una precisi\u00f3n de procesamiento ultra alta, un efecto de corte suave y una larga vida \u00fatil, las borsas de fresado DOF son una opci\u00f3n ideal para laboratorios dentales de gama alta y centros de procesamiento profesionales, proporcionando soporte de herramientas fiables y experiencia de procesamiento de alta calidad para la producci\u00f3n de restauraci\u00f3n dental.<\/span><\/p>","protected":false},"excerpt":{"rendered":"<p>DOF milling burs are high-performance cutting tools designed for DOF brand dental CAD\/CAM equipment. They are widely used in the processing of denture restorations, including the production of crowns, bridges and complex structure models. Made of high-quality carbide or advanced coating materials, DOF milling burs have excellent hardness and wear resistance, can maintain stable performance [&hellip;]<\/p>\n","protected":false},"featured_media":3450,"template":"","meta":{"_acf_changed":false},"product_brand":[],"product_cat":[44],"product_tag":[],"class_list":{"0":"post-3447","1":"product","2":"type-product","3":"status-publish","4":"has-post-thumbnail","6":"product_cat-ceramic-glass","8":"first","9":"instock","10":"shipping-taxable","11":"product-type-simple"},"acf":[],"_links":{"self":[{"href":"https:\/\/www.dentalxangtech.com\/es\/wp-json\/wp\/v2\/product\/3447","targetHints":{"allow":["GET"]}}],"collection":[{"href":"https:\/\/www.dentalxangtech.com\/es\/wp-json\/wp\/v2\/product"}],"about":[{"href":"https:\/\/www.dentalxangtech.com\/es\/wp-json\/wp\/v2\/types\/product"}],"wp:featuredmedia":[{"embeddable":true,"href":"https:\/\/www.dentalxangtech.com\/es\/wp-json\/wp\/v2\/media\/3450"}],"wp:attachment":[{"href":"https:\/\/www.dentalxangtech.com\/es\/wp-json\/wp\/v2\/media?parent=3447"}],"wp:term":[{"taxonomy":"product_brand","embeddable":true,"href":"https:\/\/www.dentalxangtech.com\/es\/wp-json\/wp\/v2\/product_brand?post=3447"},{"taxonomy":"product_cat","embeddable":true,"href":"https:\/\/www.dentalxangtech.com\/es\/wp-json\/wp\/v2\/product_cat?post=3447"},{"taxonomy":"product_tag","embeddable":true,"href":"https:\/\/www.dentalxangtech.com\/es\/wp-json\/wp\/v2\/product_tag?post=3447"}],"curies":[{"name":"WP","href":"https:\/\/api.w.org\/{rel}","templated":true}]}}