{"id":3462,"date":"2024-12-21T11:19:44","date_gmt":"2024-12-21T03:19:44","guid":{"rendered":"http\/\/www.dentalxangtech.com\/?post_type=product&#038;p=3462"},"modified":"2024-12-21T11:19:44","modified_gmt":"2024-12-21T03:19:44","slug":"c5-milling-bur","status":"publish","type":"product","link":"https:\/\/www.dentalxangtech.com\/es\/product\/c5-milling-bur\/","title":{"rendered":"Bur fresadora C5"},"content":{"rendered":"<p><span style=\"font-family: arial, helvetica, sans-serif; font-size: 14pt;\">La burra de fresado C5 es una herramienta dental de alta precisi\u00f3n ampliamente utilizada en el tratamiento oral y operaciones de restauraci\u00f3n. Est\u00e1 hecho de recubrimiento de carburo o diamante, con alta dureza y resistencia al desgaste, y puede hacer frente f\u00e1cilmente al corte y molienda de tejidos dentales como el esmalte y la dentina. Su dise\u00f1o cumple con los altos est\u00e1ndares de la medicina dental y es adecuado para equipos como turbinas de alta velocidad, proporcionando un rendimiento estable y eficiente.<\/span><\/p>\n<p><span style=\"font-family: arial, helvetica, sans-serif; font-size: 14pt;\">Este bur est\u00e1 disponible en una variedad de especificaciones para satisfacer diferentes necesidades cl\u00ednicas, incluyendo la preparaci\u00f3n de la cavidad, la preparaci\u00f3n de la corona y el recorte y pulido de dientes. Con su dise\u00f1o geom\u00e9trico preciso y excelente durabilidad, el fresador C5 puede lograr operaciones m\u00ednimamente invasivas, proteger tejidos sanos y mejorar los efectos y la eficiencia del tratamiento.<\/span><\/p>\n<p><span style=\"font-family: arial, helvetica, sans-serif; font-size: 14pt;\">La velocidad de corte r\u00e1pida puede reducir el tiempo de tratamiento. Apoyar operaciones m\u00ednimamente invasivas y proteger los tejidos sanos de los pacientes&#8217; dientes. Adecuado para varios laboratorios y cl\u00ednicas dentales, especialmente en entornos donde se mezclan m\u00faltiples equipos, se puede aplicar de forma flexible a diferentes sistemas CAD \/ CAM.<\/span><\/p>\n<div style=\"width: 800px;\" class=\"wp-video\"><video class=\"wp-video-shortcode\" id=\"video-3462-1\" width=\"800\" height=\"450\" preload=\"metadata\" controls=\"controls\"><source type=\"video\/mp4\" src=\"https:\/\/www.dentalxangtech.com\/wp-content\/uploads\/2024\/12\/Dental-C5.mp4?_=1\" \/><a href=\"https:\/\/www.dentalxangtech.com\/wp-content\/uploads\/2024\/12\/Dental-C5.mp4\">https:\/\/www.dentalxangtech.com\/wp-content\/uploads\/2024\/12\/Dental-C5.mp4<\/a><\/video><\/div>","protected":false},"excerpt":{"rendered":"<p>The C5 milling bur is a high-precision dental tool widely used in oral treatment and restoration operations. It is made of carbide or diamond coating, with high hardness and wear resistance, and can easily cope with the cutting and grinding of tooth tissues such as enamel and dentin. Its design meets the high standards of [&hellip;]<\/p>\n","protected":false},"featured_media":3464,"template":"","meta":{"_acf_changed":false},"product_brand":[],"product_cat":[44],"product_tag":[],"class_list":{"0":"post-3462","1":"product","2":"type-product","3":"status-publish","4":"has-post-thumbnail","6":"product_cat-ceramic-glass","8":"first","9":"instock","10":"shipping-taxable","11":"product-type-simple"},"acf":[],"_links":{"self":[{"href":"https:\/\/www.dentalxangtech.com\/es\/wp-json\/wp\/v2\/product\/3462","targetHints":{"allow":["GET"]}}],"collection":[{"href":"https:\/\/www.dentalxangtech.com\/es\/wp-json\/wp\/v2\/product"}],"about":[{"href":"https:\/\/www.dentalxangtech.com\/es\/wp-json\/wp\/v2\/types\/product"}],"wp:featuredmedia":[{"embeddable":true,"href":"https:\/\/www.dentalxangtech.com\/es\/wp-json\/wp\/v2\/media\/3464"}],"wp:attachment":[{"href":"https:\/\/www.dentalxangtech.com\/es\/wp-json\/wp\/v2\/media?parent=3462"}],"wp:term":[{"taxonomy":"product_brand","embeddable":true,"href":"https:\/\/www.dentalxangtech.com\/es\/wp-json\/wp\/v2\/product_brand?post=3462"},{"taxonomy":"product_cat","embeddable":true,"href":"https:\/\/www.dentalxangtech.com\/es\/wp-json\/wp\/v2\/product_cat?post=3462"},{"taxonomy":"product_tag","embeddable":true,"href":"https:\/\/www.dentalxangtech.com\/es\/wp-json\/wp\/v2\/product_tag?post=3462"}],"curies":[{"name":"WP","href":"https:\/\/api.w.org\/{rel}","templated":true}]}}