{"id":3472,"date":"2024-12-23T10:44:05","date_gmt":"2024-12-23T02:44:05","guid":{"rendered":"http\/\/www.dentalxangtech.com\/?post_type=product&#038;p=3472"},"modified":"2024-12-23T10:44:05","modified_gmt":"2024-12-23T02:44:05","slug":"cerec-3-milling-bur","status":"publish","type":"product","link":"https:\/\/www.dentalxangtech.com\/es\/product\/cerec-3-milling-bur\/","title":{"rendered":"Borra de fresado CEREC 3"},"content":{"rendered":"<p><span style=\"font-family: arial, helvetica, sans-serif; font-size: 14pt;\">El fresador CEREC 3 es sencillo de operar y eficiente, y est\u00e1 dise\u00f1ado para proporcionar una soluci\u00f3n de restauraci\u00f3n inmediata al lado de la silla. Est\u00e1 dise\u00f1ado espec\u00edficamente para cl\u00ednicas dentales y puede procesar r\u00e1pidamente materiales restauradores comunes como cer\u00e1mica de vidrio y resinas compuestas. La burra es f\u00e1cil de instalar y reemplazar, y la trayectoria de fresado es generada autom\u00e1ticamente por el sistema sin ajustes complejos. Es particularmente adecuado para las necesidades de restauraci\u00f3n r\u00e1pida de coronas o incrustaciones individuales.<\/span><\/p>\n<p><span style=\"font-family: arial, helvetica, sans-serif; font-size: 14pt;\">El bur&#8217; Su dise\u00f1o es altamente compatible con el sistema CEREC 3, asegurando que la forma de la restauraci\u00f3n procesada es precisa y el borde es adecuado para el paciente. condiciones orales. Su material de carburo duradero y el rendimiento de fresado eficiente pueden completar los pasos de fresado duro y fino de la restauraci\u00f3n en poco tiempo, mejorando la cl\u00ednica; Eficiencia del trabajo.<\/span><\/p>\n<p><span style=\"font-family: arial, helvetica, sans-serif; font-size: 14pt;\">En t\u00e9rminos de costo, el fresador CEREC 3 es relativamente econ\u00f3mico, y es f\u00e1cil de mantener y reemplazar, proporcionando una soluci\u00f3n de restauraci\u00f3n digital de umbral bajo para la cl\u00ednica. Esto lo convierte en una opci\u00f3n ideal para sistemas CAD\/CAM de nivel de entrada en muchas cl\u00ednicas dentales, que pueden mejorar los niveles de servicio con presupuestos limitados.<\/span><\/p>","protected":false},"excerpt":{"rendered":"<p>The CEREC 3 milling bur is simple to operate and efficient, and is designed to provide an immediate chairside restoration solution. It is designed specifically for dental clinics and can quickly process common restorative materials such as glass ceramics and composite resins. The bur is easy to install and replace, and the milling path is [&hellip;]<\/p>\n","protected":false},"featured_media":3474,"template":"","meta":{"_acf_changed":false},"product_brand":[],"product_cat":[44],"product_tag":[],"class_list":{"0":"post-3472","1":"product","2":"type-product","3":"status-publish","4":"has-post-thumbnail","6":"product_cat-ceramic-glass","8":"first","9":"instock","10":"shipping-taxable","11":"product-type-simple"},"acf":[],"_links":{"self":[{"href":"https:\/\/www.dentalxangtech.com\/es\/wp-json\/wp\/v2\/product\/3472","targetHints":{"allow":["GET"]}}],"collection":[{"href":"https:\/\/www.dentalxangtech.com\/es\/wp-json\/wp\/v2\/product"}],"about":[{"href":"https:\/\/www.dentalxangtech.com\/es\/wp-json\/wp\/v2\/types\/product"}],"wp:featuredmedia":[{"embeddable":true,"href":"https:\/\/www.dentalxangtech.com\/es\/wp-json\/wp\/v2\/media\/3474"}],"wp:attachment":[{"href":"https:\/\/www.dentalxangtech.com\/es\/wp-json\/wp\/v2\/media?parent=3472"}],"wp:term":[{"taxonomy":"product_brand","embeddable":true,"href":"https:\/\/www.dentalxangtech.com\/es\/wp-json\/wp\/v2\/product_brand?post=3472"},{"taxonomy":"product_cat","embeddable":true,"href":"https:\/\/www.dentalxangtech.com\/es\/wp-json\/wp\/v2\/product_cat?post=3472"},{"taxonomy":"product_tag","embeddable":true,"href":"https:\/\/www.dentalxangtech.com\/es\/wp-json\/wp\/v2\/product_tag?post=3472"}],"curies":[{"name":"WP","href":"https:\/\/api.w.org\/{rel}","templated":true}]}}