{"id":3488,"date":"2024-12-23T16:38:55","date_gmt":"2024-12-23T08:38:55","guid":{"rendered":"http\/\/www.dentalxangtech.com\/?post_type=product&#038;p=3488"},"modified":"2024-12-23T16:38:55","modified_gmt":"2024-12-23T08:38:55","slug":"amd-500-milling-bur","status":"publish","type":"product","link":"https:\/\/www.dentalxangtech.com\/es\/product\/amd-500-milling-bur\/","title":{"rendered":"Bur de fresado AMD 500"},"content":{"rendered":"<p><span style=\"font-family: arial, helvetica, sans-serif; font-size: 14pt;\">AMD 500 cubre todo el proceso de fresado en bruto, fresado fino y procesamiento de detalles, y es adecuado para una variedad de materiales restauradores (como zirconio, cer\u00e1mica de vidrio, PMMA y materiales de cera). Hecho de recubrimiento de carburo o diamante de alta calidad, puede procesar eficientemente materiales de alta dureza al tiempo que garantiza el moldeo preciso de la forma de restauraci\u00f3n. Est\u00e1 especialmente optimizado para el corte eficiente de materiales de alta dureza (como el zirconio), y tambi\u00e9n es adecuado para el procesamiento suave de materiales PMMA y cera.<\/span><\/p>\n<p><span style=\"font-family: arial, helvetica, sans-serif; font-size: 14pt;\">Es compatible con sistemas CAD\/CAM abiertos como Roland, imes-icore, VHF y otros equipos, y tiene una gran versatilidad. Tiene una gran versatilidad y un rendimiento equilibrado desde el fresado en bruto hasta el fresado fino, lo que es particularmente adecuado para el procesamiento de restauraciones complejas. Est\u00e1 dise\u00f1ado para procesos de restauraci\u00f3n dental digital y es adecuado para equipos de fresado de m\u00faltiples marcas en cl\u00ednicas y laboratorios.<\/span><\/p>\n<p><span style=\"font-family: arial, helvetica, sans-serif; font-size: 14pt;\">El dise\u00f1o de alta precisi\u00f3n del reborde garantiza la estanqueidad marginal y la suavidad superficial de la restauraci\u00f3n, reduce el tiempo de procesamiento manual posterior y mejora la calidad y la eficiencia de la restauraci\u00f3n.<\/span><\/p>","protected":false},"excerpt":{"rendered":"<p>AMD 500 milling bur covers the entire process of rough milling, fine milling and detail processing, and is suitable for a variety of restorative materials (such as zirconium, glass ceramics, PMMA and wax materials). Made of high-quality carbide or diamond coating, it can efficiently process high-hardness materials while ensuring the precise shaping of the restoration [&hellip;]<\/p>\n","protected":false},"featured_media":3489,"template":"","meta":{"_acf_changed":false},"product_brand":[],"product_cat":[44],"product_tag":[],"class_list":{"0":"post-3488","1":"product","2":"type-product","3":"status-publish","4":"has-post-thumbnail","6":"product_cat-ceramic-glass","8":"first","9":"instock","10":"shipping-taxable","11":"product-type-simple"},"acf":[],"_links":{"self":[{"href":"https:\/\/www.dentalxangtech.com\/es\/wp-json\/wp\/v2\/product\/3488","targetHints":{"allow":["GET"]}}],"collection":[{"href":"https:\/\/www.dentalxangtech.com\/es\/wp-json\/wp\/v2\/product"}],"about":[{"href":"https:\/\/www.dentalxangtech.com\/es\/wp-json\/wp\/v2\/types\/product"}],"wp:featuredmedia":[{"embeddable":true,"href":"https:\/\/www.dentalxangtech.com\/es\/wp-json\/wp\/v2\/media\/3489"}],"wp:attachment":[{"href":"https:\/\/www.dentalxangtech.com\/es\/wp-json\/wp\/v2\/media?parent=3488"}],"wp:term":[{"taxonomy":"product_brand","embeddable":true,"href":"https:\/\/www.dentalxangtech.com\/es\/wp-json\/wp\/v2\/product_brand?post=3488"},{"taxonomy":"product_cat","embeddable":true,"href":"https:\/\/www.dentalxangtech.com\/es\/wp-json\/wp\/v2\/product_cat?post=3488"},{"taxonomy":"product_tag","embeddable":true,"href":"https:\/\/www.dentalxangtech.com\/es\/wp-json\/wp\/v2\/product_tag?post=3488"}],"curies":[{"name":"WP","href":"https:\/\/api.w.org\/{rel}","templated":true}]}}