{"id":3499,"date":"2024-12-24T10:03:54","date_gmt":"2024-12-24T02:03:54","guid":{"rendered":"http\/\/www.dentalxangtech.com\/?post_type=product&#038;p=3499"},"modified":"2024-12-24T10:03:54","modified_gmt":"2024-12-24T02:03:54","slug":"s5-milling-bur","status":"publish","type":"product","link":"https:\/\/www.dentalxangtech.com\/es\/product\/s5-milling-bur\/","title":{"rendered":"Bur fresadora S5"},"content":{"rendered":"<p><span style=\"font-family: arial, helvetica, sans-serif; font-size: 14pt;\">La barra de fresado S5 es adecuada para el corte r\u00e1pido de materiales de duras medianas, proporcionando efectos de molienda fina y eliminaci\u00f3n con alta eficiencia.<\/span><\/p>\n<p><span style=\"font-family: arial, helvetica, sans-serif; font-size: 14pt;\">La burra de fresado S5 se utiliza principalmente para el molido dental, recorte y corte. Se utiliza ampliamente en la eliminaci\u00f3n de caries, formaci\u00f3n de cavidades, restauraciones de recorte y pulido. Sus diversas formas y dise\u00f1os lo hacen adecuado para el procesamiento de superficies dentales y operaciones m\u00e1s delicadas. Est\u00e1 hecho principalmente de acero de tungsteno o materiales de diamante con alta dureza y resistencia al desgaste. Su dise\u00f1o se centra en la eficiencia y seguridad del corte, centr\u00e1ndose en el corte r\u00e1pido y la baja generaci\u00f3n de calor en el tejido dental y los materiales restauradores. Sus caracter\u00edsticas de baja generaci\u00f3n de calor tambi\u00e9n pueden proteger eficazmente el tejido dental y mejorar la comodidad del paciente.<\/span><\/p>\n<p><span style=\"font-family: arial, helvetica, sans-serif; font-size: 14pt;\">Por lo general, es adecuado para turbinas de alta velocidad y dispositivos port\u00e1tiles dentales, lo que es conveniente para su uso flexible en la pr\u00e1ctica cl\u00ednica. Este tipo de bur tiene una alta eficiencia de corte y puede eliminar r\u00e1pidamente el tejido dental o los materiales restauradores.<\/span><\/p>","protected":false},"excerpt":{"rendered":"<p>The S5 milling bur is suitable for fast cutting of medium-hard materials, providing fine grinding and removal effects with high efficiency. The S5 milling bur is mainly used for dental grinding, trimming and cutting. It is widely used in removing caries, forming cavities, trimming restorations and polishing. Its various shapes and designs make it suitable [&hellip;]<\/p>\n","protected":false},"featured_media":3503,"template":"","meta":{"_acf_changed":false},"product_brand":[],"product_cat":[44],"product_tag":[],"class_list":{"0":"post-3499","1":"product","2":"type-product","3":"status-publish","4":"has-post-thumbnail","6":"product_cat-ceramic-glass","8":"first","9":"instock","10":"shipping-taxable","11":"product-type-simple"},"acf":[],"_links":{"self":[{"href":"https:\/\/www.dentalxangtech.com\/es\/wp-json\/wp\/v2\/product\/3499","targetHints":{"allow":["GET"]}}],"collection":[{"href":"https:\/\/www.dentalxangtech.com\/es\/wp-json\/wp\/v2\/product"}],"about":[{"href":"https:\/\/www.dentalxangtech.com\/es\/wp-json\/wp\/v2\/types\/product"}],"wp:featuredmedia":[{"embeddable":true,"href":"https:\/\/www.dentalxangtech.com\/es\/wp-json\/wp\/v2\/media\/3503"}],"wp:attachment":[{"href":"https:\/\/www.dentalxangtech.com\/es\/wp-json\/wp\/v2\/media?parent=3499"}],"wp:term":[{"taxonomy":"product_brand","embeddable":true,"href":"https:\/\/www.dentalxangtech.com\/es\/wp-json\/wp\/v2\/product_brand?post=3499"},{"taxonomy":"product_cat","embeddable":true,"href":"https:\/\/www.dentalxangtech.com\/es\/wp-json\/wp\/v2\/product_cat?post=3499"},{"taxonomy":"product_tag","embeddable":true,"href":"https:\/\/www.dentalxangtech.com\/es\/wp-json\/wp\/v2\/product_tag?post=3499"}],"curies":[{"name":"WP","href":"https:\/\/api.w.org\/{rel}","templated":true}]}}