{"id":3517,"date":"2024-12-25T10:36:19","date_gmt":"2024-12-25T02:36:19","guid":{"rendered":"http\/\/www.dentalxangtech.com\/?post_type=product&#038;p=3517"},"modified":"2024-12-25T10:36:19","modified_gmt":"2024-12-25T02:36:19","slug":"bilayer-pmma-disc","status":"publish","type":"product","link":"https:\/\/www.dentalxangtech.com\/es\/product\/bilayer-pmma-disc\/","title":{"rendered":"Disco PMMA de dos capas"},"content":{"rendered":"<p><span style=\"font-family: arial, helvetica, sans-serif; font-size: 14pt;\">Los bloques de pmma de dos capas de XANGTECH proporcionan una variedad de opciones de grosor de acuerdo con diferentes usos, que van desde 10 mm a 25 mm, y se pueden personalizar a 30 mm. El espesor de 95 mm y 98 mm proporcionado es la especificaci\u00f3n est\u00e1ndar para la mayor\u00eda de los equipos CAD \/ CAM dentales.<\/span><\/p>\n<p><span style=\"font-family: arial, helvetica, sans-serif; font-size: 14pt;\">Los discos de PMMA de dos capas son ampliamente utilizados en restauraciones dentales debido a su dise\u00f1o \u00fanico de dos capas. Esta estructura en capas, que t\u00edpicamente combina un n\u00facleo de color dentino y una capa externa transl\u00facida similar al esmalte, permite que las restauraciones imiten estrechamente la apariencia natural de los dientes. La suave transici\u00f3n de color mejora los resultados est\u00e9ticos, lo que los hace ideales para restauraciones anteriores y posteriores.<\/span><\/p>\n<p><span style=\"font-family: arial, helvetica, sans-serif; font-size: 14pt;\">Una de las principales ventajas de los discos de PMMA de dos capas es su excelente maquinabilidad. Son compatibles con sistemas CAD\/CAM, lo que permite el fresado preciso y eficiente de pr\u00f3tesis dentales. El material es ligero, duradero y ofrece una resistencia al desgaste superior, lo que garantiza la longevidad funcional y la comodidad para los pacientes. Su biocompatibilidad y facilidad de pulido garantizan un acabado seguro y natural, lo que los convierte en una opci\u00f3n popular para restauraciones dentales temporales y a largo plazo.<\/span><\/p>","protected":false},"excerpt":{"rendered":"<p>XANGTECH bilayer pmma blocks provide a variety of thickness options according to different uses, ranging from 10mm to 25mm, and can be customized to 30mm. The thickness of 95mm and 98mm provided is the standard specification for most dental CAD\/CAM equipment. Bilayer PMMA discs are widely used in dental restorations due to their unique two-layer [&hellip;]<\/p>\n","protected":false},"featured_media":3518,"template":"","meta":{"_acf_changed":false},"product_brand":[],"product_cat":[49],"product_tag":[],"class_list":{"0":"post-3517","1":"product","2":"type-product","3":"status-publish","4":"has-post-thumbnail","6":"product_cat-pmma-block","8":"first","9":"instock","10":"shipping-taxable","11":"product-type-simple"},"acf":[],"_links":{"self":[{"href":"https:\/\/www.dentalxangtech.com\/es\/wp-json\/wp\/v2\/product\/3517","targetHints":{"allow":["GET"]}}],"collection":[{"href":"https:\/\/www.dentalxangtech.com\/es\/wp-json\/wp\/v2\/product"}],"about":[{"href":"https:\/\/www.dentalxangtech.com\/es\/wp-json\/wp\/v2\/types\/product"}],"wp:featuredmedia":[{"embeddable":true,"href":"https:\/\/www.dentalxangtech.com\/es\/wp-json\/wp\/v2\/media\/3518"}],"wp:attachment":[{"href":"https:\/\/www.dentalxangtech.com\/es\/wp-json\/wp\/v2\/media?parent=3517"}],"wp:term":[{"taxonomy":"product_brand","embeddable":true,"href":"https:\/\/www.dentalxangtech.com\/es\/wp-json\/wp\/v2\/product_brand?post=3517"},{"taxonomy":"product_cat","embeddable":true,"href":"https:\/\/www.dentalxangtech.com\/es\/wp-json\/wp\/v2\/product_cat?post=3517"},{"taxonomy":"product_tag","embeddable":true,"href":"https:\/\/www.dentalxangtech.com\/es\/wp-json\/wp\/v2\/product_tag?post=3517"}],"curies":[{"name":"WP","href":"https:\/\/api.w.org\/{rel}","templated":true}]}}