{"id":3536,"date":"2024-12-26T15:41:42","date_gmt":"2024-12-26T07:41:42","guid":{"rendered":"http\/\/www.dentalxangtech.com\/?post_type=product&#038;p=3536"},"modified":"2024-12-26T15:41:42","modified_gmt":"2024-12-26T07:41:42","slug":"3st-pink-pmma-disc","status":"publish","type":"product","link":"https:\/\/www.dentalxangtech.com\/es\/product\/3st-pink-pmma-disc\/","title":{"rendered":"Disco PMMA rosa 3ST"},"content":{"rendered":"<p><span style=\"font-family: arial, helvetica, sans-serif; font-size: 14pt;\">XANGTECH 3rd Pink PMMA Disc with Veins es un material especializado en metacrilato de polimetilo rosado (PMMA) dise\u00f1ado para restauraciones dentales. Su caracter\u00edstica \u00fanica radica en los realistas patrones en forma de vena, que imitan estrechamente la apariencia natural del tejido gingival. Proporciona un efecto est\u00e9tico m\u00e1s realista en la restauraci\u00f3n y es adecuado para la producci\u00f3n de coronas temporales, puentes y bases de pr\u00f3tesis dentales.<\/span><\/p>\n<p><span style=\"font-family: arial, helvetica, sans-serif; font-size: 14pt;\">Se puede cortar con precisi\u00f3n mediante el sistema CAD\/CAM, el patr\u00f3n de vena-vena se mantiene claro y presenta una textura natural despu\u00e9s del pulido. Adem\u00e1s, tiene buena biocompatibilidad, es seguro y no t\u00f3xico, y se puede usar en la boca durante mucho tiempo.<\/span><\/p>\n<p><span style=\"font-family: arial, helvetica, sans-serif; font-size: 14pt;\">3rd Pink PMMA Disc with Veins es ampliamente utilizado en restauraciones dentales de alta gama y producci\u00f3n de pr\u00f3tesis dentales, especialmente en escenarios que requieren una alta simulaci\u00f3n. Su delicada textura vascular no solo mejora la belleza, sino que tambi\u00e9n satisface a los pacientes. necesita una apariencia personalizada y natural, lo que lo convierte en un material preferido para las restauraciones dentales modernas.<\/span><\/p>","protected":false},"excerpt":{"rendered":"<p>XANGTECH 3st Pink PMMA Disc with Veins is a specialized pink polymethyl methacrylate (PMMA) material designed for dental restorations. Its unique feature lies in the realistic vein-like patterns, which closely mimic the natural appearance of gingival tissue. It provides a more realistic aesthetic effect in the restoration and is suitable for the production of temporary [&hellip;]<\/p>\n","protected":false},"featured_media":3537,"template":"","meta":{"_acf_changed":false},"product_brand":[],"product_cat":[49],"product_tag":[],"class_list":{"0":"post-3536","1":"product","2":"type-product","3":"status-publish","4":"has-post-thumbnail","6":"product_cat-pmma-block","8":"first","9":"instock","10":"shipping-taxable","11":"product-type-simple"},"acf":[],"_links":{"self":[{"href":"https:\/\/www.dentalxangtech.com\/es\/wp-json\/wp\/v2\/product\/3536","targetHints":{"allow":["GET"]}}],"collection":[{"href":"https:\/\/www.dentalxangtech.com\/es\/wp-json\/wp\/v2\/product"}],"about":[{"href":"https:\/\/www.dentalxangtech.com\/es\/wp-json\/wp\/v2\/types\/product"}],"wp:featuredmedia":[{"embeddable":true,"href":"https:\/\/www.dentalxangtech.com\/es\/wp-json\/wp\/v2\/media\/3537"}],"wp:attachment":[{"href":"https:\/\/www.dentalxangtech.com\/es\/wp-json\/wp\/v2\/media?parent=3536"}],"wp:term":[{"taxonomy":"product_brand","embeddable":true,"href":"https:\/\/www.dentalxangtech.com\/es\/wp-json\/wp\/v2\/product_brand?post=3536"},{"taxonomy":"product_cat","embeddable":true,"href":"https:\/\/www.dentalxangtech.com\/es\/wp-json\/wp\/v2\/product_cat?post=3536"},{"taxonomy":"product_tag","embeddable":true,"href":"https:\/\/www.dentalxangtech.com\/es\/wp-json\/wp\/v2\/product_tag?post=3536"}],"curies":[{"name":"WP","href":"https:\/\/api.w.org\/{rel}","templated":true}]}}