{"id":3543,"date":"2024-12-26T16:39:47","date_gmt":"2024-12-26T08:39:47","guid":{"rendered":"http\/\/www.dentalxangtech.com\/?post_type=product&#038;p=3543"},"modified":"2024-12-26T16:39:47","modified_gmt":"2024-12-26T08:39:47","slug":"super-hard-pmma-block","status":"publish","type":"product","link":"https:\/\/www.dentalxangtech.com\/es\/product\/super-hard-pmma-block\/","title":{"rendered":"Bloque PMMA s\u00faper duro"},"content":{"rendered":"<p>XANGTECH Super Hard PMMA Block representa el pin\u00e1culo de la innovaci\u00f3n en materiales de restauraci\u00f3n dental, ofreciendo una resistencia, fiabilidad y versatilidad sin igual. Dise\u00f1ado espec\u00edficamente para procedimientos dentales exigentes, est\u00e1 dise\u00f1ado para soportar los rigores del uso diario manteniendo su integridad y calidad est\u00e9tica. Con su excepcional resistencia a las astilladuras, grietas y desgaste, este bloque PMMA garantiza una durabilidad a largo plazo, lo que lo convierte en una opci\u00f3n ideal para crear restauraciones en las que los pacientes pueden confiar durante a\u00f1os. Una de las caracter\u00edsticas destacadas del Bloque PMMA Super Hard de XANGTECH es su capacidad para agilizar los flujos de trabajo en laboratorios y cl\u00ednicas dentales. Al reducir significativamente el tiempo de mecanizado, permite a los profesionales dentales completar sus tareas de manera m\u00e1s eficiente, manteniendo los m\u00e1s altos est\u00e1ndares de precisi\u00f3n. Esta eficiencia no viene a expensas de la calidad: su composici\u00f3n avanzada garantiza que cada corte, contorno y acabado se ejecuten con una precisi\u00f3n notable. Esto lo convierte en un activo valioso para los t\u00e9cnicos dentales que buscan mejorar la productividad sin comprometer la calidad de su trabajo.<\/p>\n<p>La versatilidad de XANGTECH Super Hard PMMA Block lo diferencia de otros materiales. Es adecuado para una amplia gama de dise\u00f1os de restauraci\u00f3n, desde coronas y puentes de una sola unidad hasta pr\u00f3tesis dentales m\u00e1s complejas. Su adaptabilidad le permite atender a las necesidades espec\u00edficas de cada paciente, asegurando que las restauraciones se ajusten a la perfecci\u00f3n y se ejecuten a la perfecci\u00f3n. Ya sea que se utilice en casos sencillos o dise\u00f1os complejos, este bloque PMMA ofrece resultados consistentes que cumplen y superan las expectativas. M\u00e1s all\u00e1 de sus ventajas funcionales, el Bloque XANGTECH Super Hard PMMA est\u00e1 dise\u00f1ado para ayudar a los profesionales dentales a lograr la excelencia est\u00e9tica. Su material de alto rendimiento proporciona una base fiable para restauraciones que no solo son duraderas sino tambi\u00e9n visualmente atractivas. Los pacientes se benefician de restauraciones que se mezclan perfectamente con sus dientes naturales, ofreciendo un equilibrio armonioso de fuerza y belleza. Elegir el Bloque XANGTECH Super Hard PMMA significa invertir en un material que eleve el nivel de atenci\u00f3n dental. Empodera a los t\u00e9cnicos y cl\u00ednicos dentales a trabajar con confianza, sabiendo que tienen un producto que apoya tanto la eficiencia como la excelencia. Con su durabilidad, fiabilidad y adaptabilidad, el Bloque PMMA Super Duro XANGTECH es la soluci\u00f3n definitiva para crear restauraciones de alta calidad y duraderas que mejoran la satisfacci\u00f3n del paciente y establecen un nuevo punto de referencia en la industria dental.<\/p>\n<p>En el mundo de las restauraciones dentales, el material elegido puede marcar toda la diferencia en el logro de la excelencia tanto funcional como est\u00e9tica. Entre la amplia variedad de materiales disponibles, XANGTECH Super Hard PMMA Block destaca como la mejor opci\u00f3n para los profesionales dentales que buscan durabilidad, eficiencia y versatilidad en su trabajo.<br \/>\nLo que diferencia a este bloque de PMMA es su capacidad para ofrecer una excepcional resistencia a las astilladuras, grietas y desgaste, lo que lo convierte en una opci\u00f3n ideal para restauraciones dentales de larga duraci\u00f3n. Los pacientes pueden confiar en la fuerza y estabilidad de estas restauraciones, incluso bajo estr\u00e9s significativo, asegurando que mantengan su integridad con el tiempo. Esta durabilidad es particularmente valiosa en un campo donde la longevidad y el rendimiento de una restauraci\u00f3n son clave para la satisfacci\u00f3n del paciente. M\u00e1s all\u00e1 de su impresionante durabilidad, XANGTECH Super Hard PMMA Block mejora significativamente la eficiencia del flujo de trabajo. Dise\u00f1ado para reducir el tiempo de mecanizado sin comprometer la precisi\u00f3n, permite a los t\u00e9cnicos dentales completar restauraciones m\u00e1s r\u00e1pidamente, lo que a su vez reduce los tiempos de entrega para los pacientes. Esta caracter\u00edstica de ahorro de tiempo es especialmente crucial en laboratorios y cl\u00ednicas dentales ocupados, donde una producci\u00f3n m\u00e1s r\u00e1pida es esencial para satisfacer las demandas de los pacientes mientras se mantienen altos est\u00e1ndares de calidad.<\/p>","protected":false},"excerpt":{"rendered":"<p>XANGTECH Super Hard PMMA Block represents the pinnacle of innovation in dental restorative materials, offering unmatched strength, reliability, and versatility. Specifically designed for demanding dental procedures, it is engineered to withstand the rigors of daily use while maintaining its integrity and aesthetic quality. With its exceptional resistance to chipping, cracking, and wear, this PMMA block [&hellip;]<\/p>\n","protected":false},"featured_media":3545,"template":"","meta":{"_acf_changed":false},"product_brand":[],"product_cat":[49],"product_tag":[],"class_list":{"0":"post-3543","1":"product","2":"type-product","3":"status-publish","4":"has-post-thumbnail","6":"product_cat-pmma-block","8":"first","9":"instock","10":"shipping-taxable","11":"product-type-simple"},"acf":[],"_links":{"self":[{"href":"https:\/\/www.dentalxangtech.com\/es\/wp-json\/wp\/v2\/product\/3543","targetHints":{"allow":["GET"]}}],"collection":[{"href":"https:\/\/www.dentalxangtech.com\/es\/wp-json\/wp\/v2\/product"}],"about":[{"href":"https:\/\/www.dentalxangtech.com\/es\/wp-json\/wp\/v2\/types\/product"}],"wp:featuredmedia":[{"embeddable":true,"href":"https:\/\/www.dentalxangtech.com\/es\/wp-json\/wp\/v2\/media\/3545"}],"wp:attachment":[{"href":"https:\/\/www.dentalxangtech.com\/es\/wp-json\/wp\/v2\/media?parent=3543"}],"wp:term":[{"taxonomy":"product_brand","embeddable":true,"href":"https:\/\/www.dentalxangtech.com\/es\/wp-json\/wp\/v2\/product_brand?post=3543"},{"taxonomy":"product_cat","embeddable":true,"href":"https:\/\/www.dentalxangtech.com\/es\/wp-json\/wp\/v2\/product_cat?post=3543"},{"taxonomy":"product_tag","embeddable":true,"href":"https:\/\/www.dentalxangtech.com\/es\/wp-json\/wp\/v2\/product_tag?post=3543"}],"curies":[{"name":"WP","href":"https:\/\/api.w.org\/{rel}","templated":true}]}}