{"id":3957,"date":"2025-07-04T11:28:24","date_gmt":"2025-07-04T03:28:24","guid":{"rendered":"http\/\/www.dentalxangtech.com\/?post_type=product&#038;p=3957"},"modified":"2025-07-04T11:28:25","modified_gmt":"2025-07-04T03:28:25","slug":"4d-pro-aesthetics-multilayer-zirconia-block","status":"publish","type":"product","link":"https:\/\/www.dentalxangtech.com\/es\/product\/4d-pro-aesthetics-multilayer-zirconia-block\/","title":{"rendered":"Bloque de zirconia multicapa de est\u00e9tica 4D Pro"},"content":{"rendered":"<p>El bloque de zirconia multicapa est\u00e9tico XANGTECH 4D Pro es un material innovador desarrollado espec\u00edficamente para necesidades de restauraci\u00f3n est\u00e9tica de gama alta. Integra logros de investigaci\u00f3n cient\u00edfica avanzada y procesos de ingenier\u00eda de precisi\u00f3n, rompiendo de manera integral las limitaciones est\u00e9ticas y de rendimiento de los materiales tradicionales de zirconia. Adopta un dise\u00f1o \u00fanico de apilamiento de 5 capas, que reproduce con precisi\u00f3n las caracter\u00edsticas \u00f3pticas de los dientes naturales desde el extremo de corte hasta el cuello a trav\u00e9s de un gradiente de transmitancia de luz del 49% al 59% del cuello, logrando un efecto de gradiente m\u00e1s natural y tridimensional. Esto permite que la restauraci\u00f3n presente un sentido v\u00edvido de jerarqu\u00eda y brillo transparente similar a los dientes reales en diferentes condiciones de iluminaci\u00f3n y entornos orales. Al mismo tiempo, su innovadora estructura de gradiente de 9 capas optimiza a\u00fan m\u00e1s la riqueza y profundidad de los colores internos, aportando una alta transparencia y sensaci\u00f3n de luz suave similar al esmalte de porcelana, lo que permite que la restauraci\u00f3n alcance un nivel m\u00e1s alto de est\u00e9tica, fusi\u00f3n y ocultaci\u00f3n, que se adapta perfectamente al paciente; El color de los dientes es individual, dando a la restauraci\u00f3n un efecto altamente biom\u00edmico, casi indistinguible del l\u00edmite entre los dientes naturales. A diferencia de los materiales tradicionales que requieren te\u00f1ido m\u00faltiple o coloraci\u00f3n superficial, puede presentar directamente una expresi\u00f3n de color estable y natural sin te\u00f1ido adicional. Esto no solo reduce en gran medida el riesgo de diferencia de color e incertidumbre causada por el proceso de te\u00f1ido, sino que tambi\u00e9n mejora efectivamente la simplicidad y la eficiencia cl\u00ednica de la operaci\u00f3n t\u00e9cnica, ayudando a los m\u00e9dicos a lograr el efecto est\u00e9tico esperado de manera m\u00e1s f\u00e1cil y precisa, garantizando la estabilidad del color a largo plazo y la durabilidad de la restauraci\u00f3n.<br \/>\nVale la pena mencionar que, aunque enfatiza el rendimiento est\u00e9tico, este material todav\u00eda mantiene una excelente resistencia mec\u00e1nica, que puede hacer frente f\u00e1cilmente a complejas necesidades funcionales orales y cargas de mordeduras a largo plazo. Ya se trate de chapas dentales delanteras, restauraciones de corona completa o restauraciones de dientes posteriores parciales que requieren una mayor resistencia y durabilidad, puede proporcionar a los pacientes una experiencia de usuario segura, confiable y c\u00f3moda. Con su excelente rendimiento \u00f3ptico, ventaja del proceso de no tinci\u00f3n, excelente rendimiento mec\u00e1nico y b\u00fasqueda definitiva de detalles, no solo es un material, sino que tambi\u00e9n representa un respeto y reproducci\u00f3n de la est\u00e9tica natural, una protecci\u00f3n y compromiso con los pacientes. sonrisas confiadas. Ayuda a los m\u00e9dicos a lograr planes de restauraci\u00f3n complejos de manera m\u00e1s eficiente y precisa, reduciendo la presi\u00f3n operativa, al tiempo que dota a los pacientes de una belleza dental natural y garant\u00eda funcional duradera, haciendo de cada restauraci\u00f3n un testigo de la combinaci\u00f3n perfecta de belleza natural y poder cient\u00edfico.<\/p>\n<div style=\"width: 800px;\" class=\"wp-video\"><video class=\"wp-video-shortcode\" id=\"video-3957-1\" width=\"800\" height=\"450\" preload=\"metadata\" controls=\"controls\"><source type=\"video\/mp4\" src=\"http:\/\/http\/\/www.dentalxangtech.com\/wp-content\/uploads\/2025\/07\/4D-Pro\u7f8e\u5b66\u9506\u5feb2025V1.mp4?_=1\" \/><a href=\"http:\/\/http\/\/www.dentalxangtech.com\/wp-content\/uploads\/2025\/07\/4D-Pro\u7f8e\u5b66\u9506\u5feb2025V1.mp4\">http:\/\/http\/\/www.dentalxangtech.com\/wp-content\/uploads\/2025\/07\/4D-Pro\u7f8e\u5b66\u9506\u5feb2025V1.mp4<\/a><\/video><\/div>","protected":false},"excerpt":{"rendered":"<p>XANGTECH 4D Pro aesthetic multilayer zirconia block is an innovative material developed specifically for high-end aesthetic restoration needs. It integrates advanced scientific research achievements and precision engineering processes, comprehensively breaking through the aesthetic and performance limitations of traditional zirconia materials. It adopts a unique 5-layer stacking design, which accurately reproduces the optical characteristics of natural [&hellip;]<\/p>\n","protected":false},"featured_media":3962,"template":"","meta":{"_acf_changed":false},"product_brand":[],"product_cat":[51],"product_tag":[],"class_list":{"0":"post-3957","1":"product","2":"type-product","3":"status-publish","4":"has-post-thumbnail","6":"product_cat-multilayer-zirconia-blcok","8":"first","9":"instock","10":"shipping-taxable","11":"product-type-simple"},"acf":[],"_links":{"self":[{"href":"https:\/\/www.dentalxangtech.com\/es\/wp-json\/wp\/v2\/product\/3957","targetHints":{"allow":["GET"]}}],"collection":[{"href":"https:\/\/www.dentalxangtech.com\/es\/wp-json\/wp\/v2\/product"}],"about":[{"href":"https:\/\/www.dentalxangtech.com\/es\/wp-json\/wp\/v2\/types\/product"}],"wp:featuredmedia":[{"embeddable":true,"href":"https:\/\/www.dentalxangtech.com\/es\/wp-json\/wp\/v2\/media\/3962"}],"wp:attachment":[{"href":"https:\/\/www.dentalxangtech.com\/es\/wp-json\/wp\/v2\/media?parent=3957"}],"wp:term":[{"taxonomy":"product_brand","embeddable":true,"href":"https:\/\/www.dentalxangtech.com\/es\/wp-json\/wp\/v2\/product_brand?post=3957"},{"taxonomy":"product_cat","embeddable":true,"href":"https:\/\/www.dentalxangtech.com\/es\/wp-json\/wp\/v2\/product_cat?post=3957"},{"taxonomy":"product_tag","embeddable":true,"href":"https:\/\/www.dentalxangtech.com\/es\/wp-json\/wp\/v2\/product_tag?post=3957"}],"curies":[{"name":"WP","href":"https:\/\/api.w.org\/{rel}","templated":true}]}}