{"id":3981,"date":"2025-07-10T17:41:01","date_gmt":"2025-07-10T09:41:01","guid":{"rendered":"http\/\/www.dentalxangtech.com\/?post_type=product&#038;p=3981"},"modified":"2025-07-10T17:41:01","modified_gmt":"2025-07-10T09:41:01","slug":"super-high-translucent-3d-multilayer-zirconia-block","status":"publish","type":"product","link":"https:\/\/www.dentalxangtech.com\/es\/product\/super-high-translucent-3d-multilayer-zirconia-block\/","title":{"rendered":"Bloque de zirconia multicapa 3D transl\u00facido s\u00faper alto"},"content":{"rendered":"<p>El bloque de zirconia multicapa XANGTECH SHT 3D es un material dental innovador para la restauraci\u00f3n est\u00e9tica de alta gama, dise\u00f1ado para las necesidades cl\u00ednicas que buscan la m\u00e1xima belleza natural y un excelente rendimiento. Adopta tecnolog\u00eda avanzada de gradiente de pre-te\u00f1ido de siete capas y proceso de superposici\u00f3n de cuatro capas para controlar con precisi\u00f3n la distribuci\u00f3n del color y la transmitancia, presentando una transici\u00f3n de color natural del 47% en el extremo incisal al 44% en el cuello, restaurando el color fisiol\u00f3gico y las capas ricas de dientes naturales en la mayor medida posible, y logrando un efecto est\u00e9tico altamente transparente y realista. El producto no requiere te\u00f1ido adicional y se puede reparar en una sola etapa, lo que simplifica significativamente el t\u00e9cnico&#8217; proceso de operaci\u00f3n y mejora la eficiencia del trabajo. Al mismo tiempo, reduce el riesgo de diferencia de color causada por la tinci\u00f3n artificial, haciendo que el proceso de reparaci\u00f3n sea m\u00e1s eficiente y seguro.<\/p>\n<p>En t\u00e9rminos de propiedades mec\u00e1nicas, presenta una resistencia a la flexi\u00f3n de hasta 800MPa y una excelente tenacidad, cumpliendo los estrictos requisitos de varias restauraciones complejas para la resistencia y el soporte, y teniendo en cuenta la durabilidad y la seguridad. Su excelente resistencia a grietas y estabilidad a largo plazo lo hacen ampliamente aplicable a una variedad de soluciones de restauraci\u00f3n cl\u00ednica como coronas individuales, chapas, incrustaciones, coronas completas y puentes multidentales, garantizando plenamente la experiencia de uso a largo plazo de la restauraci\u00f3n. El material&#8217; Su dise\u00f1o de dureza optimizado reduce efectivamente el desgaste y el estr\u00e9s oclusivo de los dientes contralaterales, protege la estructura dental natural y mejora a\u00fan m\u00e1s la comodidad y la funcionalidad del uso.<\/p>\n<p>Adem\u00e1s, tiene excelente biocompatibilidad, puede adaptarse bien al entorno oral, reducir la estimulaci\u00f3n y la respuesta inflamatoria a los tejidos blandos, proteger de manera integral al paciente. salud oral, y mejorar la experiencia de restauraci\u00f3n general y la satisfacci\u00f3n. Su superficie es densa y lisa, con excelente anticontaminaci\u00f3n y resistencia a la corrosi\u00f3n qu\u00edmica, evitando efectivamente la deposici\u00f3n de pigmentos y la estimulaci\u00f3n externa, manteniendo el color y el brillo naturales durante mucho tiempo y reduciendo la dificultad de limpieza y mantenimiento diarios. La excelente adaptabilidad de los bordes y el sellado preciso de los bordes aseguran que la restauraci\u00f3n encaje bien con el diente, reduciendo el riesgo de caries secundaria y fugas de bordes, y mejorando de manera integral la calidad de la restauraci\u00f3n y la seguridad oral.<\/p>\n<div style=\"width: 800px;\" class=\"wp-video\"><video class=\"wp-video-shortcode\" id=\"video-3981-1\" width=\"800\" height=\"450\" preload=\"metadata\" controls=\"controls\"><source type=\"video\/mp4\" src=\"http:\/\/http\/\/www.dentalxangtech.com\/wp-content\/uploads\/2025\/07\/SHT-3D-ML.mp4?_=1\" \/><a href=\"http:\/\/http\/\/www.dentalxangtech.com\/wp-content\/uploads\/2025\/07\/SHT-3D-ML.mp4\">http:\/\/http\/\/www.dentalxangtech.com\/wp-content\/uploads\/2025\/07\/SHT-3D-ML.mp4<\/a><\/video><\/div>","protected":false},"excerpt":{"rendered":"<p>XANGTECH SHT 3D multilayer zirconia block is an innovative dental material for high-end aesthetic restoration, designed for clinical needs that pursue the ultimate natural beauty and excellent performance. It adopts advanced seven-layer pre-dyeing gradient technology and four-layer superposition process to accurately control color distribution and transmittance, presenting a natural color transition from 47% at the [&hellip;]<\/p>\n","protected":false},"featured_media":3983,"template":"","meta":{"_acf_changed":false},"product_brand":[],"product_cat":[43],"product_tag":[],"class_list":{"0":"post-3981","1":"product","2":"type-product","3":"status-publish","4":"has-post-thumbnail","6":"product_cat-zirconia-block","8":"first","9":"instock","10":"shipping-taxable","11":"product-type-simple"},"acf":[],"_links":{"self":[{"href":"https:\/\/www.dentalxangtech.com\/es\/wp-json\/wp\/v2\/product\/3981","targetHints":{"allow":["GET"]}}],"collection":[{"href":"https:\/\/www.dentalxangtech.com\/es\/wp-json\/wp\/v2\/product"}],"about":[{"href":"https:\/\/www.dentalxangtech.com\/es\/wp-json\/wp\/v2\/types\/product"}],"wp:featuredmedia":[{"embeddable":true,"href":"https:\/\/www.dentalxangtech.com\/es\/wp-json\/wp\/v2\/media\/3983"}],"wp:attachment":[{"href":"https:\/\/www.dentalxangtech.com\/es\/wp-json\/wp\/v2\/media?parent=3981"}],"wp:term":[{"taxonomy":"product_brand","embeddable":true,"href":"https:\/\/www.dentalxangtech.com\/es\/wp-json\/wp\/v2\/product_brand?post=3981"},{"taxonomy":"product_cat","embeddable":true,"href":"https:\/\/www.dentalxangtech.com\/es\/wp-json\/wp\/v2\/product_cat?post=3981"},{"taxonomy":"product_tag","embeddable":true,"href":"https:\/\/www.dentalxangtech.com\/es\/wp-json\/wp\/v2\/product_tag?post=3981"}],"curies":[{"name":"WP","href":"https:\/\/api.w.org\/{rel}","templated":true}]}}