{"id":4008,"date":"2025-07-17T17:40:06","date_gmt":"2025-07-17T09:40:06","guid":{"rendered":"https:\/\/www.dentalxangtech.com\/?post_type=product&#038;p=4008"},"modified":"2025-09-11T11:25:05","modified_gmt":"2025-09-11T03:25:05","slug":"rx-8h-metal-milling-machine","status":"publish","type":"product","link":"https:\/\/www.dentalxangtech.com\/es\/product\/rx-8h-metal-milling-machine\/","title":{"rendered":"M\u00e1quina de fresado de metal RX-8H"},"content":{"rendered":"<p><span style=\"font-size: 14pt;\">La fresadora de metal XANGTECH RX-8H es una soluci\u00f3n dental inteligente dise\u00f1ada espec\u00edficamente para el mecanizado dental de precisi\u00f3n. No solo cuenta con un dise\u00f1o vertical, c\u00f3modo e integrado, sino que para garantizar la precisi\u00f3n y la estabilidad a largo plazo desde el principio, nuestra fresadora RX-8H utiliza componentes internacionales de primer nivel en su estructura mec\u00e1nica central y componentes de control. Dentro de la fresadora, nosotros&#8217; Lo hemos equipado con un sistema de control inteligente personalizado y de alta computaci\u00f3n. Combinado con su procesamiento de datos de alta velocidad, control de precisi\u00f3n a nivel de micr\u00f3n y capacidades de toma de decisiones adaptativas, puede satisfacer los requisitos de mecanizado personalizados basados en las caracter\u00edsticas de materiales dentales como el titanio. Adem\u00e1s, genera autom\u00e1ticamente par\u00e1metros de mecanizado \u00f3ptimos e incorpora un sistema de protecci\u00f3n inteligente de m\u00faltiples capas (incluyendo protecci\u00f3n contra sobrecargas, monitoreo de temperatura en tiempo real y advertencias de mecanizado anormales) para proteger de manera integral el funcionamiento de la m\u00e1quina y la seguridad del mecanizado.<\/span><\/p>\n<p><span style=\"font-size: 14pt;\">Al reducir la complejidad operativa y aumentar el nivel de automatizaci\u00f3n del proceso de mecanizado, la fresadora dental RX-8H puede lograr un funcionamiento totalmente sin tripulaci\u00f3n. La fresadora dental XANGTECH RX-8H no solo est\u00e1 equipada con un magaz\u00edn inteligente de 21 herramientas de gran capacidad, sino que tambi\u00e9n permite un inicio con un solo bot\u00f3n para activar todo el proceso de mecanizado. La fresadora de metal RX-8H incluso realiza autom\u00e1ticamente cambios de herramienta, detecci\u00f3n precisa de la longitud de la herramienta y correcci\u00f3n din\u00e1mica de la postura de la herramienta, minimizando el tiempo de trabajo auxiliar y mejorando la eficiencia del procesamiento por lotes. Nuestra m\u00e1quina de fresado de metal&#8217; El husillo de precisi\u00f3n de ultra alta velocidad, con una velocidad m\u00e1xima de 60.000 rpm, combina una potente potencia de corte con estabilidad operativa a nivel de micr\u00f3n. Esto le permite cortar f\u00e1cilmente y eficientemente materiales dentales de alta dureza como discos de titanio mientras mantiene el acabado superficial y la precisi\u00f3n dimensional de productos como coronas y pilares. Para satisfacer las diversas necesidades de los escenarios de procesamiento dental, la fresadora dental de metal RX-8H tiene una adaptabilidad altamente flexible: puede personalizar y combinar estrategias de procesamiento exclusivas de acuerdo con las caracter\u00edsticas de diferentes materiales dentales, como titanio puro, aleaci\u00f3n de titanio, lingote de diamante, resina <span style=\"color: #00ccff;\"><a style=\"color: #00ccff;\" href=\"https:\/\/www.dentalxangtech.com\/es\/product-category\/dental-material\/dental-wax-block\/\">bloques de cera<\/a><\/span>, <span style=\"color: #00ccff;\"><a style=\"color: #00ccff;\" href=\"https:\/\/www.dentalxangtech.com\/es\/product-category\/dental-material\/lithium-disilicate\/\">vidrio cer\u00e1mica<\/a><\/span>, pilares prefabricados y pilares personalizados. La m\u00e1quina de fresado de metal XANGTECH detnal RX-8H tambi\u00e9n puede cubrir completamente las necesidades de producci\u00f3n personalizadas de diferentes usuarios, como cl\u00ednicas dentales y f\u00e1bricas de procesamiento de pr\u00f3tesis dentales, de acuerdo con diferentes tipos de coronas, como coronas completas, puentes y pilares de implantes, proporcionando soporte de equipo dental central que combina precisi\u00f3n, eficiencia y flexibilidad para la fabricaci\u00f3n dental de gama alta.<\/span><\/p>\n<p><strong><span style=\"font-size: 18pt;\">1. Equipo de corte de metal eficiente y estable.<\/span><\/strong><\/p>\n<p><strong><span style=\"font-size: 18pt;\">2. magaz\u00edn de herramientas de 21 pulgadas con cambio de herramientas autom\u00e1tico.<\/span><\/strong><\/p>\n<p><strong><span style=\"font-size: 18pt;\">3. \u00c1ngulos del eje B hasta 35\u00b0 y -91\u00b0.<\/span><\/strong><\/p>\n<p><strong><span style=\"font-size: 18pt;\">4. Detecci\u00f3n autom\u00e1tica de vida \u00fatil y desgaste de la herramienta.<\/span><\/strong><\/p>\n<p><strong><span style=\"font-size: 18pt;\">5. Calibraci\u00f3n autom\u00e1tica de un solo toque.<\/span><\/strong><\/p>\n<p><strong><span style=\"font-size: 18pt;\">6. Soluciones de procesamiento de abutment, barra de implante y puente de implante.<\/span><\/strong><\/p>\n<p>&nbsp;<\/p>\n<p><img fetchpriority=\"high\" decoding=\"async\" class=\"alignnone wp-image-4248\" src=\"https:\/\/www.dentalxangtech.com\/wp-content\/uploads\/2025\/07\/RX-8H-300x264.png\" alt=\"M\u00e1quina de fresado de metal RX-8H \" width=\"550\" height=\"485\" srcset=\"https:\/\/www.dentalxangtech.com\/wp-content\/uploads\/2025\/07\/RX-8H-300x264.png 300w, https:\/\/www.dentalxangtech.com\/wp-content\/uploads\/2025\/07\/RX-8H-14x12.png 14w, https:\/\/www.dentalxangtech.com\/wp-content\/uploads\/2025\/07\/RX-8H-600x529.png 600w, https:\/\/www.dentalxangtech.com\/wp-content\/uploads\/2025\/07\/RX-8H.png 692w\" sizes=\"(max-width: 550px) 100vw, 550px\" \/>\u00a0 \u00a0 \u00a0 \u00a0 \u00a0 \u00a0 \u00a0 \u00a0 \u00a0 \u00a0 \u00a0 \u00a0 <img decoding=\"async\" class=\"alignnone wp-image-4249\" src=\"https:\/\/www.dentalxangtech.com\/wp-content\/uploads\/2025\/07\/RX-8H-1-300x266.png\" alt=\"M\u00e1quina de fresado de metal RX-8H \" width=\"550\" height=\"488\" srcset=\"https:\/\/www.dentalxangtech.com\/wp-content\/uploads\/2025\/07\/RX-8H-1-300x266.png 300w, https:\/\/www.dentalxangtech.com\/wp-content\/uploads\/2025\/07\/RX-8H-1-14x12.png 14w, https:\/\/www.dentalxangtech.com\/wp-content\/uploads\/2025\/07\/RX-8H-1.png 531w\" sizes=\"(max-width: 550px) 100vw, 550px\" \/><\/p>\n<p>&nbsp;<\/p>","protected":false},"excerpt":{"rendered":"<p>XANGTECH RX-8H metal milling machine is an intelligent dental solution specifically designed for precision dental machining. Not only does it feature a vertical, comfortable, integrated design, but to guarantee precision and long-term stability from the ground up, our RX-8H milling machine utilizes top-tier international components in its core mechanical structure and control components. Within the [&hellip;]<\/p>\n","protected":false},"featured_media":4009,"template":"","meta":{"_acf_changed":false},"product_brand":[],"product_cat":[40],"product_tag":[],"class_list":{"0":"post-4008","1":"product","2":"type-product","3":"status-publish","4":"has-post-thumbnail","6":"product_cat-digital-equipments","8":"first","9":"instock","10":"shipping-taxable","11":"product-type-simple"},"acf":[],"_links":{"self":[{"href":"https:\/\/www.dentalxangtech.com\/es\/wp-json\/wp\/v2\/product\/4008","targetHints":{"allow":["GET"]}}],"collection":[{"href":"https:\/\/www.dentalxangtech.com\/es\/wp-json\/wp\/v2\/product"}],"about":[{"href":"https:\/\/www.dentalxangtech.com\/es\/wp-json\/wp\/v2\/types\/product"}],"wp:featuredmedia":[{"embeddable":true,"href":"https:\/\/www.dentalxangtech.com\/es\/wp-json\/wp\/v2\/media\/4009"}],"wp:attachment":[{"href":"https:\/\/www.dentalxangtech.com\/es\/wp-json\/wp\/v2\/media?parent=4008"}],"wp:term":[{"taxonomy":"product_brand","embeddable":true,"href":"https:\/\/www.dentalxangtech.com\/es\/wp-json\/wp\/v2\/product_brand?post=4008"},{"taxonomy":"product_cat","embeddable":true,"href":"https:\/\/www.dentalxangtech.com\/es\/wp-json\/wp\/v2\/product_cat?post=4008"},{"taxonomy":"product_tag","embeddable":true,"href":"https:\/\/www.dentalxangtech.com\/es\/wp-json\/wp\/v2\/product_tag?post=4008"}],"curies":[{"name":"WP","href":"https:\/\/api.w.org\/{rel}","templated":true}]}}