{"id":4157,"date":"2025-08-28T15:34:41","date_gmt":"2025-08-28T07:34:41","guid":{"rendered":"http\/\/www.dentalxangtech.com\/?post_type=product&#038;p=4157"},"modified":"2025-08-28T15:34:41","modified_gmt":"2025-08-28T07:34:41","slug":"pf1200d-porcelain-furnace","status":"publish","type":"product","link":"https:\/\/www.dentalxangtech.com\/es\/product\/pf1200d-porcelain-furnace\/","title":{"rendered":"PF1200D Horno de Porcelana"},"content":{"rendered":"<p>El horno de porcelana XANGTECH PF1200D es vers\u00e1til. Modo Bicurva, presentaci\u00f3n completa del proceso de cristalizaci\u00f3n. Los usuarios tambi\u00e9n pueden elegir el modo de curva \u00fanica o doble seg\u00fan sus propias necesidades dentales. En segundo lugar, la excelente funci\u00f3n de regulaci\u00f3n de temperatura autom\u00e1tica de nuestro horno de porcelana dental puede controlar la fluctuaci\u00f3n de temperatura dentro de 1 \u2103. Para la comodidad de operar el horno de porcelana, el horno de porcelana XANGTECH tiene una funci\u00f3n de calibraci\u00f3n autom\u00e1tica de temperatura, que puede calibrar la temperatura antes de cada uso. Estos controles de temperatura proporcionan un entorno de vac\u00edo estable para el horno de cer\u00e1mica. Durante la operaci\u00f3n, el horno de porcelana mostrar\u00e1 su funci\u00f3n de anuncio por voz para la confirmaci\u00f3n en tiempo real del proceso de operaci\u00f3n.<br \/>\nNuestro horno de porcelana puede almacenar hasta 50 programas, que son f\u00e1ciles de entender y se adaptan perfectamente a una amplia gama de necesidades dentales. Adem\u00e1s, no se requiere formaci\u00f3n dental complicada, lo que reduce la dificultad de operaci\u00f3n, ahorra tiempo de operaci\u00f3n y mejora la eficiencia del trabajo. En la pantalla t\u00e1ctil a color verdadera con la que la equipamos, la interfaz de operaci\u00f3n es muy sencilla e intuitiva. Lo m\u00e1s notable es que este horno de porcelana es de tama\u00f1o muy peque\u00f1o, lo que permite colocarlo y usarlo incluso en lugares de peque\u00f1o espacio como laboratorios dentales, peque\u00f1os estudios, cl\u00ednicas dentales, etc. Adem\u00e1s, lo hemos equipado con una bomba de vac\u00edo de peque\u00f1o tama\u00f1o que puede trabajar eficientemente con \u00e9l.<\/p>\n<div style=\"width: 800px;\" class=\"wp-video\"><video class=\"wp-video-shortcode\" id=\"video-4157-1\" width=\"800\" height=\"450\" preload=\"metadata\" controls=\"controls\"><source type=\"video\/mp4\" src=\"http:\/\/http\/\/www.dentalxangtech.com\/wp-content\/uploads\/2025\/08\/47.3MB.mp4?_=1\" \/><a href=\"http:\/\/http\/\/www.dentalxangtech.com\/wp-content\/uploads\/2025\/08\/47.3MB.mp4\">http:\/\/http\/\/www.dentalxangtech.com\/wp-content\/uploads\/2025\/08\/47.3MB.mp4<\/a><\/video><\/div>","protected":false},"excerpt":{"rendered":"<p>XANGTECH PF1200D porcelain furnace is versatile. Bicurve mode, complete presentation of the crystallization process. Users can also choose single curve or double curve mode according to their own dental needs. Secondly, the excellent auto-temperature regulation function of our dental porcelain furnace can control the temperature fluctuation within 1\u2103. For the convenience of operating the porcelain [&hellip;]<\/p>\n","protected":false},"featured_media":4165,"template":"","meta":{"_acf_changed":false},"product_brand":[],"product_cat":[66],"product_tag":[],"class_list":{"0":"post-4157","1":"product","2":"type-product","3":"status-publish","4":"has-post-thumbnail","6":"product_cat-glaze-paste","8":"first","9":"instock","10":"shipping-taxable","11":"product-type-simple"},"acf":[],"_links":{"self":[{"href":"https:\/\/www.dentalxangtech.com\/es\/wp-json\/wp\/v2\/product\/4157","targetHints":{"allow":["GET"]}}],"collection":[{"href":"https:\/\/www.dentalxangtech.com\/es\/wp-json\/wp\/v2\/product"}],"about":[{"href":"https:\/\/www.dentalxangtech.com\/es\/wp-json\/wp\/v2\/types\/product"}],"wp:featuredmedia":[{"embeddable":true,"href":"https:\/\/www.dentalxangtech.com\/es\/wp-json\/wp\/v2\/media\/4165"}],"wp:attachment":[{"href":"https:\/\/www.dentalxangtech.com\/es\/wp-json\/wp\/v2\/media?parent=4157"}],"wp:term":[{"taxonomy":"product_brand","embeddable":true,"href":"https:\/\/www.dentalxangtech.com\/es\/wp-json\/wp\/v2\/product_brand?post=4157"},{"taxonomy":"product_cat","embeddable":true,"href":"https:\/\/www.dentalxangtech.com\/es\/wp-json\/wp\/v2\/product_cat?post=4157"},{"taxonomy":"product_tag","embeddable":true,"href":"https:\/\/www.dentalxangtech.com\/es\/wp-json\/wp\/v2\/product_tag?post=4157"}],"curies":[{"name":"WP","href":"https:\/\/api.w.org\/{rel}","templated":true}]}}