{"id":4610,"date":"2026-01-16T16:09:16","date_gmt":"2026-01-16T08:09:16","guid":{"rendered":"https:\/\/www.dentalxangtech.com\/?post_type=product&#038;p=4610"},"modified":"2026-01-16T16:09:17","modified_gmt":"2026-01-16T08:09:17","slug":"xangtech-xt-60-dry%ef%bc%86wet-milling-machine","status":"publish","type":"product","link":"https:\/\/www.dentalxangtech.com\/es\/product\/xangtech-xt-60-dry%ef%bc%86wet-milling-machine\/","title":{"rendered":"XANGTECH XT-60 fresadora seca y h\u00fameda"},"content":{"rendered":"<p><span style=\"font-size: 14pt;\">XANGTECH XT-60 dental seco &amp; fresadora h\u00fameda es un instrumento dental integrado h\u00famedo y seco digital de gama alta dise\u00f1ado para el procesamiento moderno de restauraci\u00f3n dental. Su sistema inteligente de doble modo permite un cambio r\u00e1pido y estable entre fresado seco y h\u00famedo en la misma plataforma, adapt\u00e1ndose flexiblemente a diferentes materiales y requisitos de procesamiento. La m\u00e1quina puede procesar eficientemente varios materiales restauradores com\u00fanmente utilizados como zirconia, cer\u00e1mica de vidrio, PMMA y discos de titanio, y se utiliza ampliamente en la fabricaci\u00f3n de varias restauraciones, incluyendo coronas, puentes, incrustaciones y chapas, reduciendo efectivamente los costos de configuraci\u00f3n del equipo mientras mejora la cobertura de procesamiento. Nuestra fresadora dental XT-60 cuenta con un husillo de alta potencia de 2,5 kW, combinado con una estructura de cuerpo de m\u00e1quina de alta rigidez y un sistema de control de movimiento de alta precisi\u00f3n, manteniendo un rendimiento de procesamiento estable y fiable incluso bajo corte de alta velocidad y operaci\u00f3n continua a largo plazo, haciendo con precisi\u00f3n estructuras complejas y bordes finos. Simult\u00e1neamente, est\u00e1 equipado con un sistema de cambio de herramientas autom\u00e1tico con un magaz\u00edn de 21 herramientas, que puede cambiar autom\u00e1ticamente entre m\u00faltiples herramientas seg\u00fan el flujo de procesamiento, reduciendo significativamente la intervenci\u00f3n manual, acortando los ciclos de procesamiento y mejorando significativamente la eficiencia general de la producci\u00f3n. Su precisi\u00f3n de repetibilidad de \u00b13 \u03bcm cumple con los estrictos requisitos de restauraciones de alta gama para la precisi\u00f3n y la consistencia, garantizando una calidad estable y controlable del producto terminado. Con su dise\u00f1o integrado de mecanizado en h\u00famedo y seco, configuraci\u00f3n altamente automatizada y excepcional precisi\u00f3n y estabilidad, la fresadora XANGTECH Dental Lab XT-60 proporciona a los laboratorios y cl\u00ednicas dentales una soluci\u00f3n de mecanizado digital eficiente, flexible y fiable.<\/span><\/p>\n<div style=\"width: 800px;\" class=\"wp-video\"><video class=\"wp-video-shortcode\" id=\"video-4610-1\" width=\"800\" height=\"450\" preload=\"metadata\" controls=\"controls\"><source type=\"video\/mp4\" src=\"https:\/\/www.dentalxangtech.com\/wp-content\/uploads\/2026\/01\/xt-60-milling-machine.mp4?_=1\" \/><a href=\"https:\/\/www.dentalxangtech.com\/wp-content\/uploads\/2026\/01\/xt-60-milling-machine.mp4\">https:\/\/www.dentalxangtech.com\/wp-content\/uploads\/2026\/01\/xt-60-milling-machine.mp4<\/a><\/video><\/div>","protected":false},"excerpt":{"rendered":"<p>XANGTECH XT-60 dental dry &amp; wet milling machine is a high-end digital wet and dry integrated dental instrument designed for modern dental restoration processing. Its intelligent dual-mode system enables rapid and stable switching between dry and wet milling on the same platform, flexibly adapting to different materials and processing requirements. The machine can efficiently process [&hellip;]<\/p>\n","protected":false},"featured_media":4612,"template":"","meta":{"_acf_changed":false},"product_brand":[],"product_cat":[76],"product_tag":[],"class_list":{"0":"post-4610","1":"product","2":"type-product","3":"status-publish","4":"has-post-thumbnail","6":"product_cat-dental-milling-machine","8":"first","9":"instock","10":"shipping-taxable","11":"product-type-simple"},"acf":[],"_links":{"self":[{"href":"https:\/\/www.dentalxangtech.com\/es\/wp-json\/wp\/v2\/product\/4610","targetHints":{"allow":["GET"]}}],"collection":[{"href":"https:\/\/www.dentalxangtech.com\/es\/wp-json\/wp\/v2\/product"}],"about":[{"href":"https:\/\/www.dentalxangtech.com\/es\/wp-json\/wp\/v2\/types\/product"}],"wp:featuredmedia":[{"embeddable":true,"href":"https:\/\/www.dentalxangtech.com\/es\/wp-json\/wp\/v2\/media\/4612"}],"wp:attachment":[{"href":"https:\/\/www.dentalxangtech.com\/es\/wp-json\/wp\/v2\/media?parent=4610"}],"wp:term":[{"taxonomy":"product_brand","embeddable":true,"href":"https:\/\/www.dentalxangtech.com\/es\/wp-json\/wp\/v2\/product_brand?post=4610"},{"taxonomy":"product_cat","embeddable":true,"href":"https:\/\/www.dentalxangtech.com\/es\/wp-json\/wp\/v2\/product_cat?post=4610"},{"taxonomy":"product_tag","embeddable":true,"href":"https:\/\/www.dentalxangtech.com\/es\/wp-json\/wp\/v2\/product_tag?post=4610"}],"curies":[{"name":"WP","href":"https:\/\/api.w.org\/{rel}","templated":true}]}}