{"id":1496,"date":"2024-06-21T19:11:37","date_gmt":"2024-06-21T11:11:37","guid":{"rendered":"https:\/\/www.dentalxangtech.com\/?post_type=product&#038;p=1496"},"modified":"2025-09-30T11:27:11","modified_gmt":"2025-09-30T03:27:11","slug":"3d-pro-multilayer-zirconia-block","status":"publish","type":"product","link":"https:\/\/www.dentalxangtech.com\/fr\/product\/3d-pro-multilayer-zirconia-block\/","title":{"rendered":"Bloc de zirconie multicouche 3D Pro"},"content":{"rendered":"<p><span style=\"font-family: arial, helvetica, sans-serif; font-size: 14pt;\">Le bloc de zirconie multicouche XANGTECH 3D pro est bas\u00e9 sur le mat\u00e9riau zirconie nouvellement d\u00e9velopp\u00e9 avec gradient. Il imite les propri\u00e9t\u00e9s des dents naturelles en termes d\u2019esth\u00e9tique et de dimensions physiques, avec une transition naturelle et une qualit\u00e9 sup\u00e9rieure. Il dispose d'une gamme compl\u00e8te d'indications pour la fabrication de ponts et d'implants de grande envergure.<\/span><br \/>\n<span style=\"font-family: arial, helvetica, sans-serif; font-size: 14pt;\">Nos blocs de zirconie multicouche 3D pro sont utilis\u00e9s dans un large \u00e9ventail d'applications et sont particuli\u00e8rement adapt\u00e9s pour cr\u00e9er des couronnes et des ponts qui s'adaptent parfaitement au patient&#8217; Les dents. De plus, la haute r\u00e9sistance et la biocompatibilit\u00e9 de la zirconie en font un mat\u00e9riau id\u00e9al pour les implants dentaires et les restaurations. Ces derni\u00e8res ann\u00e9es, il a \u00e9galement \u00e9t\u00e9 de plus en plus utilis\u00e9 pour les placages dentaires et les incrustations \u00e0 mesure que l'esth\u00e9tique du mat\u00e9riau dentaire s'est am\u00e9lior\u00e9e. Il est \u00e9galement le meilleur mat\u00e9riau pour les restaurations de la bouche compl\u00e8te pour les patients avec des dents gravement manquantes ou la plupart de leurs dents. De plus, les patients qui ont subi un traitement du canal radiculaire peuvent \u00e9galement l'utiliser pour cr\u00e9er des postes de p\u00e2te qui sont utilis\u00e9s pour soutenir la dent et emp\u00eacher que de nouvelles fractures se produisent apr\u00e8s le traitement.<\/span><\/p>\n<p><span style=\"font-family: arial, helvetica, sans-serif; font-size: 14pt;\"><strong>1.Latest technologie et conception<\/strong><\/span><br \/>\n<span style=\"font-family: arial, helvetica, sans-serif; font-size: 14pt;\"><strong>2.Solving un large \u00e9ventail de probl\u00e8mes dentaires<\/strong><\/span><br \/>\n<span style=\"font-family: arial, helvetica, sans-serif; font-size: 14pt;\"><strong>Transitions 3.Multilayer pour r\u00e9duire la coloration non naturelle<\/strong><\/span><br \/>\n<span style=\"font-family: arial, helvetica, sans-serif; font-size: 14pt;\"><strong>4.R\u00e9duction des dommages buccales<\/strong><\/span><\/p>\n<p><iframe title=\"Bloc de zirconie multicouche XANGTECH 3D Pro\" width=\"800\" height=\"450\" src=\"https:\/\/www.youtube.com\/embed\/eZJJL2YFzaM?feature=oembed\" frameborder=\"0\" allow=\"accelerometer; autoplay; clipboard-write; encrypted-media; gyroscope; picture-in-picture; web-share\" referrerpolicy=\"strict-origin-when-cross-origin\" allowfullscreen><\/iframe><\/p>","protected":false},"excerpt":{"rendered":"<p>The XANGTECH 3D pro multilayer zirconia\u00a0block\u00a0is based on the newly developed zirconia material with gradient. It mimics the properties of natural teeth in terms of aesthetics and physical dimensions, with a natural transition and superior quality. It has a comprehensive range of indications for the fabrication of large span bridges and implants. Our 3D pro [&hellip;]<\/p>\n","protected":false},"featured_media":3710,"template":"","meta":{"_acf_changed":false},"product_brand":[],"product_cat":[51],"product_tag":[],"class_list":{"0":"post-1496","1":"product","2":"type-product","3":"status-publish","4":"has-post-thumbnail","6":"product_cat-multilayer-zirconia-blcok","8":"first","9":"instock","10":"shipping-taxable","11":"product-type-simple"},"acf":[],"_links":{"self":[{"href":"https:\/\/www.dentalxangtech.com\/fr\/wp-json\/wp\/v2\/product\/1496","targetHints":{"allow":["GET"]}}],"collection":[{"href":"https:\/\/www.dentalxangtech.com\/fr\/wp-json\/wp\/v2\/product"}],"about":[{"href":"https:\/\/www.dentalxangtech.com\/fr\/wp-json\/wp\/v2\/types\/product"}],"wp:featuredmedia":[{"embeddable":true,"href":"https:\/\/www.dentalxangtech.com\/fr\/wp-json\/wp\/v2\/media\/3710"}],"wp:attachment":[{"href":"https:\/\/www.dentalxangtech.com\/fr\/wp-json\/wp\/v2\/media?parent=1496"}],"wp:term":[{"taxonomy":"product_brand","embeddable":true,"href":"https:\/\/www.dentalxangtech.com\/fr\/wp-json\/wp\/v2\/product_brand?post=1496"},{"taxonomy":"product_cat","embeddable":true,"href":"https:\/\/www.dentalxangtech.com\/fr\/wp-json\/wp\/v2\/product_cat?post=1496"},{"taxonomy":"product_tag","embeddable":true,"href":"https:\/\/www.dentalxangtech.com\/fr\/wp-json\/wp\/v2\/product_tag?post=1496"}],"curies":[{"name":"WP","href":"https:\/\/api.w.org\/{rel}","templated":true}]}}