{"id":1502,"date":"2024-06-21T19:23:40","date_gmt":"2024-06-21T11:23:40","guid":{"rendered":"https:\/\/www.dentalxangtech.com\/?post_type=product&#038;p=1502"},"modified":"2024-11-26T15:28:20","modified_gmt":"2024-11-26T07:28:20","slug":"high-translucent-plus-white-zirconia-block","status":"publish","type":"product","link":"https:\/\/www.dentalxangtech.com\/fr\/product\/high-translucent-plus-white-zirconia-block\/","title":{"rendered":"Bloc de zirconie haute translucide plus blanche"},"content":{"rendered":"<p><span style=\"font-family: arial, helvetica, sans-serif;\">Le bloc de zirconie haute translucide et blanche de XANGTECH est une avanc\u00e9e r\u00e9volutionnaire dans les mat\u00e9riaux de restauration dentaire, offrant un \u00e9quilibre parfait entre durabilit\u00e9, qualit\u00e9 esth\u00e9tique et abordabilit\u00e9. Con\u00e7u pour am\u00e9liorer la qualit\u00e9 et la long\u00e9vit\u00e9 des restaurations dentaires, ce bloc de zirconie est connu pour sa duret\u00e9 sup\u00e9rieure, ses excellentes propri\u00e9t\u00e9s chimiques et sa biocompatibilit\u00e9 remarquable. Ces attributs en font un choix id\u00e9al pour un large \u00e9ventail d'applications dentaires, des couronnes simples aux restaurations plus complexes \u00e0 plusieurs unit\u00e9s, assurant un succ\u00e8s fonctionnel et esth\u00e9tique. Ce qui distingue ce bloc de zirconie est sa capacit\u00e9 \u00e0 combiner une haute translucidit\u00e9 avec une r\u00e9sistance, ce qui lui permet de ressembler \u00e9troitement \u00e0 la couleur naturelle et \u00e0 l'apparence des dents tout en maintenant la robustesse requise pour des restaurations de longue dur\u00e9e. Fabriqu\u00e9 \u00e0 l'aide d'un proc\u00e9d\u00e9 avanc\u00e9 de pressage isostatique \u00e0 froid, le bloc garantit une densit\u00e9 uniforme et une qualit\u00e9 constante, ce qui en fait un choix fiable pour les professionnels dentaires qui exigent des r\u00e9sultats pr\u00e9visibles \u00e0 chaque fois. La technologie de pressage isostatique \u00e0 froid am\u00e9liore \u00e9galement le bloc&#8217; s dur\u00e9e de vie, garantissant que les restaurations faites \u00e0 partir de ce mat\u00e9riau peuvent r\u00e9sister \u00e0 l'\u00e9preuve du temps tout en offrant d'excellentes performances.<\/span><\/p>\n<p><span style=\"font-family: arial, helvetica, sans-serif;\">En plus de sa durabilit\u00e9 impressionnante, il offre une r\u00e9sistance exceptionnelle aux taches, assurant que les restaurations maintiennent leur apparence vierge au fil des ans. Sa haute r\u00e9sistance chimique signifie qu'il r\u00e9sistera \u00e0 l'usure de l'utilisation quotidienne, gardant les restaurations dentaires fra\u00eeches et naturelles pendant de longues p\u00e9riodes. Malgr\u00e9 ses performances \u00e9lev\u00e9es, ce bloc de zirconie reste une option abordable, permettant aux professionnels dentaires d\u2019offrir \u00e0 leurs patients des solutions de restauration de haute qualit\u00e9 et rentables sans compromettre les normes esth\u00e9tiques ou fonctionnelles. En fin de compte, c'est un v\u00e9ritable t\u00e9moignage de l'innovation continue dans les mat\u00e9riaux dentaires, offrant aux professionnels dentaires une solution fiable, de haute qualit\u00e9 et rentable pour cr\u00e9er de belles restaurations durables. Que vous travailliez avec une couronne \u00e0 unit\u00e9 unique ou une restauration \u00e0 arc complet, ce bloc de zirconie garantit que vos restaurations r\u00e9pondront non seulement aux attentes des patients, mais d\u00e9passent celles-ci.<\/span><\/p>\n<p><span style=\"font-family: arial, helvetica, sans-serif; font-size: 14pt;\"><strong>1.High r\u00e9sistance aux taches<\/strong><\/span><br \/>\n<span style=\"font-family: arial, helvetica, sans-serif; font-size: 14pt;\"><strong>Pressage isostatique 2.Cold pour prolonger la dur\u00e9e de vie<\/strong><\/span><br \/>\n<span style=\"font-family: arial, helvetica, sans-serif; font-size: 14pt;\"><strong>Capacit\u00e9 de fraisage de pr\u00e9cision 3.High<\/strong><\/span><br \/>\n<span style=\"font-family: arial, helvetica, sans-serif; font-size: 14pt;\"><strong>Fonction orale 4.Improved<\/strong><\/span><\/p>\n<div style=\"width: 800px;\" class=\"wp-video\"><video class=\"wp-video-shortcode\" id=\"video-1502-1\" width=\"800\" height=\"450\" preload=\"metadata\" controls=\"controls\"><source type=\"video\/mp4\" src=\"https:\/\/www.dentalxangtech.com\/wp-content\/uploads\/2024\/06\/High-translucent-plus-white-zirconia-block-2.mp4?_=1\" \/><a href=\"https:\/\/www.dentalxangtech.com\/wp-content\/uploads\/2024\/06\/High-translucent-plus-white-zirconia-block-2.mp4\">https:\/\/www.dentalxangtech.com\/wp-content\/uploads\/2024\/06\/High-translucent-plus-white-zirconia-block-2.mp4<\/a><\/video><\/div>","protected":false},"excerpt":{"rendered":"<p>XANGTECH high translucent plus white zirconia block is a revolutionary advancement in dental restoration materials, offering a perfect balance of durability, aesthetic quality, and affordability. Crafted to improve the quality and longevity of tooth restorations, this zirconia block is known for its superior hardness, excellent chemical properties, and remarkable biocompatibility. These attributes make it an [&hellip;]<\/p>\n","protected":false},"featured_media":2987,"template":"","meta":{"_acf_changed":false},"product_brand":[],"product_cat":[15,53,43],"product_tag":[],"class_list":{"0":"post-1502","1":"product","2":"type-product","3":"status-publish","4":"has-post-thumbnail","6":"product_cat-restoration-materials","7":"product_cat-white-zirconia-block","8":"product_cat-zirconia-block","10":"first","11":"instock","12":"shipping-taxable","13":"product-type-simple"},"acf":[],"_links":{"self":[{"href":"https:\/\/www.dentalxangtech.com\/fr\/wp-json\/wp\/v2\/product\/1502","targetHints":{"allow":["GET"]}}],"collection":[{"href":"https:\/\/www.dentalxangtech.com\/fr\/wp-json\/wp\/v2\/product"}],"about":[{"href":"https:\/\/www.dentalxangtech.com\/fr\/wp-json\/wp\/v2\/types\/product"}],"wp:featuredmedia":[{"embeddable":true,"href":"https:\/\/www.dentalxangtech.com\/fr\/wp-json\/wp\/v2\/media\/2987"}],"wp:attachment":[{"href":"https:\/\/www.dentalxangtech.com\/fr\/wp-json\/wp\/v2\/media?parent=1502"}],"wp:term":[{"taxonomy":"product_brand","embeddable":true,"href":"https:\/\/www.dentalxangtech.com\/fr\/wp-json\/wp\/v2\/product_brand?post=1502"},{"taxonomy":"product_cat","embeddable":true,"href":"https:\/\/www.dentalxangtech.com\/fr\/wp-json\/wp\/v2\/product_cat?post=1502"},{"taxonomy":"product_tag","embeddable":true,"href":"https:\/\/www.dentalxangtech.com\/fr\/wp-json\/wp\/v2\/product_tag?post=1502"}],"curies":[{"name":"WP","href":"https:\/\/api.w.org\/{rel}","templated":true}]}}