{"id":1503,"date":"2024-06-21T19:00:51","date_gmt":"2024-06-21T11:00:51","guid":{"rendered":"https:\/\/www.dentalxangtech.com\/?post_type=product&#038;p=1503"},"modified":"2024-11-26T16:13:29","modified_gmt":"2024-11-26T08:13:29","slug":"high-translucent-pre-shaded-zirconia-block","status":"publish","type":"product","link":"https:\/\/www.dentalxangtech.com\/fr\/product\/high-translucent-pre-shaded-zirconia-block\/","title":{"rendered":"Bloc de zirconie pr\u00e9-ombrag\u00e9 haute translucide"},"content":{"rendered":"<p><span style=\"font-family: arial, helvetica, sans-serif; font-size: 14pt;\">XANGTECH High Translucent Pre-Shaded Zirconia Block est reconnu comme une solution leader dans les restaurations dentaires, c\u00e9l\u00e8bre pour sa durabilit\u00e9 exceptionnelle et ses capacit\u00e9s de correspondance de couleurs pr\u00e9cises. Ce produit sp\u00e9cialis\u00e9 est m\u00e9ticuleusement con\u00e7u pour r\u00e9pondre aux exigences exigeantes des applications dentaires, avec une duret\u00e9 in\u00e9gal\u00e9e qui assure une performance durable au cours de diverses proc\u00e9dures de restauration. Les professionnels dentaires appr\u00e9cient sa polyvalence, qui permet facilement la cr\u00e9ation de couronnes simples, de ponts complexes et de solutions proth\u00e9tiques compl\u00e8tes. Sa construction robuste garantit non seulement la fiabilit\u00e9, mais contribue \u00e9galement \u00e0 sa r\u00e9putation de qualit\u00e9 constante \u00e0 l'\u00e9chelle mondiale.<\/span><br \/>\n<span style=\"font-family: arial, helvetica, sans-serif; font-size: 14pt;\">R\u00e9put\u00e9 pour sa capacit\u00e9 \u00e0 reproduire la couleur naturelle des dents avec une pr\u00e9cision remarquable, XANGTECH High Translucent Pre-Shaded Zirconia Block s'int\u00e8gre parfaitement avec les patients&#8217; la dentition existante, offrant des r\u00e9sultats esth\u00e9tiquement agr\u00e9ables qui inspirent confiance et satisfaction. Les dentistes et les techniciens comptent sur ce mat\u00e9riau avanc\u00e9 pour obtenir des r\u00e9sultats sup\u00e9rieurs sans compromis, \u00e9tablissant de nouvelles normes en restauration dentaire pour la fonction et l'apparence.<\/span><\/p>\n<p>&nbsp;<\/p>\n<p><span style=\"font-family: arial, helvetica, sans-serif; font-size: 14pt;\"><strong>Processus de fraisage 1.Easy \u00e0 utiliser<\/strong><\/span><br \/>\n<span style=\"font-family: arial, helvetica, sans-serif; font-size: 14pt;\"><strong>Couleur et translucidit\u00e9 2.Consistent<\/strong><\/span><br \/>\n<span style=\"font-family: arial, helvetica, sans-serif; font-size: 14pt;\"><strong>3.Adaptabilit\u00e9 pour diverses applications<\/strong><\/span><\/p>\n<div style=\"width: 800px;\" class=\"wp-video\"><video class=\"wp-video-shortcode\" id=\"video-1503-1\" width=\"800\" height=\"450\" preload=\"metadata\" controls=\"controls\"><source type=\"video\/mp4\" src=\"https:\/\/www.dentalxangtech.com\/wp-content\/uploads\/2024\/06\/High-translucent-color-zirconia-block.mp4?_=1\" \/><a href=\"https:\/\/www.dentalxangtech.com\/wp-content\/uploads\/2024\/06\/High-translucent-color-zirconia-block.mp4\">https:\/\/www.dentalxangtech.com\/wp-content\/uploads\/2024\/06\/High-translucent-color-zirconia-block.mp4<\/a><\/video><\/div>\n<p>&nbsp;<\/p>\n<p>&nbsp;<\/p>","protected":false},"excerpt":{"rendered":"<p>XANGTECH High Translucent Pre-Shaded Zirconia Block is recognized as a leading solution in dental restorations, celebrated for its exceptional durability and precise color matching capabilities. This specialized product is meticulously engineered for the demanding requirements of dental applications, featuring unparalleled hardness that ensures enduring performance throughout various restorative procedures. Dental professionals appreciate the versatility of [&hellip;]<\/p>\n","protected":false},"featured_media":2999,"template":"","meta":{"_acf_changed":false},"product_brand":[],"product_cat":[52],"product_tag":[],"class_list":{"0":"post-1503","1":"product","2":"type-product","3":"status-publish","4":"has-post-thumbnail","6":"product_cat-pre-shaded-zirconia-block","8":"first","9":"instock","10":"shipping-taxable","11":"product-type-simple"},"acf":[],"_links":{"self":[{"href":"https:\/\/www.dentalxangtech.com\/fr\/wp-json\/wp\/v2\/product\/1503","targetHints":{"allow":["GET"]}}],"collection":[{"href":"https:\/\/www.dentalxangtech.com\/fr\/wp-json\/wp\/v2\/product"}],"about":[{"href":"https:\/\/www.dentalxangtech.com\/fr\/wp-json\/wp\/v2\/types\/product"}],"wp:featuredmedia":[{"embeddable":true,"href":"https:\/\/www.dentalxangtech.com\/fr\/wp-json\/wp\/v2\/media\/2999"}],"wp:attachment":[{"href":"https:\/\/www.dentalxangtech.com\/fr\/wp-json\/wp\/v2\/media?parent=1503"}],"wp:term":[{"taxonomy":"product_brand","embeddable":true,"href":"https:\/\/www.dentalxangtech.com\/fr\/wp-json\/wp\/v2\/product_brand?post=1503"},{"taxonomy":"product_cat","embeddable":true,"href":"https:\/\/www.dentalxangtech.com\/fr\/wp-json\/wp\/v2\/product_cat?post=1503"},{"taxonomy":"product_tag","embeddable":true,"href":"https:\/\/www.dentalxangtech.com\/fr\/wp-json\/wp\/v2\/product_tag?post=1503"}],"curies":[{"name":"WP","href":"https:\/\/api.w.org\/{rel}","templated":true}]}}