{"id":1504,"date":"2024-06-21T19:00:49","date_gmt":"2024-06-21T11:00:49","guid":{"rendered":"https:\/\/www.dentalxangtech.com\/?post_type=product&#038;p=1504"},"modified":"2024-11-26T17:23:09","modified_gmt":"2024-11-26T09:23:09","slug":"super-translucent-pre-shaded-zirconia-block","status":"publish","type":"product","link":"https:\/\/www.dentalxangtech.com\/fr\/product\/super-translucent-pre-shaded-zirconia-block\/","title":{"rendered":"Bloc de zirconie pr\u00e9-ombrag\u00e9 super translucide"},"content":{"rendered":"<p>Le bloc de zirconie super translucide pr\u00e9-ombrag\u00e9 de XANGTECH repr\u00e9sente un bond en avant important dans les mat\u00e9riaux de restauration dentaire, offrant des performances sup\u00e9rieures et une efficacit\u00e9 am\u00e9lior\u00e9e par rapport aux blocs de zirconie blanche traditionnels. Sp\u00e9cialement con\u00e7u pour r\u00e9pondre aux exigences croissantes de la dentisterie moderne, ce mat\u00e9riau avanc\u00e9 combine une excellente esth\u00e9tique avec une durabilit\u00e9 durable, ce qui en fait un choix id\u00e9al pour un large \u00e9ventail d'applications dentaires. Contrairement \u00e0 la zirconie conventionnelle, qui n\u00e9cessite souvent une ombrage ou une coloration suppl\u00e9mentaires, la conception pr\u00e9-ombrag\u00e9e de ce bloc de zirconie simplifie le processus de restauration en \u00e9liminant la n\u00e9cessit\u00e9 d'une application de couleur post-traitement. Cela ne r\u00e9duit pas seulement le temps total de la proc\u00e9dure, mais aide \u00e9galement les professionnels dentaires \u00e0 rationaliser leur flux de travail, en fin de compte augmentant la productivit\u00e9 dans le laboratoire dentaire. Avec une texture dure qui assure une r\u00e9sistance et une fiabilit\u00e9 prolong\u00e9es, il est con\u00e7u pour r\u00e9sister \u00e0 l'usure de l'utilisation quotidienne, ce qui le rend adapt\u00e9 \u00e0 des applications dentaires \u00e0 long terme telles que des couronnes, des ponts et d'autres proth\u00e8ses fixes. La technologie de fabrication avanc\u00e9e derri\u00e8re ce bloc assure que chaque pi\u00e8ce offre une qualit\u00e9 constante, atteignant un haut niveau de pr\u00e9cision et de d\u00e9tail dans la restauration finale. La haute translucidit\u00e9 du mat\u00e9riau permet une esth\u00e9tique r\u00e9aliste qui se m\u00e9lange parfaitement avec les dents naturelles, ce qui en fait un excellent choix pour les restaurations ant\u00e9rieures et post\u00e9rieures o\u00f9 l\u2019apparence est cruciale.<\/p>\n<p>En plus de sa durabilit\u00e9 et de ses qualit\u00e9s esth\u00e9tiques exceptionnelles, il am\u00e9liore le confort du patient avec ses propri\u00e9t\u00e9s non irritantes et non invasives. Cela en fait un mat\u00e9riau s\u00fbr et fiable pour un large \u00e9ventail de patients dentaires, en particulier ceux qui ont des tissus buccales sensibles. Les restaurations finies r\u00e9pondent aux exigences esth\u00e9tiques \u00e9lev\u00e9es de la dentisterie moderne tout en maintenant une excellente fonctionnalit\u00e9, assurant que les professionnels dentaires et les patients b\u00e9n\u00e9ficient de r\u00e9sultats sup\u00e9rieurs. Avec sa facilit\u00e9 d'utilisation, son flux de travail rationalis\u00e9 et ses performances constantes, ce bloc de zirconie est une solution de confiance pour r\u00e9aliser des restaurations dentaires de haute qualit\u00e9, durables et esth\u00e9tiquement agr\u00e9ables.<\/p>\n<p><strong><span style=\"font-family: arial, helvetica, sans-serif; font-size: 14pt;\">1.Technologie avanc\u00e9e pour la productivit\u00e9<\/span><\/strong><br \/>\n<strong><span style=\"font-family: arial, helvetica, sans-serif; font-size: 14pt;\">2.Hard texture pour la durabilit\u00e9<\/span><\/strong><br \/>\n<strong><span style=\"font-family: arial, helvetica, sans-serif; font-size: 14pt;\">3. temps de coloration r\u00e9duit pour l'efficacit\u00e9<\/span><\/strong><br \/>\n<strong><span style=\"font-family: arial, helvetica, sans-serif; font-size: 14pt;\">Produits finis 4.Perfect pour l'esth\u00e9tique<\/span><\/strong><\/p>\n<div style=\"width: 800px;\" class=\"wp-video\"><video class=\"wp-video-shortcode\" id=\"video-1504-1\" width=\"800\" height=\"450\" preload=\"metadata\" controls=\"controls\"><source type=\"video\/mp4\" src=\"https:\/\/www.dentalxangtech.com\/wp-content\/uploads\/2024\/06\/STC-zirconia-video.mp4?_=1\" \/><a href=\"https:\/\/www.dentalxangtech.com\/wp-content\/uploads\/2024\/06\/STC-zirconia-video.mp4\">https:\/\/www.dentalxangtech.com\/wp-content\/uploads\/2024\/06\/STC-zirconia-video.mp4<\/a><\/video><\/div>","protected":false},"excerpt":{"rendered":"<p>XANGTECH super translucent pre-Shaded zirconia block represents a significant leap forward in dental restoration materials, offering superior performance and enhanced efficiency compared to traditional white zirconia blocks. Specifically designed to meet the growing demands of modern dentistry, this advanced material combines excellent aesthetics with long-lasting durability, making it an ideal choice for a wide range [&hellip;]<\/p>\n","protected":false},"featured_media":3005,"template":"","meta":{"_acf_changed":false},"product_brand":[],"product_cat":[52,15,43],"product_tag":[],"class_list":{"0":"post-1504","1":"product","2":"type-product","3":"status-publish","4":"has-post-thumbnail","6":"product_cat-pre-shaded-zirconia-block","7":"product_cat-restoration-materials","8":"product_cat-zirconia-block","10":"first","11":"instock","12":"shipping-taxable","13":"product-type-simple"},"acf":[],"_links":{"self":[{"href":"https:\/\/www.dentalxangtech.com\/fr\/wp-json\/wp\/v2\/product\/1504","targetHints":{"allow":["GET"]}}],"collection":[{"href":"https:\/\/www.dentalxangtech.com\/fr\/wp-json\/wp\/v2\/product"}],"about":[{"href":"https:\/\/www.dentalxangtech.com\/fr\/wp-json\/wp\/v2\/types\/product"}],"wp:featuredmedia":[{"embeddable":true,"href":"https:\/\/www.dentalxangtech.com\/fr\/wp-json\/wp\/v2\/media\/3005"}],"wp:attachment":[{"href":"https:\/\/www.dentalxangtech.com\/fr\/wp-json\/wp\/v2\/media?parent=1504"}],"wp:term":[{"taxonomy":"product_brand","embeddable":true,"href":"https:\/\/www.dentalxangtech.com\/fr\/wp-json\/wp\/v2\/product_brand?post=1504"},{"taxonomy":"product_cat","embeddable":true,"href":"https:\/\/www.dentalxangtech.com\/fr\/wp-json\/wp\/v2\/product_cat?post=1504"},{"taxonomy":"product_tag","embeddable":true,"href":"https:\/\/www.dentalxangtech.com\/fr\/wp-json\/wp\/v2\/product_tag?post=1504"}],"curies":[{"name":"WP","href":"https:\/\/api.w.org\/{rel}","templated":true}]}}