{"id":1506,"date":"2024-06-21T19:00:00","date_gmt":"2024-06-21T11:00:00","guid":{"rendered":"https:\/\/www.dentalxangtech.com\/?post_type=product&#038;p=1506"},"modified":"2024-11-27T11:20:02","modified_gmt":"2024-11-27T03:20:02","slug":"super-high-translucent-pre-shaded-zirconia-block","status":"publish","type":"product","link":"https:\/\/www.dentalxangtech.com\/fr\/product\/super-high-translucent-pre-shaded-zirconia-block\/","title":{"rendered":"Bloc de zirconie pr\u00e9-ombrag\u00e9 translucide super haute"},"content":{"rendered":"<p><span style=\"font-family: arial, helvetica, sans-serif; font-size: 14pt;\">Le bloc de zirconie pr\u00e9-ombrag\u00e9 super translucide XANGTECH est m\u00e9ticuleusement con\u00e7u pour \u00e9lever les restaurations dentaires avec un \u00e9quilibre parfait entre attrait esth\u00e9tique et durabilit\u00e9 fonctionnelle. R\u00e9put\u00e9 pour ses excellentes propri\u00e9t\u00e9s anti-vieillissement, ce mat\u00e9riau zirconique avanc\u00e9 offre une r\u00e9sistance exceptionnelle \u00e0 la d\u00e9coloration et \u00e0 la d\u00e9gradation au fil du temps, assurant des r\u00e9sultats durables qui maintiennent leur brillance originale. Avec une transmission lumineuse plus \u00e9lev\u00e9e que les mat\u00e9riaux traditionnels, la zirconie XANGTECH obtient une apparence naturelle en transmettant efficacement la lumi\u00e8re, r\u00e9plicant la translucidit\u00e9 des dents naturelles. Cette caract\u00e9ristique est cruciale pour cr\u00e9er des restaurations qui se m\u00e9langent parfaitement avec la dentition environnante, am\u00e9liorant l'esth\u00e9tique globale du sourire.<\/span><br \/>\n<span style=\"font-family: arial, helvetica, sans-serif; font-size: 14pt;\">S\u00e9lectionn\u00e9e avec soin pour ses caract\u00e9ristiques esth\u00e9tiques sup\u00e9rieures, la zirconie XANGTECH est id\u00e9ale pour r\u00e9pondre aux exigences esth\u00e9tiques exigeantes de la dentisterie moderne. Sa stabilit\u00e9 de couleur et sa capacit\u00e9 \u00e0 imiter les teintes dentaires naturelles en font un choix pr\u00e9f\u00e9r\u00e9 parmi les professionnels dentaires qui cherchent \u00e0 offrir de belles restaurations r\u00e9alistes. De plus, la zirconie XANGTECH offre une bonne stabilit\u00e9, assurant des performances fiables dans diverses applications dentaires. Que ce soit pour des couronnes simples, des ponts ou des solutions proth\u00e9tiques complexes, les professionnels dentaires peuvent faire confiance \u00e0 XANGTECH zirconia pour fournir des r\u00e9sultats coh\u00e9rents et durables qui r\u00e9pondent \u00e0 la fois aux attentes esth\u00e9tiques et aux exigences fonctionnelles.<\/span><\/p>\n<p>&nbsp;<\/p>\n<p><strong><span style=\"font-family: arial, helvetica, sans-serif; font-size: 14pt;\">1.Excellentes propri\u00e9t\u00e9s anti-vieillissement<\/span><\/strong><br \/>\n<strong><span style=\"font-family: arial, helvetica, sans-serif; font-size: 14pt;\">2.Transmittance lumineuse sup\u00e9rieure<\/span><\/strong><br \/>\n<strong><span style=\"font-family: arial, helvetica, sans-serif; font-size: 14pt;\">3.Material choisi pour l'esth\u00e9tique<\/span><\/strong><br \/>\n<strong><span style=\"font-family: arial, helvetica, sans-serif; font-size: 14pt;\">4. bonne stabilit\u00e9<\/span><\/strong><\/p>\n<p>&nbsp;<\/p>","protected":false},"excerpt":{"rendered":"<p>XANGTECH super translucent pre-shaded zirconia block is meticulously crafted to elevate dental restorations with a perfect balance of aesthetic appeal and functional durability. Renowned for its excellent anti-aging properties, this advanced zirconia material offers exceptional resistance to discoloration and degradation over time, ensuring long-lasting results that maintain their original brilliance. With higher light transmittance than [&hellip;]<\/p>\n","protected":false},"featured_media":2620,"template":"","meta":{"_acf_changed":false},"product_brand":[],"product_cat":[52,15,43],"product_tag":[],"class_list":{"0":"post-1506","1":"product","2":"type-product","3":"status-publish","4":"has-post-thumbnail","6":"product_cat-pre-shaded-zirconia-block","7":"product_cat-restoration-materials","8":"product_cat-zirconia-block","10":"first","11":"instock","12":"shipping-taxable","13":"product-type-simple"},"acf":[],"_links":{"self":[{"href":"https:\/\/www.dentalxangtech.com\/fr\/wp-json\/wp\/v2\/product\/1506","targetHints":{"allow":["GET"]}}],"collection":[{"href":"https:\/\/www.dentalxangtech.com\/fr\/wp-json\/wp\/v2\/product"}],"about":[{"href":"https:\/\/www.dentalxangtech.com\/fr\/wp-json\/wp\/v2\/types\/product"}],"wp:featuredmedia":[{"embeddable":true,"href":"https:\/\/www.dentalxangtech.com\/fr\/wp-json\/wp\/v2\/media\/2620"}],"wp:attachment":[{"href":"https:\/\/www.dentalxangtech.com\/fr\/wp-json\/wp\/v2\/media?parent=1506"}],"wp:term":[{"taxonomy":"product_brand","embeddable":true,"href":"https:\/\/www.dentalxangtech.com\/fr\/wp-json\/wp\/v2\/product_brand?post=1506"},{"taxonomy":"product_cat","embeddable":true,"href":"https:\/\/www.dentalxangtech.com\/fr\/wp-json\/wp\/v2\/product_cat?post=1506"},{"taxonomy":"product_tag","embeddable":true,"href":"https:\/\/www.dentalxangtech.com\/fr\/wp-json\/wp\/v2\/product_tag?post=1506"}],"curies":[{"name":"WP","href":"https:\/\/api.w.org\/{rel}","templated":true}]}}