{"id":1574,"date":"2024-07-03T18:03:58","date_gmt":"2024-07-03T10:03:58","guid":{"rendered":"https:\/\/www.dentalxangtech.com\/index.php\/product\/%e8%b6%85%e9%ab%98%e9%80%8f%e6%98%8e%e9%a2%84%e7%9d%80%e8%89%b2%e6%b0%a7%e5%8c%96%e9%94%86%e5%9d%97-2\/"},"modified":"2024-11-26T15:07:52","modified_gmt":"2024-11-26T07:07:52","slug":"super-translucent-multilayer-zirconia-block","status":"publish","type":"product","link":"https:\/\/www.dentalxangtech.com\/fr\/product\/super-translucent-multilayer-zirconia-block\/","title":{"rendered":"Bloc de zirconie multicouche super translucide"},"content":{"rendered":"<p><span style=\"font-family: arial, helvetica, sans-serif; font-size: 14pt;\">XANGTECH Super Translucent Multilayer Zirconia Block est un mat\u00e9riau dentaire de pointe con\u00e7u pour relever les d\u00e9fis communs dans les proc\u00e9dures de restauration enti\u00e8rement en c\u00e9ramique, en particulier l'ombrage in\u00e9gal et les transitions de couleurs non naturelles. En \u00e9liminant le besoin d'ombrage interne, il obtient une apparence coh\u00e9rente et naturelle qui r\u00e9plique le gradient de couleur de la zone cervicale au bord incisal. Cela le rend particuli\u00e8rement adapt\u00e9 aux restaurations ant\u00e9rieures, o\u00f9 les consid\u00e9rations esth\u00e9tiques sont primordiales.<\/span><\/p>\n<p><span style=\"font-family: arial, helvetica, sans-serif; font-size: 14pt;\">Ses propri\u00e9t\u00e9s avanc\u00e9es garantissent que le mat\u00e9riau imite la translucidit\u00e9 et le comportement optique des dents naturelles, ce qui en fait un choix id\u00e9al pour les couronnes, les ponts et les placages. Les sp\u00e9cialistes dentaires trouveront XANGTECH Super Translucent Multilayer Zirconia Block tr\u00e8s polyvalent, permettant une personnalisation pr\u00e9cise et des r\u00e9sultats sup\u00e9rieurs tant dans les restaurations \u00e0 une seule dent que dans les cas plus complexes. De plus, sa r\u00e9sistance et sa biocompatibilit\u00e9 assurent une performance durable, r\u00e9duisant le besoin de remplacements fr\u00e9quents et am\u00e9liorant la satisfaction des patients. Ce mat\u00e9riau supporte un large \u00e9ventail d'applications cliniques, offrant aux professionnels dentaires une option fiable et esth\u00e9tiquement agr\u00e9able pour la dentisterie restauratrice.<\/span><\/p>\n<p>&nbsp;<\/p>\n<p><strong><span style=\"font-family: arial, helvetica, sans-serif; font-size: 14pt;\">1. forte adaptabilit\u00e9<br \/>\n2. Peut \u00eatre utilis\u00e9 pour faire de grands ponts dentaires<br \/>\n3. Gradation de la couleur de la dent \u00e0 faible co\u00fbt<br \/>\n4. Un fonctionnement plus simple dans les \u00e9tapes ult\u00e9rieures<br \/>\n<\/span><\/strong><\/p>\n<div style=\"width: 800px;\" class=\"wp-video\"><video class=\"wp-video-shortcode\" id=\"video-1574-1\" width=\"800\" height=\"450\" preload=\"metadata\" controls=\"controls\"><source type=\"video\/mp4\" src=\"https:\/\/www.dentalxangtech.com\/wp-content\/uploads\/2024\/07\/STML-video.mp4?_=1\" \/><a href=\"https:\/\/www.dentalxangtech.com\/wp-content\/uploads\/2024\/07\/STML-video.mp4\">https:\/\/www.dentalxangtech.com\/wp-content\/uploads\/2024\/07\/STML-video.mp4<\/a><\/video><\/div>","protected":false},"excerpt":{"rendered":"<p><span style=\"font-family: arial, helvetica, sans-serif;\">\u00a0<\/span><\/p>","protected":false},"featured_media":2993,"template":"","meta":{"_acf_changed":false},"product_brand":[],"product_cat":[51],"product_tag":[],"class_list":{"0":"post-1574","1":"product","2":"type-product","3":"status-publish","4":"has-post-thumbnail","6":"product_cat-multilayer-zirconia-blcok","8":"first","9":"instock","10":"shipping-taxable","11":"product-type-simple"},"acf":[],"_links":{"self":[{"href":"https:\/\/www.dentalxangtech.com\/fr\/wp-json\/wp\/v2\/product\/1574","targetHints":{"allow":["GET"]}}],"collection":[{"href":"https:\/\/www.dentalxangtech.com\/fr\/wp-json\/wp\/v2\/product"}],"about":[{"href":"https:\/\/www.dentalxangtech.com\/fr\/wp-json\/wp\/v2\/types\/product"}],"wp:featuredmedia":[{"embeddable":true,"href":"https:\/\/www.dentalxangtech.com\/fr\/wp-json\/wp\/v2\/media\/2993"}],"wp:attachment":[{"href":"https:\/\/www.dentalxangtech.com\/fr\/wp-json\/wp\/v2\/media?parent=1574"}],"wp:term":[{"taxonomy":"product_brand","embeddable":true,"href":"https:\/\/www.dentalxangtech.com\/fr\/wp-json\/wp\/v2\/product_brand?post=1574"},{"taxonomy":"product_cat","embeddable":true,"href":"https:\/\/www.dentalxangtech.com\/fr\/wp-json\/wp\/v2\/product_cat?post=1574"},{"taxonomy":"product_tag","embeddable":true,"href":"https:\/\/www.dentalxangtech.com\/fr\/wp-json\/wp\/v2\/product_tag?post=1574"}],"curies":[{"name":"WP","href":"https:\/\/api.w.org\/{rel}","templated":true}]}}