{"id":1576,"date":"2024-07-03T18:13:07","date_gmt":"2024-07-03T10:13:07","guid":{"rendered":"https:\/\/www.dentalxangtech.com\/index.php\/product\/%e8%b6%85%e9%ab%98%e9%80%8f%e6%98%8e%e9%a2%84%e7%9d%80%e8%89%b2%e6%b0%a7%e5%8c%96%e9%94%86%e5%9d%97-2-2\/"},"modified":"2024-11-26T15:48:19","modified_gmt":"2024-11-26T07:48:19","slug":"3d-multilayer-zirconia-block","status":"publish","type":"product","link":"https:\/\/www.dentalxangtech.com\/fr\/product\/3d-multilayer-zirconia-block\/","title":{"rendered":"Bloc de zirconie multicouche 3D"},"content":{"rendered":"<p><span style=\"font-family: arial, helvetica, sans-serif; font-size: 14pt;\">XANGTECH 3D Multilayer Zirconia Block est un mat\u00e9riau dentaire de pointe hautement reconnu pour ses propri\u00e9t\u00e9s chimiques stables et son adaptabilit\u00e9 \u00e0 divers syst\u00e8mes CAO CAM dentaires ouverts. Ce bloc de zirconie avanc\u00e9 est con\u00e7u pour une haute r\u00e9sistance et une duret\u00e9 exceptionnelle, r\u00e9duisant consid\u00e9rablement la probabilit\u00e9 de fractures pendant le processus de production de proth\u00e8ses dentaires. En plus de son excellence m\u00e9canique, le bloc de zirconie multicouche 3D XANGTECH se distingue par son remarquable rapport co\u00fbt-efficacit\u00e9, offrant une qualit\u00e9 sup\u00e9rieure \u00e0 un prix comp\u00e9titif. Sa r\u00e9sistance ultra-\u00e9lev\u00e9e assure une durabilit\u00e9 durable, ce qui en fait un choix id\u00e9al pour les professionnels dentaires qui recherchent une performance fiable et efficace. De plus, la conception innovante du bloc de zirconie multicouche XANGTECH 3D \u00e9limine le besoin de coloration liquide, \u00e9vitant ainsi les erreurs potentielles de coloration et garantissant des r\u00e9sultats coh\u00e9rents et pr\u00e9cis. Cette fonctionnalit\u00e9 simplifie non seulement le flux de travail, mais am\u00e9liore \u00e9galement la qualit\u00e9 globale et l'esth\u00e9tique des restaurations dentaires finales.<\/span><\/p>\n<p><span style=\"font-family: arial, helvetica, sans-serif; font-size: 14pt;\">Le bloc de zirconie multicouche XANGTECH 3D pr\u00e9sente d'excellentes caract\u00e9ristiques de biocompatibilit\u00e9, \u00e9tant non irritant, d\u00e9pourvu d'odeur et ne pr\u00e9sentant aucun impact biologique d\u00e9favorable ou danger potentiel pour la cavit\u00e9 buccale humaine, assurant ainsi la s\u00e9curit\u00e9 et l'int\u00e9grit\u00e9 de l'environnement buccale.<\/span><\/p>\n<p><span style=\"font-family: arial, helvetica, sans-serif; font-size: 14pt;\">Le bloc de zirconie multicouche XANGTECH 3D est extr\u00eamement r\u00e9sistant et n'est pas sujette \u00e0 la fracture, et ne n\u00e9cessite pas de liquide colorant, ce qui r\u00e9duit la difficult\u00e9 de fonctionnement. Le plus important est qu'ils sont peu co\u00fbteux et ont une performance co\u00fbteuse tr\u00e8s \u00e9lev\u00e9e.<\/span><\/p>\n<p>&nbsp;<\/p>\n<p><span style=\"font-family: arial, helvetica, sans-serif; font-size: 14pt;\"><strong>1. Compatible avec les syst\u00e8mes CAO CAM ouverts<br \/>\n2. R\u00e9duction du risque de rupture de la production<br \/>\n3. Durable et durable<br \/>\n4. Pas besoin de solutions de coloration<\/strong><\/span><\/p>\n<div style=\"width: 800px;\" class=\"wp-video\"><video class=\"wp-video-shortcode\" id=\"video-1576-1\" width=\"800\" height=\"450\" preload=\"metadata\" controls=\"controls\"><source type=\"video\/mp4\" src=\"https:\/\/www.dentalxangtech.com\/wp-content\/uploads\/2024\/07\/3D-multilayer-zirconia-video.mp4?_=1\" \/><a href=\"https:\/\/www.dentalxangtech.com\/wp-content\/uploads\/2024\/07\/3D-multilayer-zirconia-video.mp4\">https:\/\/www.dentalxangtech.com\/wp-content\/uploads\/2024\/07\/3D-multilayer-zirconia-video.mp4<\/a><\/video><\/div>\n<p>&nbsp;<\/p>","protected":false},"excerpt":{"rendered":"<p>XANGTECH 3D Multilayer Zirconia Block is a state-of-the-art dental material highly regarded for its stable chemical properties and adaptability to various open dental CAD CAM systems. This advanced zirconia block is engineered for high strength and exceptional hardness, significantly reducing the likelihood of fractures during the production process of dental prosthetics. In addition to its [&hellip;]<\/p>\n","protected":false},"featured_media":2618,"template":"","meta":{"_acf_changed":false},"product_brand":[],"product_cat":[51],"product_tag":[],"class_list":{"0":"post-1576","1":"product","2":"type-product","3":"status-publish","4":"has-post-thumbnail","6":"product_cat-multilayer-zirconia-blcok","8":"first","9":"instock","10":"shipping-taxable","11":"product-type-simple"},"acf":[],"_links":{"self":[{"href":"https:\/\/www.dentalxangtech.com\/fr\/wp-json\/wp\/v2\/product\/1576","targetHints":{"allow":["GET"]}}],"collection":[{"href":"https:\/\/www.dentalxangtech.com\/fr\/wp-json\/wp\/v2\/product"}],"about":[{"href":"https:\/\/www.dentalxangtech.com\/fr\/wp-json\/wp\/v2\/types\/product"}],"wp:featuredmedia":[{"embeddable":true,"href":"https:\/\/www.dentalxangtech.com\/fr\/wp-json\/wp\/v2\/media\/2618"}],"wp:attachment":[{"href":"https:\/\/www.dentalxangtech.com\/fr\/wp-json\/wp\/v2\/media?parent=1576"}],"wp:term":[{"taxonomy":"product_brand","embeddable":true,"href":"https:\/\/www.dentalxangtech.com\/fr\/wp-json\/wp\/v2\/product_brand?post=1576"},{"taxonomy":"product_cat","embeddable":true,"href":"https:\/\/www.dentalxangtech.com\/fr\/wp-json\/wp\/v2\/product_cat?post=1576"},{"taxonomy":"product_tag","embeddable":true,"href":"https:\/\/www.dentalxangtech.com\/fr\/wp-json\/wp\/v2\/product_tag?post=1576"}],"curies":[{"name":"WP","href":"https:\/\/api.w.org\/{rel}","templated":true}]}}