{"id":1577,"date":"2024-07-03T18:14:11","date_gmt":"2024-07-03T10:14:11","guid":{"rendered":"https:\/\/www.dentalxangtech.com\/index.php\/product\/%e8%b6%85%e9%ab%98%e9%80%8f%e6%98%8e%e9%a2%84%e7%9d%80%e8%89%b2%e6%b0%a7%e5%8c%96%e9%94%86%e5%9d%97-2-3\/"},"modified":"2024-11-26T16:25:21","modified_gmt":"2024-11-26T08:25:21","slug":"super-high-translucent-multilayer-zirconia-block","status":"publish","type":"product","link":"https:\/\/www.dentalxangtech.com\/fr\/product\/super-high-translucent-multilayer-zirconia-block\/","title":{"rendered":"Bloc de zirconie multicouche translucide super haute"},"content":{"rendered":"<p><span style=\"font-family: arial, helvetica, sans-serif; font-size: 14pt;\">XANGTECH Super High Translucent Multilayer Zirconia Block est con\u00e7u pour r\u00e9pondre aux normes les plus \u00e9lev\u00e9es de restaurations dentaires. Sa translucidit\u00e9 \u00e9lev\u00e9e garantit que les restaurations ont un aspect naturel et r\u00e9aliste, ce qui le rend id\u00e9al pour les couronnes ant\u00e9rieures et les placages. Utilisant une technologie de production de pointe, ce bloc de zirconie fournit des r\u00e9sultats pr\u00e9cis et coh\u00e9rents, assurant une pr\u00e9cision dans un large \u00e9ventail d'applications de restauration.<\/span><\/p>\n<p><span style=\"font-family: arial, helvetica, sans-serif; font-size: 14pt;\">Il&#8217; sa conception permet un gradient lisse de couleur et de translucidit\u00e9, imitant de pr\u00e8s la transition naturelle de la dentine \u00e0 l'\u00e9mail. Cette fonctionnalit\u00e9 est particuli\u00e8rement b\u00e9n\u00e9fique pour cr\u00e9er des restaurations qui se m\u00e9langent parfaitement avec les dents existantes du patient. De plus, la formulation avanc\u00e9e du mat\u00e9riau offre une excellente r\u00e9sistance au vieillissement, garantissant une durabilit\u00e9 durable et maintenant une qualit\u00e9 esth\u00e9tique au fil du temps. Sa qualit\u00e9 stable et fiable ainsi que son excellente usinabilit\u00e9 contribuent \u00e0 r\u00e9duire les dur\u00e9es de traitement, ce qui permet un cycle d'ach\u00e8vement plus rapide et une productivit\u00e9 accrue. Le mat\u00e9riel&#8217; sa grande adaptabilit\u00e9 et son interface transparente avec divers syst\u00e8mes CAO\/CAM garantissent une int\u00e9gration sans heurt dans les dispositifs op\u00e9rationnels pr\u00e9existants, optimisant et acc\u00e9l\u00e9rant encore les proc\u00e9dures de restauration. <\/span><\/p>\n<p><span style=\"font-family: arial, helvetica, sans-serif; font-size: 14pt;\">Les professionnels dentaires peuvent compter sur XANGTECH Super High Translucent Multilayer Zirconia Block pour ses performances robustes et son esth\u00e9tique exceptionnelle, offrant aux patients des restaurations durables et naturelles qui am\u00e9liorent la sant\u00e9 buccale globale et la satisfaction.<\/span><\/p>\n<p>&nbsp;<\/p>\n<p><span style=\"font-family: arial, helvetica, sans-serif; font-size: 14pt;\"><strong>1.High translucidit\u00e9<br \/>\n2.Leading technologie de production<br \/>\n3. Bonne r\u00e9sistance au vieillissement<br \/>\nCouleur 4.Translucide des produits finis<br \/>\n<\/strong><\/span><\/p>\n<div style=\"width: 800px;\" class=\"wp-video\"><video class=\"wp-video-shortcode\" id=\"video-1577-1\" width=\"800\" height=\"450\" preload=\"metadata\" controls=\"controls\"><source type=\"video\/mp4\" src=\"https:\/\/www.dentalxangtech.com\/wp-content\/uploads\/2024\/07\/11\u670821\u65e51.mp4?_=1\" \/><a href=\"https:\/\/www.dentalxangtech.com\/wp-content\/uploads\/2024\/07\/11\u670821\u65e51.mp4\">https:\/\/www.dentalxangtech.com\/wp-content\/uploads\/2024\/07\/11\u670821\u65e51.mp4<\/a><\/video><\/div>","protected":false},"excerpt":{"rendered":"<p>XANGTECH Super High Translucent Multilayer Zirconia Block is designed to meet the highest standards of dental restorations. Its high translucency ensures that restorations have a natural, lifelike appearance, making it ideal for anterior crowns and veneers. Utilizing leading-edge production technology, this zirconia block delivers precise, consistent results, ensuring accuracy in a wide range of restorative [&hellip;]<\/p>\n","protected":false},"featured_media":2974,"template":"","meta":{"_acf_changed":false},"product_brand":[],"product_cat":[51],"product_tag":[],"class_list":{"0":"post-1577","1":"product","2":"type-product","3":"status-publish","4":"has-post-thumbnail","6":"product_cat-multilayer-zirconia-blcok","8":"first","9":"instock","10":"shipping-taxable","11":"product-type-simple"},"acf":[],"_links":{"self":[{"href":"https:\/\/www.dentalxangtech.com\/fr\/wp-json\/wp\/v2\/product\/1577","targetHints":{"allow":["GET"]}}],"collection":[{"href":"https:\/\/www.dentalxangtech.com\/fr\/wp-json\/wp\/v2\/product"}],"about":[{"href":"https:\/\/www.dentalxangtech.com\/fr\/wp-json\/wp\/v2\/types\/product"}],"wp:featuredmedia":[{"embeddable":true,"href":"https:\/\/www.dentalxangtech.com\/fr\/wp-json\/wp\/v2\/media\/2974"}],"wp:attachment":[{"href":"https:\/\/www.dentalxangtech.com\/fr\/wp-json\/wp\/v2\/media?parent=1577"}],"wp:term":[{"taxonomy":"product_brand","embeddable":true,"href":"https:\/\/www.dentalxangtech.com\/fr\/wp-json\/wp\/v2\/product_brand?post=1577"},{"taxonomy":"product_cat","embeddable":true,"href":"https:\/\/www.dentalxangtech.com\/fr\/wp-json\/wp\/v2\/product_cat?post=1577"},{"taxonomy":"product_tag","embeddable":true,"href":"https:\/\/www.dentalxangtech.com\/fr\/wp-json\/wp\/v2\/product_tag?post=1577"}],"curies":[{"name":"WP","href":"https:\/\/api.w.org\/{rel}","templated":true}]}}