{"id":1580,"date":"2024-07-03T18:27:57","date_gmt":"2024-07-03T10:27:57","guid":{"rendered":"https:\/\/www.dentalxangtech.com\/index.php\/product\/super-high-translucent-multilayer-zirconia-block-2\/"},"modified":"2024-11-28T16:32:08","modified_gmt":"2024-11-28T08:32:08","slug":"3d-plus-multilayer-zirconia-block","status":"publish","type":"product","link":"https:\/\/www.dentalxangtech.com\/fr\/product\/3d-plus-multilayer-zirconia-block\/","title":{"rendered":"Bloc de zirconie multicouche 3D Plus"},"content":{"rendered":"<p><span style=\"font-family: arial, helvetica, sans-serif; font-size: 14pt;\">XANGTECH 3D Plus Multilayer Zirconia Block est une perc\u00e9e dans le domaine des mat\u00e9riaux dentaires, combinant les avantages de diff\u00e9rents blocs de zirconie avec des performances sup\u00e9rieures et un rapport co\u00fbt-efficacit\u00e9. Le produit a \u00e9t\u00e9 m\u00e9ticuleusement \u00e9tudi\u00e9 pour \u00e9largir les types de blocs de zirconie existants, comblant une lacune industrielle critique et faisant progresser les progr\u00e8s technologiques dans le domaine.<\/span><br \/>\n<span style=\"font-family: arial, helvetica, sans-serif; font-size: 14pt;\">Il am\u00e9liore la r\u00e9sistance \u00e0 la flexion, am\u00e9liore l'utilisation du produit et d\u00e9passe les normes de l'industrie, tout en rationalisant le processus de fabrication et en r\u00e9duisant les co\u00fbts d'exploitation. Con\u00e7u pour promouvoir un tissu gingival sain, le produit assure une haute qualit\u00e9 \u00e0 un prix comp\u00e9titif et convient \u00e0 l'utilisation dans toute la cavit\u00e9 buccale. En outre, il est biocompatible et non toxique pour la cavit\u00e9 buccale.<\/span><br \/>\n<span style=\"font-family: arial, helvetica, sans-serif; font-size: 14pt;\">Sa transparence change du bord incisal au bord cervical dans un gradient de 43%-57%. Il a une transparence plus \u00e9lev\u00e9e au bord incisal, qui peut bien simuler la transparence de l'\u00e9mail naturel, tandis qu'il a une transparence plus faible au bord cervical, qui peut couvrir efficacement la couleur sous-jacente, rendant l'effet de couleur global plus r\u00e9aliste et naturel. <\/span><br \/>\n<span style=\"font-family: arial, helvetica, sans-serif; font-size: 14pt;\">La r\u00e9sistance \u00e0 la flexion est entre 700MPa-1100MPa. Il a une grande r\u00e9sistance et une grande t\u00e9nacit\u00e9, peut r\u00e9sister \u00e0 de grandes forces de m\u00e2chage et convient \u00e0 la production de diverses restaurations orales, telles que des couronnes simples, des ponts, des placages, etc.<\/span><\/p>\n<p>&nbsp;<\/p>\n<p><span style=\"font-family: arial, helvetica, sans-serif; font-size: 14pt;\"><strong>1.Promotes tissu de gencive sain<br \/>\n2.Better qualit\u00e9 par rapport aux pairs<br \/>\n3.Can \u00eatre utilis\u00e9 dans toute la bouche<br \/>\n4.Unique et la technologie la plus r\u00e9cente pour produire des blocs de zirconie multicouche<br \/>\n<\/strong><\/span><\/p>\n<div style=\"width: 800px;\" class=\"wp-video\"><video class=\"wp-video-shortcode\" id=\"video-1580-1\" width=\"800\" height=\"450\" preload=\"metadata\" controls=\"controls\"><source type=\"video\/mp4\" src=\"https:\/\/www.dentalxangtech.com\/wp-content\/uploads\/2024\/07\/\u89c6\u9891.mp4?_=1\" \/><a href=\"https:\/\/www.dentalxangtech.com\/wp-content\/uploads\/2024\/07\/\u89c6\u9891.mp4\">https:\/\/www.dentalxangtech.com\/wp-content\/uploads\/2024\/07\/\u89c6\u9891.mp4<\/a><\/video><\/div>","protected":false},"excerpt":{"rendered":"<p>XANGTECH 3D Plus Multilayer Zirconia Block is a breakthrough in the field of dental materials, combining the advantages of various zirconia blocks with superior performance and cost-effectiveness. The product has been meticulously researched to expand on existing zirconia block types, filling a critical industry gap and leading technological advancements in the field. It enhances flexural [&hellip;]<\/p>\n","protected":false},"featured_media":2129,"template":"","meta":{"_acf_changed":false},"product_brand":[],"product_cat":[51],"product_tag":[],"class_list":{"0":"post-1580","1":"product","2":"type-product","3":"status-publish","4":"has-post-thumbnail","6":"product_cat-multilayer-zirconia-blcok","8":"first","9":"instock","10":"shipping-taxable","11":"product-type-simple"},"acf":[],"_links":{"self":[{"href":"https:\/\/www.dentalxangtech.com\/fr\/wp-json\/wp\/v2\/product\/1580","targetHints":{"allow":["GET"]}}],"collection":[{"href":"https:\/\/www.dentalxangtech.com\/fr\/wp-json\/wp\/v2\/product"}],"about":[{"href":"https:\/\/www.dentalxangtech.com\/fr\/wp-json\/wp\/v2\/types\/product"}],"wp:featuredmedia":[{"embeddable":true,"href":"https:\/\/www.dentalxangtech.com\/fr\/wp-json\/wp\/v2\/media\/2129"}],"wp:attachment":[{"href":"https:\/\/www.dentalxangtech.com\/fr\/wp-json\/wp\/v2\/media?parent=1580"}],"wp:term":[{"taxonomy":"product_brand","embeddable":true,"href":"https:\/\/www.dentalxangtech.com\/fr\/wp-json\/wp\/v2\/product_brand?post=1580"},{"taxonomy":"product_cat","embeddable":true,"href":"https:\/\/www.dentalxangtech.com\/fr\/wp-json\/wp\/v2\/product_cat?post=1580"},{"taxonomy":"product_tag","embeddable":true,"href":"https:\/\/www.dentalxangtech.com\/fr\/wp-json\/wp\/v2\/product_tag?post=1580"}],"curies":[{"name":"WP","href":"https:\/\/api.w.org\/{rel}","templated":true}]}}