{"id":1582,"date":"2024-07-03T18:32:02","date_gmt":"2024-07-03T10:32:02","guid":{"rendered":"https:\/\/www.dentalxangtech.com\/index.php\/product\/super-high-translucent-multilayer-zirconia-block-2\/"},"modified":"2024-12-03T17:18:24","modified_gmt":"2024-12-03T09:18:24","slug":"fast-burning-sintering-3d-pro-multilayer-zirconia-block","status":"publish","type":"product","link":"https:\/\/www.dentalxangtech.com\/fr\/product\/fast-burning-sintering-3d-pro-multilayer-zirconia-block\/","title":{"rendered":"Bloc de zirconie multicouche 3D Pro \u00e0 frittage rapide"},"content":{"rendered":"<p><span style=\"font-family: arial, helvetica, sans-serif; font-size: 14pt;\">XANGTECH 3DPRO Fast Burning Zirconia Block, une avanc\u00e9e innovante dans la technologie des mat\u00e9riaux dentaires. Ce bloc de zirconie est con\u00e7u pour acc\u00e9l\u00e9rer le processus de frittage des couronnes de zirconie, le terminant en 40-60 minutes rapides. Cette am\u00e9lioration am\u00e9liore consid\u00e9rablement l'efficacit\u00e9 de frittage, offrant des \u00e9conomies substantielles de temps et de co\u00fbts pour les laboratoires et les cliniques dentaires. Le processus de frittage acc\u00e9l\u00e9r\u00e9 ne compromet pas la qualit\u00e9 et la durabilit\u00e9 des couronnes en zirconie. Au lieu de cela, il garantit que les professionnels dentaires peuvent maintenir des normes de soins \u00e9lev\u00e9es tout en b\u00e9n\u00e9ficiant d'une productivit\u00e9 accrue. Le bloc de zirconie \u00e0 br\u00fblure rapide 3D PRO est con\u00e7u pour s'int\u00e9grer sans faille aux flux de travail existants, offrant une solution fiable pour rationaliser la production sans sacrifier la pr\u00e9cision ou les performances.<\/span><\/p>\n<p><span style=\"font-family: arial, helvetica, sans-serif; font-size: 14pt;\">En r\u00e9duisant le temps de frittage, le bloc 3D PRO Fast Burning permet une planification plus efficace et des temps de traitement plus rapides, am\u00e9liorant en fin de compte la satisfaction du patient. Le mat\u00e9riau pr\u00e9sente une stabilit\u00e9 remarquable et une r\u00e9sistance exceptionnelle aux fractures, ce qui le rend tr\u00e8s adapt\u00e9 pour les restaurations dentaires ant\u00e9rieures et post\u00e9rieures. Cela offre aux professionnels dentaires un choix flexible et fiable lorsqu'ils traitent de sc\u00e9narios cliniques complexes. Sa microstructure \u00e0 grains fins et son gradient de couleur naturel garantissent que chaque couronne dentaire obtient une apparence remarquablement naturelle et vive, satisfaisant ainsi les patients. exigences esth\u00e9tiques tout en fournissant la durabilit\u00e9 n\u00e9cessaire pour des r\u00e9sultats durables \u00e0 long terme. <\/span><\/p>\n<p><span style=\"font-family: arial, helvetica, sans-serif; font-size: 14pt;\">Ce mat\u00e9riau avanc\u00e9 repr\u00e9sente un pas en avant important dans la technologie dentaire, fournissant un outil pratique et efficace pour am\u00e9liorer l'efficacit\u00e9 et la qualit\u00e9 de la production de couronne de zirconie.<\/span><\/p>\n<p>&nbsp;<\/p>\n<p><span style=\"font-family: arial, helvetica, sans-serif; font-size: 14pt;\"><strong>1. Processus de frittage rapide<br \/>\n2. Am\u00e9lioration de l &apos; efficacit\u00e9 du travail<br \/>\n3. \u00c9conomie \u00e9lev\u00e9e<br \/>\n4. haute qualit\u00e9 des produits finis<br \/>\n<\/strong><\/span><\/p>\n<div style=\"width: 800px;\" class=\"wp-video\"><video class=\"wp-video-shortcode\" id=\"video-1582-1\" width=\"800\" height=\"450\" preload=\"metadata\" controls=\"controls\"><source type=\"video\/mp4\" src=\"https:\/\/www.dentalxangtech.com\/wp-content\/uploads\/2024\/07\/fast-3d-pro-multilayer-zirconia-block.mp4?_=1\" \/><a href=\"https:\/\/www.dentalxangtech.com\/wp-content\/uploads\/2024\/07\/fast-3d-pro-multilayer-zirconia-block.mp4\">https:\/\/www.dentalxangtech.com\/wp-content\/uploads\/2024\/07\/fast-3d-pro-multilayer-zirconia-block.mp4<\/a><\/video><\/div>","protected":false},"excerpt":{"rendered":"<p>XANGTECH 3DPRO Fast Burning Zirconia Block, an innovative advancement in dental material technology. This zirconia block is engineered to expedite the sintering process of zirconia crowns, completing it within a rapid 40-60 minutes. This enhancement significantly improves sintering efficiency, providing substantial time and cost savings for dental laboratories and clinics.The accelerated sintering process does not [&hellip;]<\/p>\n","protected":false},"featured_media":2114,"template":"","meta":{"_acf_changed":false},"product_brand":[],"product_cat":[51],"product_tag":[],"class_list":{"0":"post-1582","1":"product","2":"type-product","3":"status-publish","4":"has-post-thumbnail","6":"product_cat-multilayer-zirconia-blcok","8":"first","9":"instock","10":"shipping-taxable","11":"product-type-simple"},"acf":[],"_links":{"self":[{"href":"https:\/\/www.dentalxangtech.com\/fr\/wp-json\/wp\/v2\/product\/1582","targetHints":{"allow":["GET"]}}],"collection":[{"href":"https:\/\/www.dentalxangtech.com\/fr\/wp-json\/wp\/v2\/product"}],"about":[{"href":"https:\/\/www.dentalxangtech.com\/fr\/wp-json\/wp\/v2\/types\/product"}],"wp:featuredmedia":[{"embeddable":true,"href":"https:\/\/www.dentalxangtech.com\/fr\/wp-json\/wp\/v2\/media\/2114"}],"wp:attachment":[{"href":"https:\/\/www.dentalxangtech.com\/fr\/wp-json\/wp\/v2\/media?parent=1582"}],"wp:term":[{"taxonomy":"product_brand","embeddable":true,"href":"https:\/\/www.dentalxangtech.com\/fr\/wp-json\/wp\/v2\/product_brand?post=1582"},{"taxonomy":"product_cat","embeddable":true,"href":"https:\/\/www.dentalxangtech.com\/fr\/wp-json\/wp\/v2\/product_cat?post=1582"},{"taxonomy":"product_tag","embeddable":true,"href":"https:\/\/www.dentalxangtech.com\/fr\/wp-json\/wp\/v2\/product_tag?post=1582"}],"curies":[{"name":"WP","href":"https:\/\/api.w.org\/{rel}","templated":true}]}}