{"id":1585,"date":"2024-07-03T18:37:15","date_gmt":"2024-07-03T10:37:15","guid":{"rendered":"https:\/\/www.dentalxangtech.com\/index.php\/product\/3d-plus-multilayer-zirconia-block-3\/"},"modified":"2024-11-23T15:58:16","modified_gmt":"2024-11-23T07:58:16","slug":"5d-multilayer-zirconia-block","status":"publish","type":"product","link":"https:\/\/www.dentalxangtech.com\/fr\/product\/5d-multilayer-zirconia-block\/","title":{"rendered":"Bloc de zirconie multicouche 5D"},"content":{"rendered":"<p><span style=\"font-family: arial, helvetica, sans-serif; font-size: 14pt;\">XANGTECH 5D Multilayer Zirconia Block, un mat\u00e9riau dentaire avanc\u00e9 qui \u00e9tablit une nouvelle r\u00e9f\u00e9rence dans l'industrie. En utilisant une technologie de production propri\u00e9taire, nous avons surmont\u00e9 les obstacles techniques pour atteindre la plus haute translucidit\u00e9 disponible. Nos blocs de zirconie pr\u00e9sentent une conception multicouche sophistiqu\u00e9e, assurant une gradation sans couture qui imite \u00e9troitement les dents naturelles.<\/span><\/p>\n<p><span style=\"font-family: arial, helvetica, sans-serif; font-size: 14pt;\">La haute transparence de notre zirconie permet un produit final plus blanc et esth\u00e9tiquement plus agr\u00e9able. Con\u00e7us pour une r\u00e9sistance exceptionnelle, ces blocs prolongent consid\u00e9rablement la dur\u00e9e de vie des restaurations dentaires, offrant une durabilit\u00e9 durable. Fabriqu\u00e9s pour r\u00e9pondre aux normes rigoureuses de l'industrie, les blocs de zirconie multicouche 5D de XANGTECH assurent la s\u00e9curit\u00e9 et la fiabilit\u00e9 tant pour les professionnels dentaires que pour les patients. Am\u00e9liorez votre pratique dentaire avec la technologie innovante de zirconie de XANGTECH, con\u00e7ue pour des performances et une qualit\u00e9 sup\u00e9rieures dans les restaurations dentaires.<\/span><\/p>\n<p>&nbsp;<\/p>\n<p><span style=\"font-family: arial, helvetica, sans-serif; font-size: 14pt;\"><strong>1.Exclusif \u00e0 l'industrie&#8217; la derni\u00e8re technologie<br \/>\n2.Various couleurs disponibles<br \/>\n3.Wide gamme d'applications<br \/>\n4.Aucune pollution \u00e0 l'environnement oral<br \/>\n<\/strong><\/span><\/p>\n<div style=\"width: 800px;\" class=\"wp-video\"><video class=\"wp-video-shortcode\" id=\"video-1585-1\" width=\"800\" height=\"450\" preload=\"metadata\" controls=\"controls\"><source type=\"video\/mp4\" src=\"https:\/\/www.dentalxangtech.com\/wp-content\/uploads\/2024\/07\/5d\u9506\u5757.mp4?_=1\" \/><a href=\"https:\/\/www.dentalxangtech.com\/wp-content\/uploads\/2024\/07\/5d\u9506\u5757.mp4\">https:\/\/www.dentalxangtech.com\/wp-content\/uploads\/2024\/07\/5d\u9506\u5757.mp4<\/a><\/video><\/div>\n<p>&nbsp;<\/p>","protected":false},"excerpt":{"rendered":"<p>XANGTECH 5D Multilayer Zirconia Block, an advanced dental material that sets a new benchmark in the industry. Utilizing proprietary production technology, we have overcome technical barriers to achieve the highest translucency available. Our zirconia blocks feature a sophisticated multilayer design, ensuring a seamless gradation that closely mimics natural teeth. The high transparency of our zirconia [&hellip;]<\/p>\n","protected":false},"featured_media":3096,"template":"","meta":{"_acf_changed":false},"product_brand":[],"product_cat":[51],"product_tag":[],"class_list":{"0":"post-1585","1":"product","2":"type-product","3":"status-publish","4":"has-post-thumbnail","6":"product_cat-multilayer-zirconia-blcok","8":"first","9":"instock","10":"shipping-taxable","11":"product-type-simple"},"acf":[],"_links":{"self":[{"href":"https:\/\/www.dentalxangtech.com\/fr\/wp-json\/wp\/v2\/product\/1585","targetHints":{"allow":["GET"]}}],"collection":[{"href":"https:\/\/www.dentalxangtech.com\/fr\/wp-json\/wp\/v2\/product"}],"about":[{"href":"https:\/\/www.dentalxangtech.com\/fr\/wp-json\/wp\/v2\/types\/product"}],"wp:featuredmedia":[{"embeddable":true,"href":"https:\/\/www.dentalxangtech.com\/fr\/wp-json\/wp\/v2\/media\/3096"}],"wp:attachment":[{"href":"https:\/\/www.dentalxangtech.com\/fr\/wp-json\/wp\/v2\/media?parent=1585"}],"wp:term":[{"taxonomy":"product_brand","embeddable":true,"href":"https:\/\/www.dentalxangtech.com\/fr\/wp-json\/wp\/v2\/product_brand?post=1585"},{"taxonomy":"product_cat","embeddable":true,"href":"https:\/\/www.dentalxangtech.com\/fr\/wp-json\/wp\/v2\/product_cat?post=1585"},{"taxonomy":"product_tag","embeddable":true,"href":"https:\/\/www.dentalxangtech.com\/fr\/wp-json\/wp\/v2\/product_tag?post=1585"}],"curies":[{"name":"WP","href":"https:\/\/api.w.org\/{rel}","templated":true}]}}