{"id":1833,"date":"2024-07-10T10:53:08","date_gmt":"2024-07-10T02:53:08","guid":{"rendered":"https:\/\/www.dentalxangtech.com\/?post_type=product&#038;p=1833"},"modified":"2024-08-09T15:49:48","modified_gmt":"2024-08-09T07:49:48","slug":"lithium-disilicate-block","status":"publish","type":"product","link":"https:\/\/www.dentalxangtech.com\/fr\/product\/lithium-disilicate-block\/","title":{"rendered":"Bloc de disilicate de lithium"},"content":{"rendered":"<p><span style=\"font-size: 14pt;\">Le disilicate de lithium XANGTECH offre des avantages importants pour les restaurations dentaires, caract\u00e9ris\u00e9 par sa stabilit\u00e9 chimique \u00e9lev\u00e9e et sa r\u00e9sistance \u00e0 la flexion impressionnante, qui contribuent \u00e0 la long\u00e9vit\u00e9 et \u00e0 la fiabilit\u00e9 de la proth\u00e8se finale. Ce mat\u00e9riau est tr\u00e8s propice au fraisage, r\u00e9duisant l'usure des bornes et prolongeant leur dur\u00e9e de vie, optimisant ainsi l'efficacit\u00e9 op\u00e9rationnelle. Le processus de cristallisation du disilicate de lithium est \u00e0 la fois simple et rapide, r\u00e9duisant au minimum le temps de proc\u00e9dure n\u00e9cessaire et am\u00e9liorant l'efficacit\u00e9 du flux de travail au sein du laboratoire.<\/span><br \/>\n<span style=\"font-size: 14pt;\">D'un point de vue esth\u00e9tique, le disilicate de lithium excelle pour fournir des restaurations avec une translucidit\u00e9 sup\u00e9rieure et une combinaison de couleurs, essentielles pour obtenir une finition de haute qualit\u00e9 et d'apparence naturelle. Ses propri\u00e9t\u00e9s m\u00e9caniques garantissent que les restaurations peuvent r\u00e9sister aux contraintes fonctionnelles, ce qui en fait un choix pr\u00e9f\u00e9r\u00e9 pour un large \u00e9ventail d'applications dentaires, y compris les couronnes, les ponts, les incrustations, les onlays et les placages.<\/span><\/p>\n<p><span style=\"font-size: 14pt;\"><strong>1.High stabilit\u00e9 chimique et r\u00e9sistance \u00e0 la flexion<\/strong><\/span><br \/>\n<span style=\"font-size: 14pt;\"><strong>2.Easy pour fraiser, prolonger la dur\u00e9e d'utilisation des bors<\/strong><\/span><br \/>\n<span style=\"font-size: 14pt;\"><strong>Processus de cristallisation 3.Simple et rapide, moins de temps de fonctionnement<\/strong><\/span><br \/>\n<span style=\"font-size: 14pt;\"><strong>Effet de r\u00e9paration esth\u00e9tique 4.High<\/strong><\/span><\/p>","protected":false},"excerpt":{"rendered":"<p>XANGTECH lithium disilicate offers significant advantages for dental restorations, characterized by its high chemical stability and impressive bending strength, which contribute to the longevity and reliability of the final prosthesis. This material is highly conducive to milling, reducing wear on burs and extending their lifespan, thus optimizing operational efficiency. The crystallization process of lithium disilicate [&hellip;]<\/p>\n","protected":false},"featured_media":2135,"template":"","meta":{"_acf_changed":false},"product_brand":[],"product_cat":[15],"product_tag":[],"class_list":{"0":"post-1833","1":"product","2":"type-product","3":"status-publish","4":"has-post-thumbnail","6":"product_cat-restoration-materials","8":"first","9":"instock","10":"shipping-taxable","11":"product-type-simple"},"acf":[],"_links":{"self":[{"href":"https:\/\/www.dentalxangtech.com\/fr\/wp-json\/wp\/v2\/product\/1833","targetHints":{"allow":["GET"]}}],"collection":[{"href":"https:\/\/www.dentalxangtech.com\/fr\/wp-json\/wp\/v2\/product"}],"about":[{"href":"https:\/\/www.dentalxangtech.com\/fr\/wp-json\/wp\/v2\/types\/product"}],"wp:featuredmedia":[{"embeddable":true,"href":"https:\/\/www.dentalxangtech.com\/fr\/wp-json\/wp\/v2\/media\/2135"}],"wp:attachment":[{"href":"https:\/\/www.dentalxangtech.com\/fr\/wp-json\/wp\/v2\/media?parent=1833"}],"wp:term":[{"taxonomy":"product_brand","embeddable":true,"href":"https:\/\/www.dentalxangtech.com\/fr\/wp-json\/wp\/v2\/product_brand?post=1833"},{"taxonomy":"product_cat","embeddable":true,"href":"https:\/\/www.dentalxangtech.com\/fr\/wp-json\/wp\/v2\/product_cat?post=1833"},{"taxonomy":"product_tag","embeddable":true,"href":"https:\/\/www.dentalxangtech.com\/fr\/wp-json\/wp\/v2\/product_tag?post=1833"}],"curies":[{"name":"WP","href":"https:\/\/api.w.org\/{rel}","templated":true}]}}