{"id":1834,"date":"2024-07-10T10:56:45","date_gmt":"2024-07-10T02:56:45","guid":{"rendered":"https:\/\/www.dentalxangtech.com\/?post_type=product&#038;p=1834"},"modified":"2026-01-27T10:43:16","modified_gmt":"2026-01-27T02:43:16","slug":"xt50-milling-machine","status":"publish","type":"product","link":"https:\/\/www.dentalxangtech.com\/fr\/product\/xt50-milling-machine\/","title":{"rendered":"Fraiseuse s\u00e8che XT-50"},"content":{"rendered":"<p><span style=\"font-size: 14pt;\">La fraise \u00e0 sec XANGTECH XT-50 poss\u00e8de de nombreuses fonctionnalit\u00e9s intelligentes, vous fournissant la meilleure solution dentaire. Notre fraise \u00e0 zirconie XT-50 est \u00e9quip\u00e9e d'une fonction de r\u00e9cup\u00e9ration d'arr\u00eat. En cas d'urgence dentaire ou d'interruption pendant l'usinage, il peut reprendre automatiquement le traitement, \u00e9vitant efficacement le travail r\u00e9p\u00e9titif qui augmente le temps de traitement et r\u00e9duit l'efficacit\u00e9. XANGTECH XT-50 machine de fraise de zirconie dentaire&#8217; La sonde int\u00e9gr\u00e9e de haute pr\u00e9cision permet l'\u00e9talonnage automatique en un clic de l'axe ABXYZ et d\u00e9tecte automatiquement la dur\u00e9e de vie et l'usure de la borne de fraisage, ce qui permet de gagner du temps et de simplifier l'exploitation. Il suffit de se connecter et de commencer \u00e0 travailler. En outre, il peut couper les mat\u00e9riaux dentaires verticalement \u00e0 90 degr\u00e9s. Cela permet un traitement plus pr\u00e9cis des motifs dentaires lors de la fraise des incisives, contribuant \u00e0 fournir aux clients des proth\u00e8ses dentaires plus r\u00e9alistes. De plus, ses grands angles d'axe B, atteignant 35\u00b0 et -91\u00b0, accueillent parfaitement les implants grand angle. Pour conserver les mat\u00e9riaux dentaires et \u00e9viter les d\u00e9chets inutiles, notre fraise dentaire \u00e0 5 axes en zirconie XT-50 utilise une pince de type C, am\u00e9liorant consid\u00e9rablement l'utilisation des mat\u00e9riaux de 20%. La machine de fraise de laboratoire dentaire en zirconie XT-50 est non seulement hautement efficace et stable, mais dispose \u00e9galement de vitesses de traitement de pointe dans l'industrie, y compris le changement automatique d'outil dans un magazine de 10 outils et l'usinage \u00e0 une seule couronne en pas plus de 13 minutes. La fraise \u00e0 zirconie s\u00e8che XANGTECH XT-50 adopte une structure en silicone int\u00e9gr\u00e9e \u00e0 l'\u00e9preuve de poussi\u00e8re qui peut s'adapter \u00e9troitement aux espaces de l'\u00e9quipement. Il \u00e9vite non seulement efficacement la poussi\u00e8re g\u00e9n\u00e9r\u00e9e lors de la coupe de mat\u00e9riaux dentaires, tels que <span style=\"color: #00ccff;\"><a style=\"color: #00ccff;\" href=\"https:\/\/www.dentalxangtech.com\/fr\/product-category\/dental-material\/dental-zirconia-block\/\">bloc de zirconie<\/a>,<\/span> d'envahir l'int\u00e9rieur de la fraise, mais r\u00e9duit \u00e9galement l'usure des composants de base, prolonge leur dur\u00e9e de vie et r\u00e9duit les co\u00fbts d'entretien ult\u00e9rieurs. Ses nombreuses fonctionnalit\u00e9s intelligentes, coupl\u00e9es \u00e0 notre service apr\u00e8s-vente en ligne fiable 24\/7, qui fournit des commentaires imm\u00e9diats dans les 1 heure de toute question, r\u00e9solvent tous les probl\u00e8mes dentaires pour vous.<\/span><\/p>\n<p><span style=\"font-size: 18pt;\"><strong>1.Automatiquement reprend le traitement apr\u00e8s l'interruption.\u00a0<\/strong><\/span><\/p>\n<p><span style=\"font-size: 14pt;\"><strong> <img fetchpriority=\"high\" decoding=\"async\" class=\"alignnone size-medium wp-image-4653\" src=\"https:\/\/www.dentalxangtech.com\/wp-content\/uploads\/2024\/07\/1-9-300x172.jpg\" alt=\"Fraiseuse XT50\" width=\"300\" height=\"172\" srcset=\"https:\/\/www.dentalxangtech.com\/wp-content\/uploads\/2024\/07\/1-9-300x172.jpg 300w, https:\/\/www.dentalxangtech.com\/wp-content\/uploads\/2024\/07\/1-9-18x10.jpg 18w, https:\/\/www.dentalxangtech.com\/wp-content\/uploads\/2024\/07\/1-9-600x344.jpg 600w, https:\/\/www.dentalxangtech.com\/wp-content\/uploads\/2024\/07\/1-9.jpg 750w\" sizes=\"(max-width: 300px) 100vw, 300px\" \/><\/strong><\/span><\/p>\n<p><span style=\"font-size: 18pt;\"><strong>Coupe verticale de 2,90 degr\u00e9s pour les textures des dents ant\u00e9rieures.<\/strong><\/span><\/p>\n<p><img decoding=\"async\" class=\"alignnone size-medium wp-image-4654\" src=\"https:\/\/www.dentalxangtech.com\/wp-content\/uploads\/2024\/07\/2-10-300x172.jpg\" alt=\"Fraiseuse XT50\" width=\"300\" height=\"172\" srcset=\"https:\/\/www.dentalxangtech.com\/wp-content\/uploads\/2024\/07\/2-10-300x172.jpg 300w, https:\/\/www.dentalxangtech.com\/wp-content\/uploads\/2024\/07\/2-10-18x10.jpg 18w, https:\/\/www.dentalxangtech.com\/wp-content\/uploads\/2024\/07\/2-10-600x344.jpg 600w, https:\/\/www.dentalxangtech.com\/wp-content\/uploads\/2024\/07\/2-10.jpg 750w\" sizes=\"(max-width: 300px) 100vw, 300px\" \/><\/p>\n<p><span style=\"font-size: 18pt;\"><strong>3.Axe B \u00e0 grand angle de 35\u00b0 et -91\u00b0 pour les implants \u00e0 grand angle.<\/strong><\/span><\/p>\n<p><img decoding=\"async\" class=\"alignnone size-medium wp-image-4655\" src=\"https:\/\/www.dentalxangtech.com\/wp-content\/uploads\/2024\/07\/3-12-300x172.jpg\" alt=\"Fraiseuse XT50\" width=\"300\" height=\"172\" srcset=\"https:\/\/www.dentalxangtech.com\/wp-content\/uploads\/2024\/07\/3-12-300x172.jpg 300w, https:\/\/www.dentalxangtech.com\/wp-content\/uploads\/2024\/07\/3-12-18x10.jpg 18w, https:\/\/www.dentalxangtech.com\/wp-content\/uploads\/2024\/07\/3-12-600x344.jpg 600w, https:\/\/www.dentalxangtech.com\/wp-content\/uploads\/2024\/07\/3-12.jpg 750w\" sizes=\"(max-width: 300px) 100vw, 300px\" \/><br \/>\n<span style=\"font-size: 18pt;\"><strong>Le dispositif de type 4.C am\u00e9liore l'utilisation des mat\u00e9riaux de 20%.<\/strong><\/span><\/p>\n<p><img loading=\"lazy\" decoding=\"async\" class=\"alignnone size-medium wp-image-4656\" src=\"https:\/\/www.dentalxangtech.com\/wp-content\/uploads\/2024\/07\/4-7-300x172.jpg\" alt=\"Fraiseuse XT50\" width=\"300\" height=\"172\" srcset=\"https:\/\/www.dentalxangtech.com\/wp-content\/uploads\/2024\/07\/4-7-300x172.jpg 300w, https:\/\/www.dentalxangtech.com\/wp-content\/uploads\/2024\/07\/4-7-18x10.jpg 18w, https:\/\/www.dentalxangtech.com\/wp-content\/uploads\/2024\/07\/4-7-600x344.jpg 600w, https:\/\/www.dentalxangtech.com\/wp-content\/uploads\/2024\/07\/4-7.jpg 750w\" sizes=\"(max-width: 300px) 100vw, 300px\" \/><\/p>\n<p><span style=\"font-size: 18pt;\"><strong>5.Automatique d\u00e9tection et \u00e9talonnage de l'outillage de l'axe.<\/strong><\/span><\/p>\n<p><img loading=\"lazy\" decoding=\"async\" class=\"alignnone size-medium wp-image-4657\" src=\"https:\/\/www.dentalxangtech.com\/wp-content\/uploads\/2024\/07\/5-6-300x172.jpg\" alt=\"Fraiseuse XT50\" width=\"300\" height=\"172\" srcset=\"https:\/\/www.dentalxangtech.com\/wp-content\/uploads\/2024\/07\/5-6-300x172.jpg 300w, https:\/\/www.dentalxangtech.com\/wp-content\/uploads\/2024\/07\/5-6-18x10.jpg 18w, https:\/\/www.dentalxangtech.com\/wp-content\/uploads\/2024\/07\/5-6-600x344.jpg 600w, https:\/\/www.dentalxangtech.com\/wp-content\/uploads\/2024\/07\/5-6.jpg 750w\" sizes=\"(max-width: 300px) 100vw, 300px\" \/><\/p>\n<p><span style=\"font-size: 18pt;\"><strong>Changement automatique d'outil 6.10, traitement de couronne unique \u226413 minutes.<\/strong><\/span><\/p>\n<p><img loading=\"lazy\" decoding=\"async\" class=\"alignnone size-medium wp-image-4658\" src=\"https:\/\/www.dentalxangtech.com\/wp-content\/uploads\/2024\/07\/6-8-300x172.jpg\" alt=\"Fraiseuse XT50\" width=\"300\" height=\"172\" srcset=\"https:\/\/www.dentalxangtech.com\/wp-content\/uploads\/2024\/07\/6-8-300x172.jpg 300w, https:\/\/www.dentalxangtech.com\/wp-content\/uploads\/2024\/07\/6-8-18x10.jpg 18w, https:\/\/www.dentalxangtech.com\/wp-content\/uploads\/2024\/07\/6-8-600x344.jpg 600w, https:\/\/www.dentalxangtech.com\/wp-content\/uploads\/2024\/07\/6-8.jpg 750w\" sizes=\"(max-width: 300px) 100vw, 300px\" \/><\/p>\n<p><strong><span style=\"font-size: 18pt;\">La structure en silicone \u00e0 l'\u00e9preuve de la poussi\u00e8re 7.Integrated emp\u00eache la poussi\u00e8re d'envahir l'int\u00e9rieur du corps.<\/span><\/strong><\/p>\n<p><img loading=\"lazy\" decoding=\"async\" class=\"alignnone size-medium wp-image-4659\" src=\"https:\/\/www.dentalxangtech.com\/wp-content\/uploads\/2024\/07\/7-300x172.jpg\" alt=\"Fraiseuse XT50\" width=\"300\" height=\"172\" srcset=\"https:\/\/www.dentalxangtech.com\/wp-content\/uploads\/2024\/07\/7-300x172.jpg 300w, https:\/\/www.dentalxangtech.com\/wp-content\/uploads\/2024\/07\/7-18x10.jpg 18w, https:\/\/www.dentalxangtech.com\/wp-content\/uploads\/2024\/07\/7-600x344.jpg 600w, https:\/\/www.dentalxangtech.com\/wp-content\/uploads\/2024\/07\/7.jpg 750w\" sizes=\"(max-width: 300px) 100vw, 300px\" \/><\/p>\n<p><strong><span style=\"font-size: 18pt;\">8.La machine avec la version optimis\u00e9e d'Hyperdent.<\/span><\/strong><\/p>\n<p><img loading=\"lazy\" decoding=\"async\" class=\"alignnone size-medium wp-image-4660\" src=\"https:\/\/www.dentalxangtech.com\/wp-content\/uploads\/2024\/07\/8-300x172.jpg\" alt=\"Fraiseuse XT50\" width=\"300\" height=\"172\" srcset=\"https:\/\/www.dentalxangtech.com\/wp-content\/uploads\/2024\/07\/8-300x172.jpg 300w, https:\/\/www.dentalxangtech.com\/wp-content\/uploads\/2024\/07\/8-18x10.jpg 18w, https:\/\/www.dentalxangtech.com\/wp-content\/uploads\/2024\/07\/8-600x344.jpg 600w, https:\/\/www.dentalxangtech.com\/wp-content\/uploads\/2024\/07\/8.jpg 750w\" sizes=\"(max-width: 300px) 100vw, 300px\" \/><\/p>\n<p style=\"text-align: center;\"><span style=\"font-size: 24pt;\"><strong>D\u00e9monstration de travail<\/strong><\/span><\/p>\n<p><iframe title=\"Fraiseuse dentaire XANGTECH XT-50\" width=\"800\" height=\"450\" src=\"https:\/\/www.youtube.com\/embed\/wWUbFP1t8sk?feature=oembed\" frameborder=\"0\" allow=\"accelerometer; autoplay; clipboard-write; encrypted-media; gyroscope; picture-in-picture; web-share\" referrerpolicy=\"strict-origin-when-cross-origin\" allowfullscreen><\/iframe><\/p>","protected":false},"excerpt":{"rendered":"<p>XANGTECH XT-50 dry milling machine has numerous intelligent features, providing you with the best dental solution. Our XT-50 zirconia milling machine is equipped with a power-off recovery function. In the event of a dental emergency or interruption during machining, it can automatically resume processing, effectively avoiding repetitive work that increases processing time and reduces efficiency.XANGTECH [&hellip;]<\/p>\n","protected":false},"featured_media":4640,"template":"","meta":{"_acf_changed":false},"product_brand":[],"product_cat":[76],"product_tag":[],"class_list":{"0":"post-1834","1":"product","2":"type-product","3":"status-publish","4":"has-post-thumbnail","6":"product_cat-dental-milling-machine","8":"first","9":"instock","10":"shipping-taxable","11":"product-type-simple"},"acf":[],"_links":{"self":[{"href":"https:\/\/www.dentalxangtech.com\/fr\/wp-json\/wp\/v2\/product\/1834","targetHints":{"allow":["GET"]}}],"collection":[{"href":"https:\/\/www.dentalxangtech.com\/fr\/wp-json\/wp\/v2\/product"}],"about":[{"href":"https:\/\/www.dentalxangtech.com\/fr\/wp-json\/wp\/v2\/types\/product"}],"wp:featuredmedia":[{"embeddable":true,"href":"https:\/\/www.dentalxangtech.com\/fr\/wp-json\/wp\/v2\/media\/4640"}],"wp:attachment":[{"href":"https:\/\/www.dentalxangtech.com\/fr\/wp-json\/wp\/v2\/media?parent=1834"}],"wp:term":[{"taxonomy":"product_brand","embeddable":true,"href":"https:\/\/www.dentalxangtech.com\/fr\/wp-json\/wp\/v2\/product_brand?post=1834"},{"taxonomy":"product_cat","embeddable":true,"href":"https:\/\/www.dentalxangtech.com\/fr\/wp-json\/wp\/v2\/product_cat?post=1834"},{"taxonomy":"product_tag","embeddable":true,"href":"https:\/\/www.dentalxangtech.com\/fr\/wp-json\/wp\/v2\/product_tag?post=1834"}],"curies":[{"name":"WP","href":"https:\/\/api.w.org\/{rel}","templated":true}]}}