{"id":1835,"date":"2024-07-10T10:58:13","date_gmt":"2024-07-10T02:58:13","guid":{"rendered":"https:\/\/www.dentalxangtech.com\/?post_type=product&#038;p=1835"},"modified":"2025-12-30T15:11:29","modified_gmt":"2025-12-30T07:11:29","slug":"11s-zirconia-sintering-furnace","status":"publish","type":"product","link":"https:\/\/www.dentalxangtech.com\/fr\/product\/11s-zirconia-sintering-furnace\/","title":{"rendered":"11S zirconie four de frittage"},"content":{"rendered":"<p><span style=\"font-size: 14pt;\">Le four de frittage en zirconie XANGTECH 11s est le choix optimal pour le frittage de proth\u00e8ses dentaires. Notre four de frittage en zirconie dispose d'une chambre spacieuse de diam\u00e8tre de 100 mm, qui fritte facilement des proth\u00e8ses en zirconie empil\u00e9es \u00e0 3 couches. Cela augmente consid\u00e9rablement le rendement de traitement \u00e0 coup unique, r\u00e9duit les cycles de frittage, am\u00e9liore l'efficacit\u00e9 de la production dentaire et r\u00e9duit les co\u00fbts \u00e9nerg\u00e9tiques. 4 \u00e9l\u00e9ments chauffants en silicium-molybd\u00e8ne de haute puret\u00e9 avec une excellente r\u00e9sistance \u00e0 l'oxydation fournissent un chauffage environnant. Cela assure non seulement un fonctionnement stable \u00e0 long terme, r\u00e9duisant l'entretien et les co\u00fbts, mais assure \u00e9galement une distribution plus uniforme de la temp\u00e9rature au sein du four de frittage, assurant un chauffage uniforme dans toutes les parties du four. <span style=\"color: #00ccff;\"><a style=\"color: #00ccff;\" href=\"https:\/\/www.dentalxangtech.com\/fr\/product-category\/dental-material\/dental-zirconia-block\/\">zirconie<\/a><\/span> proth\u00e8se dentaire pendant le frittage. Cela emp\u00eache efficacement la fissuration, la d\u00e9formation et la densit\u00e9 in\u00e9gale, am\u00e9liorant consid\u00e9rablement la qualit\u00e9 et le rendement du produit fini. Le four de frittage dentaire 11s peut atteindre une temp\u00e9rature maximale de 1650\u00b0C et un taux de chauffage allant jusqu'\u00e0 100\u00b0C\/minute, ce qui permet un frittage rapide et pr\u00e9cis. Dans les situations d'urgence, le mode de frittage rapide peut r\u00e9pondre aux besoins urgents des clients. Pour les proth\u00e8ses dentaires ayant des exigences \u00e9lev\u00e9es, des mat\u00e9riaux sp\u00e9ciaux ou des structures complexes, le mode \u00e0 feu lent permet de fritter le mat\u00e9riau dans un gradient de temp\u00e9rature stable, ce qui entra\u00eene une structure cristalline plus dense et plus uniforme \u00e0 l'int\u00e9rieur de la proth\u00e8se dentaire, am\u00e9liorant les propri\u00e9t\u00e9s physiques telles que la r\u00e9sistance et la r\u00e9sistance, et prolongant la dur\u00e9e de vie de la proth\u00e8se dentaire.<\/span><\/p>\n<p><span style=\"font-size: 14pt;\">Notre four de frittage de zirconie&#8217; L'affichage intuitif permet aux utilisateurs de d\u00e9finir facilement divers param\u00e8tres de frittage, et la fonction d'annonce vocale int\u00e9gr\u00e9e simplifie consid\u00e9rablement le fonctionnement. La puissante plateforme Linux 32 bits prend en charge des fonctionnalit\u00e9s logicielles puissantes et des mises \u00e0 jour futures. L'unique <span style=\"color: #00ccff;\"><a style=\"color: #00ccff;\" href=\"https:\/\/www.dentalxangtech.com\/fr\/product-category\/dental-material\/dental-zirconia-block\/\">bloc de zirconie<\/a><\/span> La fonction de pr\u00e9-s\u00e9chage r\u00e9duit non seulement le risque de fissuration de la proth\u00e8se dentaire, mais assure \u00e9galement la durabilit\u00e9 et l'esth\u00e9tique. Pendant le fonctionnement, notre four de frittage de zirconie dentaire indique non seulement le nombre de particules fritt\u00e9es, mais dispose \u00e9galement de fonctions de stockage et d'analyse pour assurer un contr\u00f4le de qualit\u00e9 complet tout au long du processus.<\/span><\/p>\n<p><span style=\"font-size: 18pt;\"><b>1. chambre de four de diam\u00e8tre de 100mm permet le frittage de proth\u00e8ses dentaires de 3 couches.<\/b><\/span><\/p>\n<p><span style=\"font-size: 18pt;\"><b>2. 4 \u00e9l\u00e9ments chauffants en silicium-molybd\u00e8ne de haute puret\u00e9 entourent la chambre pour un chauffage uniforme.<\/b><\/span><\/p>\n<p><span style=\"font-size: 18pt;\"><b>3. Soutient \u00e0 la fois le frittage rapide et lent.<\/b><\/span><\/p>\n<p><span style=\"font-size: 18pt;\"><b>4. La fonction de pr\u00e9-s\u00e9chage du bloc de zirconie emp\u00eache la fissuration de la proth\u00e8se dentaire.<\/b><\/span><\/p>\n<p><span style=\"font-size: 18pt;\"><b>5. Indicateur de nombre de particules fritt\u00e9es, fonctions de stockage et d'analyse.<\/b><\/span><\/p>\n<p style=\"text-align: center;\"><span style=\"font-size: 24pt;\"><strong>D\u00e9monstration de travail<\/strong><\/span><\/p>\n<p><iframe title=\"XANGTECH Dental zirconie four de frittage\" width=\"800\" height=\"450\" src=\"https:\/\/www.youtube.com\/embed\/NSWjRCcyGPQ?feature=oembed\" frameborder=\"0\" allow=\"accelerometer; autoplay; clipboard-write; encrypted-media; gyroscope; picture-in-picture; web-share\" referrerpolicy=\"strict-origin-when-cross-origin\" allowfullscreen><\/iframe><\/p>\n<p>&nbsp;<\/p>","protected":false},"excerpt":{"rendered":"<p>XANGTECH 11s zirconia sintering furnace is the optimal choice for sintering dental dentures. Our zirconia sintering furnace boasts a spacious 100mm diameter chamber, easily sintering 3 layers stacked zirconia dentures. This significantly increases single-shot processing output, reduces sintering cycles, improves dental production efficiency, and reduces energy costs. 4 high-purity silicon-molybdenum heating elements with excellent oxidation [&hellip;]<\/p>\n","protected":false},"featured_media":2175,"template":"","meta":{"_acf_changed":false},"product_brand":[],"product_cat":[77],"product_tag":[],"class_list":{"0":"post-1835","1":"product","2":"type-product","3":"status-publish","4":"has-post-thumbnail","6":"product_cat-zirconia-sintering-furnace","8":"first","9":"instock","10":"shipping-taxable","11":"product-type-simple"},"acf":[],"_links":{"self":[{"href":"https:\/\/www.dentalxangtech.com\/fr\/wp-json\/wp\/v2\/product\/1835","targetHints":{"allow":["GET"]}}],"collection":[{"href":"https:\/\/www.dentalxangtech.com\/fr\/wp-json\/wp\/v2\/product"}],"about":[{"href":"https:\/\/www.dentalxangtech.com\/fr\/wp-json\/wp\/v2\/types\/product"}],"wp:featuredmedia":[{"embeddable":true,"href":"https:\/\/www.dentalxangtech.com\/fr\/wp-json\/wp\/v2\/media\/2175"}],"wp:attachment":[{"href":"https:\/\/www.dentalxangtech.com\/fr\/wp-json\/wp\/v2\/media?parent=1835"}],"wp:term":[{"taxonomy":"product_brand","embeddable":true,"href":"https:\/\/www.dentalxangtech.com\/fr\/wp-json\/wp\/v2\/product_brand?post=1835"},{"taxonomy":"product_cat","embeddable":true,"href":"https:\/\/www.dentalxangtech.com\/fr\/wp-json\/wp\/v2\/product_cat?post=1835"},{"taxonomy":"product_tag","embeddable":true,"href":"https:\/\/www.dentalxangtech.com\/fr\/wp-json\/wp\/v2\/product_tag?post=1835"}],"curies":[{"name":"WP","href":"https:\/\/api.w.org\/{rel}","templated":true}]}}