{"id":1838,"date":"2024-07-10T11:30:43","date_gmt":"2024-07-10T03:30:43","guid":{"rendered":"https:\/\/www.dentalxangtech.com\/?post_type=product&#038;p=1838"},"modified":"2024-08-09T15:50:20","modified_gmt":"2024-08-09T07:50:20","slug":"press-ingots","status":"publish","type":"product","link":"https:\/\/www.dentalxangtech.com\/fr\/product\/press-ingots\/","title":{"rendered":"Lingots de presse"},"content":{"rendered":"<p><span style=\"font-size: 14pt;\">Les lingots de presse XANGTECH offrent de nombreux avantages pour les restaurations dentaires, offrant une stabilit\u00e9 chimique \u00e9lev\u00e9e et une r\u00e9sistance \u00e0 la compression. Cela garantit que les proth\u00e8ses finales sont durables et fiables, capables de r\u00e9sister aux contraintes fonctionnelles au fil du temps. Les lingots de presse sont conviviaux et faciles \u00e0 utiliser, r\u00e9duisant consid\u00e9rablement les dommages caus\u00e9s par la fraise et prolongeant ainsi la dur\u00e9e de vie de votre \u00e9quipement. <\/span><br \/>\n<span style=\"font-size: 14pt;\">Le traitement des lingots de presse est \u00e0 la fois simple et rapide, impliquant moins d'\u00e9tapes dentaires. Ce processus simplifi\u00e9 am\u00e9liore l'efficacit\u00e9 du flux de travail, permettant des d\u00e9lais d'ex\u00e9cution plus rapides et une productivit\u00e9 accrue dans le laboratoire dentaire. La conception l\u00e9g\u00e8re et compacte des lingots de presse contribue en outre \u00e0 la facilit\u00e9 de manipulation, ce qui en fait un choix pratique pour les professionnels dentaires. D'un point de vue esth\u00e9tique, les lingots de presse offrent des r\u00e9sultats sup\u00e9rieurs, avec une excellente translucidit\u00e9 et des capacit\u00e9s de correspondance des couleurs qui sont cruciales pour cr\u00e9er des restaurations \u00e0 l'apparence naturelle. Ils conviennent \u00e0 un large \u00e9ventail d'applications dentaires, y compris les couronnes, les ponts, les incrustations, les onlays et les placages, ce qui en fait une option polyvalente en dentisterie restauratrice.<\/span><\/p>\n<p>&nbsp;<\/p>\n<p><span style=\"font-size: 14pt;\"><strong>1.High stabilit\u00e9 chimique et r\u00e9sistance \u00e0 la compression<\/strong><\/span><br \/>\n<span style=\"font-size: 14pt;\"><strong>2.Easy \u00e0 travailler avec, r\u00e9duit les dommages de fraisage<\/strong><\/span><br \/>\n<span style=\"font-size: 14pt;\"><strong>3. traitement simple et rapide avec moins d'\u00e9tapes dentaires<\/strong><\/span><br \/>\n<span style=\"font-size: 14pt;\"><strong>4.Lightweight, compact et facile \u00e0 utiliser<\/strong><\/span><\/p>","protected":false},"excerpt":{"rendered":"<p>XANGTECH press ingots offer numerous advantages for dental restorations, providing high chemical stability and compressive strength. This ensures that the final prosthetics are durable and reliable, capable of withstanding functional stresses over time.Press ingots are user-friendly and easy to work with, significantly reducing milling bur damage and thereby extending the lifespan of your equipment. The [&hellip;]<\/p>\n","protected":false},"featured_media":2138,"template":"","meta":{"_acf_changed":false},"product_brand":[],"product_cat":[15],"product_tag":[],"class_list":{"0":"post-1838","1":"product","2":"type-product","3":"status-publish","4":"has-post-thumbnail","6":"product_cat-restoration-materials","8":"first","9":"instock","10":"shipping-taxable","11":"product-type-simple"},"acf":[],"_links":{"self":[{"href":"https:\/\/www.dentalxangtech.com\/fr\/wp-json\/wp\/v2\/product\/1838","targetHints":{"allow":["GET"]}}],"collection":[{"href":"https:\/\/www.dentalxangtech.com\/fr\/wp-json\/wp\/v2\/product"}],"about":[{"href":"https:\/\/www.dentalxangtech.com\/fr\/wp-json\/wp\/v2\/types\/product"}],"wp:featuredmedia":[{"embeddable":true,"href":"https:\/\/www.dentalxangtech.com\/fr\/wp-json\/wp\/v2\/media\/2138"}],"wp:attachment":[{"href":"https:\/\/www.dentalxangtech.com\/fr\/wp-json\/wp\/v2\/media?parent=1838"}],"wp:term":[{"taxonomy":"product_brand","embeddable":true,"href":"https:\/\/www.dentalxangtech.com\/fr\/wp-json\/wp\/v2\/product_brand?post=1838"},{"taxonomy":"product_cat","embeddable":true,"href":"https:\/\/www.dentalxangtech.com\/fr\/wp-json\/wp\/v2\/product_cat?post=1838"},{"taxonomy":"product_tag","embeddable":true,"href":"https:\/\/www.dentalxangtech.com\/fr\/wp-json\/wp\/v2\/product_tag?post=1838"}],"curies":[{"name":"WP","href":"https:\/\/api.w.org\/{rel}","templated":true}]}}