{"id":1975,"date":"2024-07-16T09:08:42","date_gmt":"2024-07-16T01:08:42","guid":{"rendered":"https:\/\/www.dentalxangtech.com\/?post_type=product&#038;p=1975"},"modified":"2025-03-28T09:18:42","modified_gmt":"2025-03-28T01:18:42","slug":"monolayer-pmma-disc","status":"publish","type":"product","link":"https:\/\/www.dentalxangtech.com\/fr\/product\/monolayer-pmma-disc\/","title":{"rendered":"Disque PMMA monocouche"},"content":{"rendered":"<p><span style=\"font-size: 14pt;\">Les disques PMMA monocouche XANGTECH sont un mat\u00e9riau indispensable en dentisterie contemporaine, m\u00e9ticuleusement con\u00e7us pour fabriquer des proth\u00e8ses dentaires durables et fiables. Gr\u00e2ce \u00e0 leur r\u00e9sistance et \u00e0 leur r\u00e9sistance optimales, ces blocs sont parfaitement adapt\u00e9s \u00e0 un large \u00e9ventail d'applications dentaires, assurant des performances durables et la satisfaction du patient. La biocompatibilit\u00e9 sup\u00e9rieure des disques PMMA garantit la s\u00e9curit\u00e9 et le confort des patients, ce qui en fait un choix id\u00e9al pour diverses proc\u00e9dures de restauration.<\/span><\/p>\n<p><span style=\"font-size: 14pt;\">L'une des caract\u00e9ristiques les plus remarquables des disques PMMA monocouche est leur stabilit\u00e9 de couleur, qui permet aux professionnels dentaires d'obtenir d'excellents r\u00e9sultats esth\u00e9tiques. Ces blocs correspondent \u00e9troitement \u00e0 l'apparence naturelle des dents, offrant aux patients des restaurations qui se m\u00e9langent parfaitement avec leur dentition existante. De plus, les disques PMMA monocouche offrent une r\u00e9sistance exceptionnelle \u00e0 l'abrasion, ce qui contribue \u00e0 leur long\u00e9vit\u00e9 et \u00e0 leur r\u00e9silience dans l'environnement buccale. La facilit\u00e9 de traitement des disques PMMA monocouche am\u00e9liore \u00e0 la fois l'efficacit\u00e9 et la pr\u00e9cision dans le laboratoire dentaire. Cela facilite la cr\u00e9ation de restaurations de haute qualit\u00e9, des couronnes et des ponts aux proth\u00e8ses dentaires et autres proth\u00e8ses.<\/span><\/p>\n<p>&nbsp;<\/p>\n<p><span style=\"font-size: 14pt;\"><strong>1. La force et la t\u00e9nacit\u00e9 appropri\u00e9es pour l'utilisation dentaire<\/strong><\/span><br \/>\n<span style=\"font-size: 14pt;\"><strong>2. Bonne biocompatibilit\u00e9<\/strong><\/span><br \/>\n<span style=\"font-size: 14pt;\"><strong>3. Couleur stable, peut atteindre l'effet esth\u00e9tique id\u00e9al<\/strong><\/span><br \/>\n<span style=\"font-size: 14pt;\"><strong>4. Bonne r\u00e9sistance \u00e0 l'abrasion, traitement facile<\/strong><\/span><\/p>","protected":false},"excerpt":{"rendered":"<p>XANGTECH monolayer PMMA Discs are an indispensable material in contemporary dentistry, meticulously designed to fabricate durable and reliable dental prosthetics. With their optimal strength and toughness, these blocks are perfectly suited for a wide range of dental applications, ensuring long-lasting performance and patient satisfaction. The superior biocompatibility of PMMA discs guarantees patient safety and comfort, [&hellip;]<\/p>\n","protected":false},"featured_media":3747,"template":"","meta":{"_acf_changed":false},"product_brand":[],"product_cat":[61],"product_tag":[],"class_list":{"0":"post-1975","1":"product","2":"type-product","3":"status-publish","4":"has-post-thumbnail","6":"product_cat-monolayer-pmma-disc","8":"first","9":"instock","10":"shipping-taxable","11":"product-type-simple"},"acf":[],"_links":{"self":[{"href":"https:\/\/www.dentalxangtech.com\/fr\/wp-json\/wp\/v2\/product\/1975","targetHints":{"allow":["GET"]}}],"collection":[{"href":"https:\/\/www.dentalxangtech.com\/fr\/wp-json\/wp\/v2\/product"}],"about":[{"href":"https:\/\/www.dentalxangtech.com\/fr\/wp-json\/wp\/v2\/types\/product"}],"wp:featuredmedia":[{"embeddable":true,"href":"https:\/\/www.dentalxangtech.com\/fr\/wp-json\/wp\/v2\/media\/3747"}],"wp:attachment":[{"href":"https:\/\/www.dentalxangtech.com\/fr\/wp-json\/wp\/v2\/media?parent=1975"}],"wp:term":[{"taxonomy":"product_brand","embeddable":true,"href":"https:\/\/www.dentalxangtech.com\/fr\/wp-json\/wp\/v2\/product_brand?post=1975"},{"taxonomy":"product_cat","embeddable":true,"href":"https:\/\/www.dentalxangtech.com\/fr\/wp-json\/wp\/v2\/product_cat?post=1975"},{"taxonomy":"product_tag","embeddable":true,"href":"https:\/\/www.dentalxangtech.com\/fr\/wp-json\/wp\/v2\/product_tag?post=1975"}],"curies":[{"name":"WP","href":"https:\/\/api.w.org\/{rel}","templated":true}]}}