{"id":1976,"date":"2024-07-16T09:09:33","date_gmt":"2024-07-16T01:09:33","guid":{"rendered":"https:\/\/www.dentalxangtech.com\/?post_type=product&#038;p=1976"},"modified":"2024-09-27T11:00:41","modified_gmt":"2024-09-27T03:00:41","slug":"multilayer-pmma-disc","status":"publish","type":"product","link":"https:\/\/www.dentalxangtech.com\/fr\/product\/multilayer-pmma-disc\/","title":{"rendered":"Disque pmma multicouche"},"content":{"rendered":"<p><span style=\"font-size: 14pt;\">Les disques pmma multicouches XANGTECH offrent de nombreux avantages qui en font un mat\u00e9riau pr\u00e9f\u00e9r\u00e9 pour les restaurations dentaires. L'un des principaux avantages est leur l\u00e9g\u00e8ret\u00e9, ce qui garantit qu'ils ne font pas de fardeau \u00e0 la bouche, am\u00e9liorant consid\u00e9rablement le confort du patient et la conformit\u00e9. Les patients peuvent profiter de leurs activit\u00e9s quotidiennes sans l\u2019inconfort souvent associ\u00e9 \u00e0 des mat\u00e9riaux dentaires plus lourds. La structure multicouche innovante des disques PMMA multicouches contribue \u00e0 leur durabilit\u00e9 exceptionnelle. Cette caract\u00e9ristique de conception les rend plus r\u00e9sistants \u00e0 l'usure, garantissant que les restaurations dentaires r\u00e9alis\u00e9es \u00e0 partir de disques PMMA multicouches peuvent r\u00e9sister aux rigueurs de l'utilisation quotidienne. Cette durabilit\u00e9 se traduit par une proth\u00e8se dentaire plus durable, r\u00e9duisant le besoin de remplacements fr\u00e9quents et offrant aux patients des solutions fiables et \u00e0 long terme.<\/span><br \/>\n<span style=\"font-size: 14pt;\">Un autre avantage important des disques PMMA multicouches est leur stabilit\u00e9 de couleur \u00e0 long terme. Contrairement \u00e0 certains mat\u00e9riaux qui peuvent s'estomper ou se d\u00e9colorer au fil du temps, les disques PMMA multicouches maintiennent leur attrait esth\u00e9tique, assurant que les restaurations semblent naturelles et attrayantes pendant des ann\u00e9es. Cette stabilit\u00e9 est cruciale pour la satisfaction des patients, car elle garantit que leur travail dentaire reste visuellement agr\u00e9able et se m\u00e9lange parfaitement avec leurs dents naturelles. Les disques PMMA multicouches sont \u00e9galement incroyablement polyvalents, adapt\u00e9s \u00e0 un large \u00e9ventail de restaurations dentaires. Que ce soit pour des couronnes, des ponts, des proth\u00e8ses dentaires ou des restaurations temporaires, les disques PMMA multicouches offrent des r\u00e9sultats coh\u00e9rents et de haute qualit\u00e9. Cette polyvalence en fait une ressource pr\u00e9cieuse dans tout laboratoire dentaire, permettant aux professionnels dentaires de r\u00e9pondre aux besoins divers de leurs patients avec un seul mat\u00e9riau fiable.<\/span><\/p>\n<p>&nbsp;<\/p>\n<p><span style=\"font-size: 14pt;\"><strong>1. Poids l\u00e9ger et aucun fardeau \u00e0 la bouche.<\/strong><\/span><br \/>\n<span style=\"font-size: 14pt;\"><strong>2. La structure multi-couche est plus durable<\/strong><\/span><br \/>\n<span style=\"font-size: 14pt;\"><strong>3. Stabilit\u00e9 de couleur \u00e0 long terme pour emp\u00eacher la d\u00e9coloration.<\/strong><\/span><br \/>\n<span style=\"font-size: 14pt;\"><strong>4. Peut \u00eatre utilis\u00e9 pour diverses restaurations dentaires<\/strong><\/span><\/p>","protected":false},"excerpt":{"rendered":"<p>\u00c9paisseur: 10-25mm<br \/>\nCouleur: VITA 16 couleurs<br \/>\nModule d'\u00e9lasticit\u00e9 : 100MP<br \/>\nDensit\u00e9: 1.35-1.45g\/cm\u00b3<br \/>\nDuret\u00e9: 85-90 (Duret\u00e9 Shore)<br \/>\nR\u00e9sistance \u00e0 la flexion: 88 MPa<\/p>","protected":false},"featured_media":2629,"template":"","meta":{"_acf_changed":false},"product_brand":[],"product_cat":[60],"product_tag":[],"class_list":{"0":"post-1976","1":"product","2":"type-product","3":"status-publish","4":"has-post-thumbnail","6":"product_cat-multilayer-pmma-disc","8":"first","9":"instock","10":"shipping-taxable","11":"product-type-simple"},"acf":[],"_links":{"self":[{"href":"https:\/\/www.dentalxangtech.com\/fr\/wp-json\/wp\/v2\/product\/1976","targetHints":{"allow":["GET"]}}],"collection":[{"href":"https:\/\/www.dentalxangtech.com\/fr\/wp-json\/wp\/v2\/product"}],"about":[{"href":"https:\/\/www.dentalxangtech.com\/fr\/wp-json\/wp\/v2\/types\/product"}],"wp:featuredmedia":[{"embeddable":true,"href":"https:\/\/www.dentalxangtech.com\/fr\/wp-json\/wp\/v2\/media\/2629"}],"wp:attachment":[{"href":"https:\/\/www.dentalxangtech.com\/fr\/wp-json\/wp\/v2\/media?parent=1976"}],"wp:term":[{"taxonomy":"product_brand","embeddable":true,"href":"https:\/\/www.dentalxangtech.com\/fr\/wp-json\/wp\/v2\/product_brand?post=1976"},{"taxonomy":"product_cat","embeddable":true,"href":"https:\/\/www.dentalxangtech.com\/fr\/wp-json\/wp\/v2\/product_cat?post=1976"},{"taxonomy":"product_tag","embeddable":true,"href":"https:\/\/www.dentalxangtech.com\/fr\/wp-json\/wp\/v2\/product_tag?post=1976"}],"curies":[{"name":"WP","href":"https:\/\/api.w.org\/{rel}","templated":true}]}}