{"id":1977,"date":"2024-07-17T10:46:49","date_gmt":"2024-07-17T02:46:49","guid":{"rendered":"https:\/\/www.dentalxangtech.com\/?post_type=product&#038;p=1977"},"modified":"2025-03-28T10:31:04","modified_gmt":"2025-03-28T02:31:04","slug":"dental-wax-block","status":"publish","type":"product","link":"https:\/\/www.dentalxangtech.com\/fr\/product\/dental-wax-block\/","title":{"rendered":"Bloc de cire dentaire"},"content":{"rendered":"<p><span style=\"font-size: 14pt;\">Bloc de cire XANGTECH, une solution de pointe m\u00e9ticuleusement con\u00e7ue pour \u00e9lever vos processus artisanaux et industriels. Gr\u00e2ce \u00e0 une technique de traitement sp\u00e9cialis\u00e9e, il r\u00e9duit consid\u00e9rablement la d\u00e9formation lors de la manipulation, assurant une stabilit\u00e9 et une pr\u00e9cision in\u00e9gal\u00e9es dans toutes les applications. Contrairement aux mat\u00e9riaux de cire classiques, notre produit poss\u00e8de un point de fusion \u00e9lev\u00e9, ce qui le rend imperm\u00e9able aux temp\u00e9ratures \u00e9lev\u00e9es g\u00e9n\u00e9r\u00e9es lors de la fraisage. Cela signifie que vous pouvez compter sur des r\u00e9sultats coh\u00e9rents et de haute qualit\u00e9 sans risque de fusionner ou de compromettre l'int\u00e9grit\u00e9 de votre travail.<\/span><br \/>\n<span style=\"font-size: 14pt;\">En plus de ses propri\u00e9t\u00e9s thermiques robustes, il pr\u00e9sente des caract\u00e9ristiques antistatiques exceptionnelles. Ces propri\u00e9t\u00e9s facilitent non seulement un traitement plus lisse, mais rendent \u00e9galement le mat\u00e9riau exceptionnellement facile \u00e0 nettoyer, r\u00e9duisant consid\u00e9rablement le temps et l'effort d'entretien. Si vous&#8217; re engag\u00e9 dans le d\u00e9taillage complexe ou la fabrication \u00e0 grande \u00e9chelle, le bloc de cire XANGTECH offre une solution fiable et efficace qui am\u00e9liore la productivit\u00e9 et offre des r\u00e9sultats sup\u00e9rieurs. Faites confiance au bloc de cire XANGTECH pour r\u00e9pondre aux exigences de vos projets les plus difficiles avec une facilit\u00e9 et une fiabilit\u00e9 exceptionnelles.<\/span><\/p>\n<p>&nbsp;<\/p>\n<p><span style=\"font-size: 14pt;\"><strong>1. Apr\u00e8s le processus sp\u00e9cial, la d\u00e9formation pendant le traitement est fortement r\u00e9duite.<\/strong><\/span><\/p>\n<p><span style=\"font-size: 14pt;\"><strong>2. Le point de fusion \u00e9lev\u00e9 ne fondra pas dans le processus de fraisage en raison de la temp\u00e9rature \u00e9lev\u00e9e.<\/strong><\/span><\/p>\n<p><span style=\"font-size: 14pt;\"><strong>3. Excellentes propri\u00e9t\u00e9s antistatiques, faciles \u00e0 traiter et \u00e0 nettoyer.<\/strong><\/span><\/p>\n<div style=\"width: 800px;\" class=\"wp-video\"><video class=\"wp-video-shortcode\" id=\"video-1977-1\" width=\"800\" height=\"450\" preload=\"metadata\" controls=\"controls\"><source type=\"video\/mp4\" src=\"https:\/\/www.dentalxangtech.com\/wp-content\/uploads\/2024\/07\/wax-block-1.mp4?_=1\" \/><a href=\"https:\/\/www.dentalxangtech.com\/wp-content\/uploads\/2024\/07\/wax-block-1.mp4\">https:\/\/www.dentalxangtech.com\/wp-content\/uploads\/2024\/07\/wax-block-1.mp4<\/a><\/video><\/div>","protected":false},"excerpt":{"rendered":"<p>XANGTECH wax block, a cutting-edge solution meticulously engineered to elevate your crafting and industrial processes. Through a specialized processing technique, it dramatically reduces deformation during handling, ensuring unparalleled stability and precision in every application. Unlike conventional wax materials, our product boasts a high melting point, making it impervious to the high temperatures generated during milling. [&hellip;]<\/p>\n","protected":false},"featured_media":3703,"template":"","meta":{"_acf_changed":false},"product_brand":[],"product_cat":[48],"product_tag":[],"class_list":{"0":"post-1977","1":"product","2":"type-product","3":"status-publish","4":"has-post-thumbnail","6":"product_cat-wax-block","8":"first","9":"instock","10":"shipping-taxable","11":"product-type-simple"},"acf":[],"_links":{"self":[{"href":"https:\/\/www.dentalxangtech.com\/fr\/wp-json\/wp\/v2\/product\/1977","targetHints":{"allow":["GET"]}}],"collection":[{"href":"https:\/\/www.dentalxangtech.com\/fr\/wp-json\/wp\/v2\/product"}],"about":[{"href":"https:\/\/www.dentalxangtech.com\/fr\/wp-json\/wp\/v2\/types\/product"}],"wp:featuredmedia":[{"embeddable":true,"href":"https:\/\/www.dentalxangtech.com\/fr\/wp-json\/wp\/v2\/media\/3703"}],"wp:attachment":[{"href":"https:\/\/www.dentalxangtech.com\/fr\/wp-json\/wp\/v2\/media?parent=1977"}],"wp:term":[{"taxonomy":"product_brand","embeddable":true,"href":"https:\/\/www.dentalxangtech.com\/fr\/wp-json\/wp\/v2\/product_brand?post=1977"},{"taxonomy":"product_cat","embeddable":true,"href":"https:\/\/www.dentalxangtech.com\/fr\/wp-json\/wp\/v2\/product_cat?post=1977"},{"taxonomy":"product_tag","embeddable":true,"href":"https:\/\/www.dentalxangtech.com\/fr\/wp-json\/wp\/v2\/product_tag?post=1977"}],"curies":[{"name":"WP","href":"https:\/\/api.w.org\/{rel}","templated":true}]}}