{"id":1978,"date":"2024-07-17T10:47:46","date_gmt":"2024-07-17T02:47:46","guid":{"rendered":"https:\/\/www.dentalxangtech.com\/?post_type=product&#038;p=1978"},"modified":"2024-08-26T16:59:50","modified_gmt":"2024-08-26T08:59:50","slug":"dental-peek-block","status":"publish","type":"product","link":"https:\/\/www.dentalxangtech.com\/fr\/product\/dental-peek-block\/","title":{"rendered":"Bloc de fouillage dentaire"},"content":{"rendered":"<p><span style=\"font-size: 14pt;\">XANGTECH PEEK bloc, un mat\u00e9riau dentaire r\u00e9volutionnaire m\u00e9ticuleusement con\u00e7u pour r\u00e9pondre aux normes \u00e9lev\u00e9es de la dentisterie moderne. R\u00e9put\u00e9 pour ses propri\u00e9t\u00e9s m\u00e9caniques exceptionnelles et sa r\u00e9sistance chimique sup\u00e9rieure, le bloc XANGTECH PEEK assure une durabilit\u00e9 et une biocompatibilit\u00e9 durables, ce qui le rend id\u00e9al pour un large \u00e9ventail d'applications dentaires, y compris les couronnes, les ponts et les but\u00e9es.<\/span><\/p>\n<p><span style=\"font-size: 14pt;\">L'une des caract\u00e9ristiques les plus remarquables du bloc PEEK XangTech est sa compatibilit\u00e9 avec les applications \u00e0 vide ultra-\u00e9lev\u00e9, ce qui en fait l'un des rares mat\u00e9riaux dentaires capables de maintenir l'int\u00e9grit\u00e9 structurelle et les performances dans des conditions aussi exigeantes. De plus, il reste exceptionnellement stable \u00e0 des temp\u00e9ratures \u00e9lev\u00e9es, assurant une fiabilit\u00e9 constante pendant les processus de fraisage et de fabrication. Le bloc XANGTECH PEEK est con\u00e7u pour fournir une pr\u00e9cision et une stabilit\u00e9 in\u00e9gal\u00e9es, facilitant la cr\u00e9ation de restaurations dentaires hautement pr\u00e9cises et durables. Choisissez XANGTECH PEEK pour des solutions dentaires innovantes, fiables et sup\u00e9rieures qui am\u00e9liorent les r\u00e9sultats des patients et \u00e9tablissent de nouvelles normes dans les soins dentaires.<\/span><\/p>\n<p>&nbsp;<\/p>\n<p><span style=\"font-size: 14pt;\"><strong>1. Excellentes propri\u00e9t\u00e9s m\u00e9caniques et r\u00e9sistance chimique<\/strong><\/span><br \/>\n<span style=\"font-size: 14pt;\"><strong>2. Large gamme d'applications<\/strong><\/span><br \/>\n<span style=\"font-size: 14pt;\"><strong>3. L'un des rares mat\u00e9riaux compatibles avec les applications \u00e0 vide ultra-haut<\/strong><\/span><br \/>\n<span style=\"font-size: 14pt;\"><strong>4. Peut rester stable \u00e0 des temp\u00e9ratures \u00e9lev\u00e9es<\/strong><\/span><\/p>","protected":false},"excerpt":{"rendered":"<p>XANGTECH PEEK block, a revolutionary dental material meticulously engineered to meet the high standards of modern dentistry. Renowned for its outstanding mechanical properties and superior chemical resistance, the XANGTECH PEEK block ensures long-lasting durability and biocompatibility, making it ideal for a wide range of dental applications, including crowns, bridges, and abutments. One of the most [&hellip;]<\/p>\n","protected":false},"featured_media":2322,"template":"","meta":{"_acf_changed":false},"product_brand":[],"product_cat":[47],"product_tag":[],"class_list":{"0":"post-1978","1":"product","2":"type-product","3":"status-publish","4":"has-post-thumbnail","6":"product_cat-peek-block","8":"first","9":"instock","10":"shipping-taxable","11":"product-type-simple"},"acf":[],"_links":{"self":[{"href":"https:\/\/www.dentalxangtech.com\/fr\/wp-json\/wp\/v2\/product\/1978","targetHints":{"allow":["GET"]}}],"collection":[{"href":"https:\/\/www.dentalxangtech.com\/fr\/wp-json\/wp\/v2\/product"}],"about":[{"href":"https:\/\/www.dentalxangtech.com\/fr\/wp-json\/wp\/v2\/types\/product"}],"wp:featuredmedia":[{"embeddable":true,"href":"https:\/\/www.dentalxangtech.com\/fr\/wp-json\/wp\/v2\/media\/2322"}],"wp:attachment":[{"href":"https:\/\/www.dentalxangtech.com\/fr\/wp-json\/wp\/v2\/media?parent=1978"}],"wp:term":[{"taxonomy":"product_brand","embeddable":true,"href":"https:\/\/www.dentalxangtech.com\/fr\/wp-json\/wp\/v2\/product_brand?post=1978"},{"taxonomy":"product_cat","embeddable":true,"href":"https:\/\/www.dentalxangtech.com\/fr\/wp-json\/wp\/v2\/product_cat?post=1978"},{"taxonomy":"product_tag","embeddable":true,"href":"https:\/\/www.dentalxangtech.com\/fr\/wp-json\/wp\/v2\/product_tag?post=1978"}],"curies":[{"name":"WP","href":"https:\/\/api.w.org\/{rel}","templated":true}]}}