{"id":2168,"date":"2024-07-31T09:50:28","date_gmt":"2024-07-31T01:50:28","guid":{"rendered":"http\/\/www.dentalxangtech.com\/?post_type=product&#038;p=2168"},"modified":"2024-08-08T11:10:51","modified_gmt":"2024-08-08T03:10:51","slug":"press-furnace","status":"publish","type":"product","link":"https:\/\/www.dentalxangtech.com\/fr\/product\/press-furnace\/","title":{"rendered":"Four \u00e0 presse"},"content":{"rendered":"<p><span style=\"font-size: 14pt;\">Four de presse XANGTECH, con\u00e7u pour augmenter les performances et la fiabilit\u00e9 dans les laboratoires dentaires et les cliniques. Ce four avanc\u00e9 se distingue par sa capacit\u00e9 \u00e0 fonctionner sans besoin d'air comprim\u00e9, simplifiant \u00e0 la fois l'installation et l'entretien. En \u00e9liminant le besoin d'air comprim\u00e9, il r\u00e9duit non seulement la complexit\u00e9 op\u00e9rationnelle, mais assure \u00e9galement d'excellents r\u00e9sultats dans une gamme d'applications. Le four est con\u00e7u pour une maintenance r\u00e9duite, ce qui se traduit par des co\u00fbts d'entretien r\u00e9duits et des temps d'arr\u00eat minimes. Sa construction robuste garantit une pr\u00e9cision de bord \u00e9lev\u00e9e, ce qui est crucial pour r\u00e9aliser des travaux dentaires d\u00e9taill\u00e9s et pr\u00e9cis, tout en maintenant une faible probabilit\u00e9 de d\u00e9faillance pour garantir une performance fiable au fil du temps.<\/span><\/p>\n<p><span style=\"font-size: 14pt;\">La polyvalence est au c\u0153ur de notre four de presse, car il est \u00e9quip\u00e9 pour g\u00e9rer \u00e0 la fois les fonctions de presse et de porcelaine. Cette double capacit\u00e9 en fait un atout inestimable dans toute pratique dentaire, capable d'accueillir une vari\u00e9t\u00e9 de proc\u00e9dures et de mat\u00e9riaux. La conception innovante du four offre des fonctionnalit\u00e9s compl\u00e8tes tout en maintenant l\u2019efficacit\u00e9, offrant une int\u00e9gration transparente dans tout flux de travail. Gr\u00e2ce \u00e0 ses caract\u00e9ristiques avanc\u00e9es, notamment une pr\u00e9cision exceptionnelle et des besoins d'entretien r\u00e9duits, ce four de presse est con\u00e7u pour r\u00e9pondre aux exigences en \u00e9volution des pratiques dentaires modernes, assurant des r\u00e9sultats sup\u00e9rieurs et une productivit\u00e9 am\u00e9lior\u00e9e dans toutes les applications.<\/span><\/p>\n<p>&nbsp;<\/p>\n<p><span style=\"font-size: 14pt;\"><strong>1. Pas besoin d'air comprim\u00e9, excellents r\u00e9sultats<\/strong><\/span><br \/>\n<span style=\"font-size: 14pt;\"><strong>2. Co\u00fbt d'entretien bas.<\/strong><\/span><br \/>\n<span style=\"font-size: 14pt;\"><strong>3. Haute pr\u00e9cision de bord et faible probabilit\u00e9 de d\u00e9faillance.<\/strong><\/span><br \/>\n<span style=\"font-size: 14pt;\"><strong>Fonction 4.Press et porcelaine<\/strong><\/span><\/p>","protected":false},"excerpt":{"rendered":"<p>XANGTECH press furnace, designed to elevate performance and reliability in dental laboratories and clinics. This advanced furnace stands out for its ability to operate without the need for compressed air, simplifying both setup and maintenance. By eliminating the need for compressed air, it not only reduces operational complexity but also ensures consistently excellent results across [&hellip;]<\/p>\n","protected":false},"featured_media":2178,"template":"","meta":{"_acf_changed":false},"product_brand":[],"product_cat":[67,15],"product_tag":[],"class_list":{"0":"post-2168","1":"product","2":"type-product","3":"status-publish","4":"has-post-thumbnail","6":"product_cat-grinder-stone","7":"product_cat-restoration-materials","9":"first","10":"instock","11":"shipping-taxable","12":"product-type-simple"},"acf":[],"_links":{"self":[{"href":"https:\/\/www.dentalxangtech.com\/fr\/wp-json\/wp\/v2\/product\/2168","targetHints":{"allow":["GET"]}}],"collection":[{"href":"https:\/\/www.dentalxangtech.com\/fr\/wp-json\/wp\/v2\/product"}],"about":[{"href":"https:\/\/www.dentalxangtech.com\/fr\/wp-json\/wp\/v2\/types\/product"}],"wp:featuredmedia":[{"embeddable":true,"href":"https:\/\/www.dentalxangtech.com\/fr\/wp-json\/wp\/v2\/media\/2178"}],"wp:attachment":[{"href":"https:\/\/www.dentalxangtech.com\/fr\/wp-json\/wp\/v2\/media?parent=2168"}],"wp:term":[{"taxonomy":"product_brand","embeddable":true,"href":"https:\/\/www.dentalxangtech.com\/fr\/wp-json\/wp\/v2\/product_brand?post=2168"},{"taxonomy":"product_cat","embeddable":true,"href":"https:\/\/www.dentalxangtech.com\/fr\/wp-json\/wp\/v2\/product_cat?post=2168"},{"taxonomy":"product_tag","embeddable":true,"href":"https:\/\/www.dentalxangtech.com\/fr\/wp-json\/wp\/v2\/product_tag?post=2168"}],"curies":[{"name":"WP","href":"https:\/\/api.w.org\/{rel}","templated":true}]}}