{"id":2181,"date":"2024-07-31T09:53:43","date_gmt":"2024-07-31T01:53:43","guid":{"rendered":"http\/\/www.dentalxangtech.com\/?post_type=product&#038;p=2181"},"modified":"2024-08-08T11:08:51","modified_gmt":"2024-08-08T03:08:51","slug":"porcelain-furnace","status":"publish","type":"product","link":"https:\/\/www.dentalxangtech.com\/fr\/product\/porcelain-furnace\/","title":{"rendered":"Four \u00e0 porcelaine"},"content":{"rendered":"<p><span style=\"font-size: 14pt;\">Four en porcelaine avanc\u00e9 XANGTECH, con\u00e7u sp\u00e9cifiquement pour les laboratoires dentaires et les cliniques. Cet appareil de pointe combine un design compact avec une fonctionnalit\u00e9 exceptionnelle, ce qui en fait le plus petit four en c\u00e9ramique de sa cat\u00e9gorie. Les caract\u00e9ristiques cl\u00e9s comprennent un r\u00e9glage automatique de la temp\u00e9rature de haute qualit\u00e9, le maintien d'une marge d'erreur \u00e0 \/- 1\u00b0C et l'\u00e9talonnage automatique avant chaque utilisation pour des performances coh\u00e9rentes. Le four offre \u00e9galement un fonctionnement lisse et sans jitter gr\u00e2ce \u00e0 son entra\u00eenement \u00e0 moteur pas \u00e0 pas de pr\u00e9cision, et il comprend une spirale de quartz durable pour une distribution efficace de la chaleur. La connectivit\u00e9 USB facilite l'int\u00e9gration facile avec les programmes de service PC, et le four dispose de 99 programmes personnalisables ainsi que d'options int\u00e9gr\u00e9es, offrant une flexibilit\u00e9 in\u00e9gal\u00e9e.<\/span><\/p>\n<p><span style=\"font-size: 14pt;\">Fait de confiance par les professionnels dentaires du monde entier, notre four en porcelaine illustre la fiabilit\u00e9, l'innovation et le fonctionnement convivial. Sa taille compacte lui permet de s'adapter parfaitement \u00e0 n'importe quel espace de travail, tandis que des indicateurs d'\u00e9tat clairs tiennent les utilisateurs inform\u00e9s de son \u00e9tat op\u00e9rationnel. Con\u00e7u pour augmenter la productivit\u00e9, ce four est un outil indispensable pour les pratiques dentaires modernes. Avec sa technologie de pointe et sa construction robuste, notre four en porcelaine \u00e9tablit une nouvelle norme dans l'\u00e9quipement dentaire, garantissant des r\u00e9sultats pr\u00e9cis, coh\u00e9rents et efficaces \u00e0 chaque fois.<\/span><\/p>\n<p>&nbsp;<\/p>\n<p><span style=\"font-size: 14pt;\"><strong>1.Fonction d'ajustement automatique de temp\u00e9rature de haute qualit\u00e9<\/strong><\/span><br \/>\n<span style=\"font-size: 14pt;\"><strong>2.Easy \u00e0 utiliser avec petite taille<\/strong><\/span><br \/>\n<span style=\"font-size: 14pt;\"><strong>3.Precision moteur pas \u00e0 pas, fonctionnement libre lisse et pas de jitter.<\/strong><\/span><br \/>\n<span style=\"font-size: 14pt;\"><strong>4.Calibration de temp\u00e9rature automatique avant chaque processus de torr\u00e9faction.<\/strong><\/span><br \/>\n<span style=\"font-size: 14pt;\"><strong>Port 5.USB pour une connexion facile avec le programme de service PC.<\/strong><\/span><br \/>\n<span style=\"font-size: 14pt;\"><strong>6.99 programmes personnalis\u00e9s et programmes int\u00e9gr\u00e9s.<\/strong><\/span><br \/>\n<span style=\"font-size: 14pt;\"><strong>7. indication de statut.<\/strong><\/span><\/p>","protected":false},"excerpt":{"rendered":"<p>XANGTECH advanced porcelain furnace, designed specifically for dental laboratories and clinics. This state-of-the-art device combines a compact design with exceptional functionality, making it the smallest ceramic furnace in its class. Key features include high-quality temperature automatic adjustment, maintaining an error margin within +\/- 1\u00b0C, and automatic calibration before each use for consistent performance. The furnace [&hellip;]<\/p>\n","protected":false},"featured_media":2169,"template":"","meta":{"_acf_changed":false},"product_brand":[],"product_cat":[66],"product_tag":[],"class_list":{"0":"post-2181","1":"product","2":"type-product","3":"status-publish","4":"has-post-thumbnail","6":"product_cat-glaze-paste","8":"first","9":"instock","10":"shipping-taxable","11":"product-type-simple"},"acf":[],"_links":{"self":[{"href":"https:\/\/www.dentalxangtech.com\/fr\/wp-json\/wp\/v2\/product\/2181","targetHints":{"allow":["GET"]}}],"collection":[{"href":"https:\/\/www.dentalxangtech.com\/fr\/wp-json\/wp\/v2\/product"}],"about":[{"href":"https:\/\/www.dentalxangtech.com\/fr\/wp-json\/wp\/v2\/types\/product"}],"wp:featuredmedia":[{"embeddable":true,"href":"https:\/\/www.dentalxangtech.com\/fr\/wp-json\/wp\/v2\/media\/2169"}],"wp:attachment":[{"href":"https:\/\/www.dentalxangtech.com\/fr\/wp-json\/wp\/v2\/media?parent=2181"}],"wp:term":[{"taxonomy":"product_brand","embeddable":true,"href":"https:\/\/www.dentalxangtech.com\/fr\/wp-json\/wp\/v2\/product_brand?post=2181"},{"taxonomy":"product_cat","embeddable":true,"href":"https:\/\/www.dentalxangtech.com\/fr\/wp-json\/wp\/v2\/product_cat?post=2181"},{"taxonomy":"product_tag","embeddable":true,"href":"https:\/\/www.dentalxangtech.com\/fr\/wp-json\/wp\/v2\/product_tag?post=2181"}],"curies":[{"name":"WP","href":"https:\/\/api.w.org\/{rel}","templated":true}]}}