{"id":2215,"date":"2024-08-05T14:21:46","date_gmt":"2024-08-05T06:21:46","guid":{"rendered":"http\/\/www.dentalxangtech.com\/?post_type=product&#038;p=2215"},"modified":"2024-08-08T11:06:52","modified_gmt":"2024-08-08T03:06:52","slug":"3d-scanner","status":"publish","type":"product","link":"https:\/\/www.dentalxangtech.com\/fr\/product\/3d-scanner\/","title":{"rendered":"scanner 3D"},"content":{"rendered":"<p><span style=\"font-size: 14pt;\">Le scanner 3D XANGTECH red\u00e9finit l'efficacit\u00e9 et la pr\u00e9cision dans le monde de la technologie dentaire. Con\u00e7u avec un moteur de balayage rapide et des algorithmes logiciels sophistiqu\u00e9s, cet appareil peut balayer une seule couronne compl\u00e8te en moins de 20 secondes avec une pr\u00e9cision remarquable, atteignant une pr\u00e9cision allant jusqu'\u00e0 8 microns. Cette vitesse sans pr\u00e9c\u00e9dent et une attention m\u00e9ticuleuse aux d\u00e9tails ne rationalisent pas seulement votre flux de travail, mais am\u00e9liorent \u00e9galement consid\u00e9rablement la productivit\u00e9, permettant aux professionnels dentaires d'accomplir plus en moins de temps. Au-del\u00e0 de ses capacit\u00e9s de num\u00e9risation impressionnantes, notre scanner offre une polyvalence in\u00e9gal\u00e9e en \u00e9tant compatible avec n'importe quel logiciel de conception. Cela signifie que vous avez la libert\u00e9 d'int\u00e9grer notre scanner de mani\u00e8re transparente dans votre flux de travail existant, en utilisant les outils et logiciels avec lesquels vous \u00eates le plus \u00e0 l'aise, sans aucune limitation. Cette compatibilit\u00e9 vous permet de maintenir vos processus de conception pr\u00e9f\u00e9r\u00e9s tout en b\u00e9n\u00e9ficiant des performances sup\u00e9rieures de notre scanner.<\/span><br \/>\n<span style=\"font-size: 14pt;\">De plus, le scanner est \u00e9quip\u00e9 d'une fonction innovante de balayage de texture. Cette fonctionnalit\u00e9 avanc\u00e9e vous permet de capturer et de concevoir des produits avec des d\u00e9tails et une complexit\u00e9 am\u00e9lior\u00e9s, ce qui aboutit \u00e0 des r\u00e9sultats de qualit\u00e9 sup\u00e9rieure. Que vous travailliez sur des restaurations dentaires complexes ou des proth\u00e8ses d\u00e9taill\u00e9es, la fonction de balayage de texture fournit la profondeur et la pr\u00e9cision n\u00e9cessaires pour obtenir des r\u00e9sultats exceptionnels. En plus de sa puissance technique, notre scanner est con\u00e7u en tenant compte de l'exp\u00e9rience utilisateur. Il dispose d'une interface intuitive et d'un fonctionnement convivial, ce qui garantit que m\u00eame ceux qui sont nouveaux \u00e0 la num\u00e9risation peuvent obtenir des r\u00e9sultats professionnels rapidement et facilement. La conception compacte et ergonomique am\u00e9liore encore la facilit\u00e9 d'utilisation, ce qui en fait un ajout pratique \u00e0 tout laboratoire ou clinique dentaire.<\/span><\/p>\n<p>&nbsp;<\/p>\n<p><span style=\"font-size: 14pt;\"><strong>1,20 secondes de balayage ultra-rapide d'une seule couronne compl\u00e8te<\/strong><\/span><br \/>\n<span style=\"font-size: 14pt;\"><strong>Pr\u00e9cision de 2,8 microns<\/strong><\/span><br \/>\n<span style=\"font-size: 14pt;\"><strong>3.Can conception sur n'importe quel logiciel<\/strong><\/span><br \/>\n<span style=\"font-size: 14pt;\"><strong>Fonction de balayage 4.Texture<\/strong><\/span><\/p>","protected":false},"excerpt":{"rendered":"<p>XANGTECH 3d scanner redefines efficiency and precision in the world of dental technology. Engineered with a lightning-fast scanning engine and sophisticated software algorithms, this device can scan a complete single crown in under 20 seconds with remarkable accuracy, achieving precision up to 8 microns. This unprecedented speed and meticulous attention to detail not only streamline [&hellip;]<\/p>\n","protected":false},"featured_media":2216,"template":"","meta":{"_acf_changed":false},"product_brand":[],"product_cat":[68],"product_tag":[],"class_list":{"0":"post-2215","1":"product","2":"type-product","3":"status-publish","4":"has-post-thumbnail","6":"product_cat-3d-scanner","8":"first","9":"instock","10":"shipping-taxable","11":"product-type-simple"},"acf":[],"_links":{"self":[{"href":"https:\/\/www.dentalxangtech.com\/fr\/wp-json\/wp\/v2\/product\/2215","targetHints":{"allow":["GET"]}}],"collection":[{"href":"https:\/\/www.dentalxangtech.com\/fr\/wp-json\/wp\/v2\/product"}],"about":[{"href":"https:\/\/www.dentalxangtech.com\/fr\/wp-json\/wp\/v2\/types\/product"}],"wp:featuredmedia":[{"embeddable":true,"href":"https:\/\/www.dentalxangtech.com\/fr\/wp-json\/wp\/v2\/media\/2216"}],"wp:attachment":[{"href":"https:\/\/www.dentalxangtech.com\/fr\/wp-json\/wp\/v2\/media?parent=2215"}],"wp:term":[{"taxonomy":"product_brand","embeddable":true,"href":"https:\/\/www.dentalxangtech.com\/fr\/wp-json\/wp\/v2\/product_brand?post=2215"},{"taxonomy":"product_cat","embeddable":true,"href":"https:\/\/www.dentalxangtech.com\/fr\/wp-json\/wp\/v2\/product_cat?post=2215"},{"taxonomy":"product_tag","embeddable":true,"href":"https:\/\/www.dentalxangtech.com\/fr\/wp-json\/wp\/v2\/product_tag?post=2215"}],"curies":[{"name":"WP","href":"https:\/\/api.w.org\/{rel}","templated":true}]}}