{"id":2219,"date":"2024-08-05T14:58:34","date_gmt":"2024-08-05T06:58:34","guid":{"rendered":"http\/\/www.dentalxangtech.com\/?post_type=product&#038;p=2219"},"modified":"2024-08-12T16:10:40","modified_gmt":"2024-08-12T08:10:40","slug":"intraoral-scanner","status":"publish","type":"product","link":"https:\/\/www.dentalxangtech.com\/fr\/product\/intraoral-scanner\/","title":{"rendered":"Scanner intraoral"},"content":{"rendered":"<p><span style=\"font-size: 14pt;\">Le scanner intraoral XANGTECH est m\u00e9ticuleusement con\u00e7u pour red\u00e9finir la pr\u00e9cision et l'efficacit\u00e9 dans les pratiques dentaires, offrant une foule de fonctionnalit\u00e9s qui r\u00e9pondent aux besoins de la dentisterie moderne. L'un des principaux points forts est la capacit\u00e9 de correspondance du corps de balayage, qui assure une pr\u00e9cision op\u00e9rationnelle et une int\u00e9gration transparente avec les impressions num\u00e9riques. Cette fonctionnalit\u00e9 garantit un ajustement parfait pour les restaurations dentaires, minimisant les erreurs et am\u00e9liorant les r\u00e9sultats du patient. Le syst\u00e8me int\u00e9gr\u00e9 de rapports de sant\u00e9 g\u00e9n\u00e8re automatiquement des rapports de sant\u00e9 complets, fournissant des informations d\u00e9taill\u00e9es sur le patient&#8217; sant\u00e9 buccale. Cette fonctionnalit\u00e9 aide non seulement \u00e0 une planification plus \u00e9clair\u00e9e du traitement, mais am\u00e9liore \u00e9galement la communication et la confiance des patients. De plus, la fonction de contr\u00f4le d'occlusion permet une \u00e9valuation pr\u00e9cise des m\u00e2choires sup\u00e9rieure et inf\u00e9rieure, assurant des relations de morsure optimales et une fonctionnalit\u00e9 optimale des proth\u00e8ses dentaires.<\/span><br \/>\n<span style=\"font-size: 14pt;\">Les images \u00e0 haute r\u00e9solution captur\u00e9es par le scanner intraoral peuvent \u00eatre facilement jointes aux dossiers de cas, offrant une documentation approfondie et facilitant une meilleure communication avec les coll\u00e8gues et les laboratoires dentaires. Le scanner intraoral&#8217; La s\u00e9lection autonome des zones de balayage permet une capture de donn\u00e9es cibl\u00e9e et efficace, tandis que la fonction de verrouillage de vue aide \u00e0 confirmer si toutes les donn\u00e9es n\u00e9cessaires ont \u00e9t\u00e9 balay\u00e9es avec pr\u00e9cision, emp\u00eachant toute surveillance. Con\u00e7u pour la commodit\u00e9, notre scanner intraoral est sans \u00e9talonnage, \u00e9liminant le besoin d'entretien r\u00e9gulier et garantissant une performance constante. Le chauffage spontan\u00e9 et la technologie anti-brouillard sans vent garantissent que le scanner intraoral reste op\u00e9rationnel dans diverses conditions, offrant une performance ininterrompue et de haute qualit\u00e9. Avec sa gamme compl\u00e8te de fonctionnalit\u00e9s, notre scanner intraoral avanc\u00e9 est l'outil ultime pour am\u00e9liorer la pr\u00e9cision, l'efficacit\u00e9 et les soins aux patients dans n'importe quel cabinet dentaire.<\/span><\/p>\n<p>&nbsp;<\/p>\n<p><span style=\"font-size: 14pt;\"><strong>1. L'appariement du corps de balayage assure la pr\u00e9cision op\u00e9rationnelle<\/strong><\/span><br \/>\n<span style=\"font-size: 14pt;\"><strong>2.Le syst\u00e8me de rapport de sant\u00e9 g\u00e9n\u00e8re automatiquement un rapport de sant\u00e9<\/strong><\/span><br \/>\n<span style=\"font-size: 14pt;\"><strong>3.Occlusion contr\u00f4le peut v\u00e9rifier les m\u00e2choires sup\u00e9rieures et inf\u00e9rieures<\/strong><\/span><br \/>\n<span style=\"font-size: 14pt;\"><strong>3. Les images de haute r\u00e9solution peuvent \u00eatre utilis\u00e9es comme pi\u00e8ces jointes du cas.<\/strong><\/span><br \/>\n<span style=\"font-size: 14pt;\"><strong>4. S\u00e9lection autonome de la zone de balayage<\/strong><\/span><br \/>\n<span style=\"font-size: 14pt;\"><strong>5. View lock aide \u00e0 confirmer si les donn\u00e9es sont balay\u00e9es ou non.<\/strong><\/span><br \/>\n<span style=\"font-size: 14pt;\"><strong>6.calibration libre<\/strong><\/span><br \/>\n<span style=\"font-size: 14pt;\"><strong>chauffage 7.spontan\u00e9 et anti-brouillard sans vent<\/strong><\/span><\/p>","protected":false},"excerpt":{"rendered":"<p>XANGTECH Intraoral scanner is meticulously designed to redefine precision and efficiency in dental practices, offering a host of features that cater to the needs of modern dentistry. One of the key highlights is the scan body matching capability, which ensures operational accuracy and seamless integration with digital impressions. This feature guarantees a perfect fit for [&hellip;]<\/p>\n","protected":false},"featured_media":2220,"template":"","meta":{"_acf_changed":false},"product_brand":[],"product_cat":[69],"product_tag":[],"class_list":{"0":"post-2219","1":"product","2":"type-product","3":"status-publish","4":"has-post-thumbnail","6":"product_cat-intraoral-scanner","8":"first","9":"instock","10":"shipping-taxable","11":"product-type-simple"},"acf":[],"_links":{"self":[{"href":"https:\/\/www.dentalxangtech.com\/fr\/wp-json\/wp\/v2\/product\/2219","targetHints":{"allow":["GET"]}}],"collection":[{"href":"https:\/\/www.dentalxangtech.com\/fr\/wp-json\/wp\/v2\/product"}],"about":[{"href":"https:\/\/www.dentalxangtech.com\/fr\/wp-json\/wp\/v2\/types\/product"}],"wp:featuredmedia":[{"embeddable":true,"href":"https:\/\/www.dentalxangtech.com\/fr\/wp-json\/wp\/v2\/media\/2220"}],"wp:attachment":[{"href":"https:\/\/www.dentalxangtech.com\/fr\/wp-json\/wp\/v2\/media?parent=2219"}],"wp:term":[{"taxonomy":"product_brand","embeddable":true,"href":"https:\/\/www.dentalxangtech.com\/fr\/wp-json\/wp\/v2\/product_brand?post=2219"},{"taxonomy":"product_cat","embeddable":true,"href":"https:\/\/www.dentalxangtech.com\/fr\/wp-json\/wp\/v2\/product_cat?post=2219"},{"taxonomy":"product_tag","embeddable":true,"href":"https:\/\/www.dentalxangtech.com\/fr\/wp-json\/wp\/v2\/product_tag?post=2219"}],"curies":[{"name":"WP","href":"https:\/\/api.w.org\/{rel}","templated":true}]}}