{"id":2341,"date":"2024-08-29T17:05:27","date_gmt":"2024-08-29T09:05:27","guid":{"rendered":"http\/\/www.dentalxangtech.com\/?post_type=product&#038;p=2341"},"modified":"2024-08-29T17:07:06","modified_gmt":"2024-08-29T09:07:06","slug":"rx-8y-milling-machine","status":"publish","type":"product","link":"https:\/\/www.dentalxangtech.com\/fr\/product\/rx-8y-milling-machine\/","title":{"rendered":"Fraiseuse RX-8Y"},"content":{"rendered":"<p><span style=\"font-size: 14pt;\">La fraise dentaire XANGTECH RX-8Y se distingue comme une solution de pointe dans l'industrie dentaire, con\u00e7ue pour r\u00e9pondre aux besoins exigeants des environnements de chaise et de laboratoire. Sa technologie avanc\u00e9e de coupe \u00e0 liaison \u00e0 5 axes permet un broyage de pr\u00e9cision \u00e0 grand angle, assurant une grande pr\u00e9cision dans les restaurations dentaires complexes. Ce qui distingue cette machine est sa capacit\u00e9 de traiter jusqu'\u00e0 8 mat\u00e9riaux diff\u00e9rents simultan\u00e9ment, offrant une polyvalence in\u00e9gal\u00e9e pour diverses applications dentaires.<\/span><\/p>\n<p><span style=\"font-size: 14pt;\">L'exp\u00e9rience utilisateur est am\u00e9lior\u00e9e avec une interface tactile intelligente et mise \u00e0 niveau, offrant un fonctionnement intuitif qui rationalise le flux de travail, permettant aux professionnels dentaires de se concentrer sur ce qu'ils font le mieux: fournir d'excellents soins. Le syst\u00e8me int\u00e9gr\u00e9 de surveillance du niveau de l'eau, associ\u00e9 \u00e0 un syst\u00e8me d'eau circulante automatique, garantit une performance constante en maintenant des conditions de fonctionnement optimales, contribuant davantage \u00e0 la machine&#8217; S fiabilit\u00e9. Pour les professionnels dentaires qui recherchent un m\u00e9lange de pr\u00e9cision, de vitesse et de polyvalence, la fraise dentaire XANGTECH est un outil indispensable, promettant d'\u00e9lever la qualit\u00e9 du travail dentaire avec ses caract\u00e9ristiques de pointe et ses performances robustes.<\/span><\/p>\n<p><strong><span style=\"font-size: 14pt;\">1. coupe de liaison \u00e0 5 axes, rectification fine \u00e0 grand angle, adapt\u00e9e au traitement rapide de la chaise<\/span><\/strong><br \/>\n<strong><span style=\"font-size: 14pt;\">2. Applicable \u00e0 une vari\u00e9t\u00e9 de mat\u00e9riaux, peut traiter divers blocs de mat\u00e9riaux communs et bases pr\u00e9fabriqu\u00e9es, peut accueillir jusqu'\u00e0 8 mat\u00e9riaux en m\u00eame temps<\/span><\/strong><br \/>\n<strong><span style=\"font-size: 14pt;\">3. Grand \u00e9cran intelligent, fonctionnement intelligent de l'\u00e9cran tactile est plus pratique<\/span><\/strong><br \/>\n<strong><span style=\"font-size: 14pt;\">4. Contr\u00f4le int\u00e9gr\u00e9 du niveau de l'eau, syst\u00e8me de circulation automatique de l'eau, contr\u00f4le int\u00e9gr\u00e9 du niveau de l'eau, haute pr\u00e9cision<\/span><\/strong><\/p>","protected":false},"excerpt":{"rendered":"<p>The XANGTECH dental RX-8Y milling machine stands out as a cutting-edge solution in the dental industry, designed to meet the demanding needs of both chairside and laboratory environments. Its advanced 5-axis linkage cutting technology enables large-angle precision grinding, ensuring high accuracy in complex dental restorations. What sets this machine apart is its capability to process [&hellip;]<\/p>\n","protected":false},"featured_media":2342,"template":"","meta":{"_acf_changed":false},"product_brand":[],"product_cat":[15],"product_tag":[],"class_list":{"0":"post-2341","1":"product","2":"type-product","3":"status-publish","4":"has-post-thumbnail","6":"product_cat-restoration-materials","8":"first","9":"instock","10":"shipping-taxable","11":"product-type-simple"},"acf":[],"_links":{"self":[{"href":"https:\/\/www.dentalxangtech.com\/fr\/wp-json\/wp\/v2\/product\/2341","targetHints":{"allow":["GET"]}}],"collection":[{"href":"https:\/\/www.dentalxangtech.com\/fr\/wp-json\/wp\/v2\/product"}],"about":[{"href":"https:\/\/www.dentalxangtech.com\/fr\/wp-json\/wp\/v2\/types\/product"}],"wp:featuredmedia":[{"embeddable":true,"href":"https:\/\/www.dentalxangtech.com\/fr\/wp-json\/wp\/v2\/media\/2342"}],"wp:attachment":[{"href":"https:\/\/www.dentalxangtech.com\/fr\/wp-json\/wp\/v2\/media?parent=2341"}],"wp:term":[{"taxonomy":"product_brand","embeddable":true,"href":"https:\/\/www.dentalxangtech.com\/fr\/wp-json\/wp\/v2\/product_brand?post=2341"},{"taxonomy":"product_cat","embeddable":true,"href":"https:\/\/www.dentalxangtech.com\/fr\/wp-json\/wp\/v2\/product_cat?post=2341"},{"taxonomy":"product_tag","embeddable":true,"href":"https:\/\/www.dentalxangtech.com\/fr\/wp-json\/wp\/v2\/product_tag?post=2341"}],"curies":[{"name":"WP","href":"https:\/\/api.w.org\/{rel}","templated":true}]}}