{"id":2699,"date":"2024-10-28T17:24:18","date_gmt":"2024-10-28T09:24:18","guid":{"rendered":"http\/\/www.dentalxangtech.com\/?post_type=product&#038;p=2699"},"modified":"2025-03-29T16:33:15","modified_gmt":"2025-03-29T08:33:15","slug":"dental-titanium-block","status":"publish","type":"product","link":"https:\/\/www.dentalxangtech.com\/fr\/product\/dental-titanium-block\/","title":{"rendered":"Bloc de titane dentaire"},"content":{"rendered":"<p>Les blocs de titane dentaire XANGTECH sont destin\u00e9s \u00e0 des mat\u00e9riaux durables, biocompatibles et hautement stables dans les restaurations dentaires. Connus pour leurs propri\u00e9t\u00e9s m\u00e9caniques exceptionnelles, les blocs dentaires en titane offrent des solutions pour les restaurations proth\u00e9tiques et implant\u00e9es. Les avantages inh\u00e9rents du titane, tels que la r\u00e9sistance \u00e0 la corrosion, la composition l\u00e9g\u00e8re et la compatibilit\u00e9 avec les tissus biologiques, rendent ces blocs hautement adapt\u00e9s \u00e0 une vari\u00e9t\u00e9 de proc\u00e9dures de restauration, y compris les couronnes, les ponts et les structures d'implants complexes. Gr\u00e2ce \u00e0 des capacit\u00e9s de fraisage de pr\u00e9cision am\u00e9lior\u00e9es, ces blocs peuvent \u00eatre adapt\u00e9s \u00e0 chaque patient, assurant un confort, une durabilit\u00e9 et un attrait esth\u00e9tique maximals. Con\u00e7u pour r\u00e9sister aux rigueurs de la mastication quotidienne, la r\u00e9sistance et la r\u00e9sistance du titane le rendent particuli\u00e8rement pr\u00e9cieux pour les restaurations qui subissent un stress \u00e9lev\u00e9. Les blocs de titane dentaire conservent leur int\u00e9grit\u00e9 structurelle sous une charge lourde, r\u00e9sistant aux fractures, \u00e0 l'usure et \u00e0 la d\u00e9formation m\u00eame apr\u00e8s des ann\u00e9es d'utilisation. Avec un niveau de biocompatibilit\u00e9 exceptionnellement \u00e9lev\u00e9, le titane minimise le risque de r\u00e9actions ind\u00e9sirables, telles que l'inflammation ou les r\u00e9actions allergiques. Cela assure le confort et la s\u00e9curit\u00e9 des patients, favorise la r\u00e9ussite de l'oss\u00e9oint\u00e9gration dans les implants et am\u00e9liore le taux de r\u00e9ussite des restaurations \u00e0 long terme.<\/p>\n<p>Id\u00e9al pour les couronnes ant\u00e9rieures et post\u00e9rieures, les blocs en titane offrent une durabilit\u00e9 \u00e0 long terme et une excellente esth\u00e9tique. Leur force et leur l\u00e9g\u00e8ret\u00e9 les rendent adapt\u00e9s aux ponts, r\u00e9duisant la contrainte sur les dents de soutien tout en assurant la stabilit\u00e9. Et, parfait pour les proth\u00e8ses implant\u00e9es fixes ou amovibles, la biocompatibilit\u00e9 du titane assure une int\u00e9gration s\u00fbre avec la m\u00e2choire, soutenant \u00e0 la fois l'esth\u00e9tique et la fonction. De plus, utile dans les restaurations \u00e0 arc complet et \u00e0 plusieurs unit\u00e9s qui n\u00e9cessitent \u00e0 la fois durabilit\u00e9 et pr\u00e9cision pour une restauration hautement naturelle et fonctionnelle.<\/p>\n<p>Les blocs de titane ont d'\u00e9normes avantages par rapport \u00e0 d'autres mat\u00e9riaux dentaires. Le bloc de zirconie, bien que fort, est susceptible de se d\u00e9coupage ou de se casser sous une pression extr\u00eame, en particulier chez les patients atteints de bruxisme. De plus, au fil du temps, il peut d\u00e9velopper des microfissures qui peuvent compromettre l'int\u00e9grit\u00e9 structurelle. Le disilicate de lithium est plus doux et plus adapt\u00e9 aux applications esth\u00e9tiques \u00e0 faible tension telles que les incisives plut\u00f4t que les zones de mastication \u00e0 haute tension. Il est \u00e9galement plus enclin \u00e0 l'usure et moins durable sous une pression lourde ou r\u00e9p\u00e9t\u00e9e. Le PMMA, en revanche, est un mat\u00e9riau \u00e0 base de plastique qui manque de la r\u00e9sistance et de la r\u00e9sistance n\u00e9cessaires pour les solutions dentaires permanentes et est principalement utilis\u00e9 pour les restaurations temporaires. En outre, il est sujette \u00e0 l'usure et \u00e0 la teinture lors de la mastication fr\u00e9quente, ce qui le rend inappropri\u00e9 pour une utilisation \u00e0 long terme.<\/p>\n<p><strong>1.Suitable pour les applications dentaires \u00e0 long terme<\/strong><\/p>\n<p><strong>2.Non toxique, h<\/strong><strong>ypoallerg\u00e9nique et s\u00fbr pour tous les patients<\/strong><\/p>\n<p><strong>R\u00e9sistance \u00e0 la corrosion 3.Superior et bonne r\u00e9sistance \u00e0 la chaleur<\/strong><\/p>\n<p><strong>4.Excellent r\u00e9sistance, biocompatibilit\u00e9 et r\u00e9sistance \u00e0 la corrosion<\/strong><\/p>\n<div style=\"width: 800px;\" class=\"wp-video\"><video class=\"wp-video-shortcode\" id=\"video-2699-1\" width=\"800\" height=\"450\" preload=\"metadata\" controls=\"controls\"><source type=\"video\/mp4\" src=\"https:\/\/www.dentalxangtech.com\/wp-content\/uploads\/2024\/10\/titanium-block.mp4?_=1\" \/><a href=\"https:\/\/www.dentalxangtech.com\/wp-content\/uploads\/2024\/10\/titanium-block.mp4\">https:\/\/www.dentalxangtech.com\/wp-content\/uploads\/2024\/10\/titanium-block.mp4<\/a><\/video><\/div>","protected":false},"excerpt":{"rendered":"<p>XANGTECH dental titanium blocks is for durable, biocompatible, and highly stable materials in dental restorations. Known for their exceptional mechanical properties, dental titanium blocks provide solutions for both prosthetic and implant-supported restorations. The inherent benefits of titanium, such as resistance to corrosion, lightweight composition, and compatibility with biological tissue, make these blocks highly suitable for [&hellip;]<\/p>\n","protected":false},"featured_media":3760,"template":"","meta":{"_acf_changed":false},"product_brand":[],"product_cat":[15,46],"product_tag":[],"class_list":{"0":"post-2699","1":"product","2":"type-product","3":"status-publish","4":"has-post-thumbnail","6":"product_cat-restoration-materials","7":"product_cat-titanium-block","9":"first","10":"instock","11":"shipping-taxable","12":"product-type-simple"},"acf":[],"_links":{"self":[{"href":"https:\/\/www.dentalxangtech.com\/fr\/wp-json\/wp\/v2\/product\/2699","targetHints":{"allow":["GET"]}}],"collection":[{"href":"https:\/\/www.dentalxangtech.com\/fr\/wp-json\/wp\/v2\/product"}],"about":[{"href":"https:\/\/www.dentalxangtech.com\/fr\/wp-json\/wp\/v2\/types\/product"}],"wp:featuredmedia":[{"embeddable":true,"href":"https:\/\/www.dentalxangtech.com\/fr\/wp-json\/wp\/v2\/media\/3760"}],"wp:attachment":[{"href":"https:\/\/www.dentalxangtech.com\/fr\/wp-json\/wp\/v2\/media?parent=2699"}],"wp:term":[{"taxonomy":"product_brand","embeddable":true,"href":"https:\/\/www.dentalxangtech.com\/fr\/wp-json\/wp\/v2\/product_brand?post=2699"},{"taxonomy":"product_cat","embeddable":true,"href":"https:\/\/www.dentalxangtech.com\/fr\/wp-json\/wp\/v2\/product_cat?post=2699"},{"taxonomy":"product_tag","embeddable":true,"href":"https:\/\/www.dentalxangtech.com\/fr\/wp-json\/wp\/v2\/product_tag?post=2699"}],"curies":[{"name":"WP","href":"https:\/\/api.w.org\/{rel}","templated":true}]}}