{"id":2787,"date":"2024-11-09T17:09:03","date_gmt":"2024-11-09T09:09:03","guid":{"rendered":"http\/\/www.dentalxangtech.com\/?post_type=product&#038;p=2787"},"modified":"2024-11-09T17:09:03","modified_gmt":"2024-11-09T09:09:03","slug":"sirona-cerec-ht-plus-white-dental-zirconia-block","status":"publish","type":"product","link":"https:\/\/www.dentalxangtech.com\/fr\/product\/sirona-cerec-ht-plus-white-dental-zirconia-block\/","title":{"rendered":"Bloc de zircone dentaire Sirona Cerec HT Plus blanc"},"content":{"rendered":"<p>XANGTECH Sirona Cerec HT Plus Bloc de zirconie dentaire blanc est con\u00e7u pour une durabilit\u00e9 sup\u00e9rieure, un attrait esth\u00e9tique et une pr\u00e9cision, ce qui en fait un choix exceptionnel pour les professionnels dentaires et les patients \u00e0 la recherche de restaurations fiables et de haute qualit\u00e9. Ces blocs sont sp\u00e9cialement con\u00e7us avec un haut degr\u00e9 de r\u00e9sistance aux taches, assurant que les restaurations dentaires maintiennent leur apparence naturelle au fil du temps, m\u00eame avec une exposition r\u00e9guli\u00e8re aux aliments et boissons. Ceci est particuli\u00e8rement pr\u00e9cieux pour les patients cherchant \u00e0 \u00e9viter le probl\u00e8me commun de d\u00e9coloration qui peut affecter d'autres mat\u00e9riaux dentaires. Fabriqu\u00e9s en utilisant une technologie avanc\u00e9e de pressage isostatique \u00e0 froid, nos blocs de zirconie Sirona Cerec HT Plus White poss\u00e8dent une structure dense et durable qui supporte une dur\u00e9e de vie prolong\u00e9e. Ce processus am\u00e9liore la stabilit\u00e9 interne et la r\u00e9sistance du mat\u00e9riau, lui permettant de mieux r\u00e9sister \u00e0 l'usure quotidienne, ce qui en fait une solution fiable pour les patients n\u00e9cessitant des restaurations durables et \u00e0 long terme. Les blocs poss\u00e8dent \u00e9galement un rapport r\u00e9sistance-poids impressionnant, ce qui les rend id\u00e9aux pour les patients ayant des besoins sp\u00e9ciaux en r\u00e9sistance, tels que ceux qui souffrent de bruxisme ou qui ont besoin d'un soutien robuste pour les couronnes molaires ou les ponts.<\/p>\n<p>Avec un profil de r\u00e9sistance plus \u00e9lev\u00e9, il est id\u00e9al pour les patients ayant des besoins de r\u00e9sistance sp\u00e9ciaux, tels que ceux qui souffrent de bruxisme (broyage des dents) ou qui n\u00e9cessitent des restaurations robustes dans la r\u00e9gion post\u00e9rieure o\u00f9 les forces de morsure sont plus \u00e9lev\u00e9es. Bien que de nombreux blocs de zirconie offrent une haute r\u00e9sistance, ses propri\u00e9t\u00e9s de r\u00e9sistance vont plus loin pour r\u00e9pondre \u00e0 des exigences sp\u00e9cifiques en mati\u00e8re de durabilit\u00e9 et de soutien am\u00e9lior\u00e9s, d\u00e9passant de nombreux blocs de zirconie standard dans des cas difficiles. Il&#8217; s shape est con\u00e7u pour une compatibilit\u00e9 optimale avec les fraises dentaires Sirona \u00e0 grande vitesse, permettant un traitement plus rapide et plus efficace. Cet avantage est particuli\u00e8rement utile dans les laboratoires et cliniques dentaires \u00e0 forte demande, o\u00f9 le temps de d\u00e9lai est essentiel. En fraisant plus facilement et avec moins d'usure sur les bornes de fraisage, ces blocs contribuent \u00e0 r\u00e9duire les co\u00fbts et le temps de traitement globaux, ce qui en fait un choix plus efficace par rapport aux autres blocs de zirconie qui peuvent prendre plus de temps ou n\u00e9cessiter des \u00e9tapes suppl\u00e9mentaires.<\/p>","protected":false},"excerpt":{"rendered":"<p>XANGTECH Sirona Cerec HT Plus White dental zirconia block is crafted for superior durability, aesthetic appeal, and precision, making it an exceptional choice for both dental professionals and patients seeking reliable, high-quality restorations. These blocks are specifically designed with a high degree of stain resistance, ensuring that dental restorations maintain their natural appearance over time, [&hellip;]<\/p>\n","protected":false},"featured_media":2788,"template":"","meta":{"_acf_changed":false},"product_brand":[],"product_cat":[53],"product_tag":[],"class_list":{"0":"post-2787","1":"product","2":"type-product","3":"status-publish","4":"has-post-thumbnail","6":"product_cat-white-zirconia-block","8":"first","9":"instock","10":"shipping-taxable","11":"product-type-simple"},"acf":[],"_links":{"self":[{"href":"https:\/\/www.dentalxangtech.com\/fr\/wp-json\/wp\/v2\/product\/2787","targetHints":{"allow":["GET"]}}],"collection":[{"href":"https:\/\/www.dentalxangtech.com\/fr\/wp-json\/wp\/v2\/product"}],"about":[{"href":"https:\/\/www.dentalxangtech.com\/fr\/wp-json\/wp\/v2\/types\/product"}],"wp:featuredmedia":[{"embeddable":true,"href":"https:\/\/www.dentalxangtech.com\/fr\/wp-json\/wp\/v2\/media\/2788"}],"wp:attachment":[{"href":"https:\/\/www.dentalxangtech.com\/fr\/wp-json\/wp\/v2\/media?parent=2787"}],"wp:term":[{"taxonomy":"product_brand","embeddable":true,"href":"https:\/\/www.dentalxangtech.com\/fr\/wp-json\/wp\/v2\/product_brand?post=2787"},{"taxonomy":"product_cat","embeddable":true,"href":"https:\/\/www.dentalxangtech.com\/fr\/wp-json\/wp\/v2\/product_cat?post=2787"},{"taxonomy":"product_tag","embeddable":true,"href":"https:\/\/www.dentalxangtech.com\/fr\/wp-json\/wp\/v2\/product_tag?post=2787"}],"curies":[{"name":"WP","href":"https:\/\/api.w.org\/{rel}","templated":true}]}}