{"id":2835,"date":"2024-11-14T10:46:22","date_gmt":"2024-11-14T02:46:22","guid":{"rendered":"http\/\/www.dentalxangtech.com\/product\/sirona-cerec-ht-plus-white-dental-zirconia-block-2\/"},"modified":"2024-11-15T17:37:37","modified_gmt":"2024-11-15T09:37:37","slug":"sirona-cerec-3d-pro-zirconia-block","status":"publish","type":"product","link":"https:\/\/www.dentalxangtech.com\/fr\/product\/sirona-cerec-3d-pro-zirconia-block\/","title":{"rendered":"Bloc de zirconie Sirona Cerec 3D Pro"},"content":{"rendered":"<p>XANGTECH&#8217; s Le bloc de zirconie Sirona Cerec 3D Pro repr\u00e9sente une nouvelle norme dans les mat\u00e9riaux dentaires restaurateurs, con\u00e7us pour les cliniciens qui recherchent des r\u00e9sultats de haute qualit\u00e9 avec une efficacit\u00e9 maximale. Gr\u00e2ce \u00e0 sa technologie multicouche 3D innovante, le bloc offre un gradient naturel de translucidit\u00e9 et de couleur qui refl\u00e8te l'apparence de dents r\u00e9elles, obtenant une esth\u00e9tique remarquablement r\u00e9aliste. Chaque couche au sein du bloc de zirconie est con\u00e7ue pour refl\u00e9ter les variations naturelles de couleur trouv\u00e9es dans l\u2019\u00e9mail et la dentine, permettant aux dentistes de cr\u00e9er des restaurations qui s\u2019int\u00e8grent parfaitement dans le sourire du patient. Construit en zirconie \u00e0 haute r\u00e9sistance, il est exceptionnellement durable, ce qui le rend id\u00e9al pour les couronnes \u00e0 unit\u00e9 unique et les proth\u00e8ses \u00e0 unit\u00e9s multiples plus grandes comme les ponts. La r\u00e9silience du mat\u00e9riau garantit qu\u2019il peut r\u00e9sister \u00e0 l\u2019usure quotidienne tout en conservant sa couleur et sa translucidit\u00e9 au fil du temps, am\u00e9liorant la satisfaction des patients et la confiance dans la qualit\u00e9 de leurs soins dentaires. Sa compatibilit\u00e9 avec les syst\u00e8mes CAO\/CAM de Sirona le distingue en tant qu\u2019outil puissant pour rationaliser les flux de travail dans les pratiques dentaires modernes. En s'int\u00e9grant au syst\u00e8me, le bloc de zirconie 3D Pro permet une fraisage efficace sur la chaise, ce qui peut r\u00e9duire le besoin de visites multiples de patients et permettre des restaurations le m\u00eame jour dans de nombreux cas. Cette solution qui permet de gagner du temps offre aux dentistes et techniciens dentaires la pr\u00e9cision requise pour les cas complexes tout en offrant aux patients une exp\u00e9rience plus rapide et plus confortable.<\/p>\n<p>Contrairement \u00e0 la zirconie traditionnelle, elle offre une translucidit\u00e9 adaptative qui am\u00e9liore la diffusion de la lumi\u00e8re pour une lueur remarquablement r\u00e9aliste. Cette propri\u00e9t\u00e9 unique permet des restaurations qui capturent et refl\u00e8tent la lumi\u00e8re de mani\u00e8re naturelle, particuli\u00e8rement b\u00e9n\u00e9fique pour les restaurations ant\u00e9rieures o\u00f9 l\u2019esth\u00e9tique est cruciale. Qu&#8217; Plus, gr\u00e2ce \u00e0 sa composition de particules raffin\u00e9e, ce bloc de zirconie est con\u00e7u pour \u00eatre doux sur la dentition oppos\u00e9e, r\u00e9duisant l'usure tout en conservant sa propre durabilit\u00e9. Cette fonctionnalit\u00e9 soutient la sant\u00e9 buccale \u00e0 long terme en pr\u00e9servant les dents naturelles environnantes, ce qui en fait un excellent choix pour la r\u00e9habilitation de la bouche compl\u00e8te. Il offre une faible conductivit\u00e9 thermique, ce qui minimise la sensibilit\u00e9 \u00e0 la temp\u00e9rature pour les patients une fois la restauration install\u00e9e. Cet attribut rend le bloc particuli\u00e8rement confortable pour les patients qui pourraient autrement ressentir de l'inconfort avec des aliments et des boissons chauds ou froids. Et, avec une texture de surface sp\u00e9cialement optimis\u00e9e, il aide \u00e0 garantir que les restaurations restent en place en toute s\u00e9curit\u00e9, m\u00eame dans les zones \u00e0 forte charge, offrant aux patients la confiance dans la long\u00e9vit\u00e9 de leur travail dentaire. Avec un taux de r\u00e9tr\u00e9cissement impressionnantement bas lors du frittage, il maintient sa pr\u00e9cision dimensionnelle, ce qui se traduit par un meilleur ajustement initial et des r\u00e9sultats plus pr\u00e9visibles. Cette consistance peut r\u00e9duire le besoin d'ajustements et aider les patients \u00e0 profiter d'une exp\u00e9rience d'ajustement plus rapide et plus confortable.<\/p>","protected":false},"excerpt":{"rendered":"<p>XANGTECH&#8217;s Sirona Cerec 3D Pro zirconia block represents a new standard in restorative dental materials, crafted for clinicians who seek high-quality outcomes with maximum efficiency. With its innovative 3D multilayer technology, the block offers a natural gradient in translucency and color that mirrors the appearance of real teeth, achieving a remarkably lifelike esthetic. Each layer [&hellip;]<\/p>\n","protected":false},"featured_media":2844,"template":"","meta":{"_acf_changed":false},"product_brand":[],"product_cat":[43],"product_tag":[],"class_list":{"0":"post-2835","1":"product","2":"type-product","3":"status-publish","4":"has-post-thumbnail","6":"product_cat-zirconia-block","8":"first","9":"instock","10":"shipping-taxable","11":"product-type-simple"},"acf":[],"_links":{"self":[{"href":"https:\/\/www.dentalxangtech.com\/fr\/wp-json\/wp\/v2\/product\/2835","targetHints":{"allow":["GET"]}}],"collection":[{"href":"https:\/\/www.dentalxangtech.com\/fr\/wp-json\/wp\/v2\/product"}],"about":[{"href":"https:\/\/www.dentalxangtech.com\/fr\/wp-json\/wp\/v2\/types\/product"}],"wp:featuredmedia":[{"embeddable":true,"href":"https:\/\/www.dentalxangtech.com\/fr\/wp-json\/wp\/v2\/media\/2844"}],"wp:attachment":[{"href":"https:\/\/www.dentalxangtech.com\/fr\/wp-json\/wp\/v2\/media?parent=2835"}],"wp:term":[{"taxonomy":"product_brand","embeddable":true,"href":"https:\/\/www.dentalxangtech.com\/fr\/wp-json\/wp\/v2\/product_brand?post=2835"},{"taxonomy":"product_cat","embeddable":true,"href":"https:\/\/www.dentalxangtech.com\/fr\/wp-json\/wp\/v2\/product_cat?post=2835"},{"taxonomy":"product_tag","embeddable":true,"href":"https:\/\/www.dentalxangtech.com\/fr\/wp-json\/wp\/v2\/product_tag?post=2835"}],"curies":[{"name":"WP","href":"https:\/\/api.w.org\/{rel}","templated":true}]}}