{"id":2850,"date":"2024-11-15T11:29:02","date_gmt":"2024-11-15T03:29:02","guid":{"rendered":"http\/\/www.dentalxangtech.com\/product\/sirona-cerec-ht-plus-white-dental-zirconia-block-2-2\/"},"modified":"2024-11-15T17:59:56","modified_gmt":"2024-11-15T09:59:56","slug":"sirona-cerec-sht-multilayer-zirconia-block","status":"publish","type":"product","link":"https:\/\/www.dentalxangtech.com\/fr\/product\/sirona-cerec-sht-multilayer-zirconia-block\/","title":{"rendered":"Bloc de zirconie multicouche Sirona Cerec SHT"},"content":{"rendered":"<p>XANGTECH&#8217; Le bloc de zirconie multicouche Sirona Cerec SHT est un mat\u00e9riau de pointe con\u00e7u pour r\u00e9pondre \u00e0 la demande croissante de restaurations dentaires de haute qualit\u00e9 et d'apparence naturelle qui donnent la priorit\u00e9 \u00e0 la durabilit\u00e9 et \u00e0 l'esth\u00e9tique. Gr\u00e2ce \u00e0 la technologie avanc\u00e9e Super High Translucency (SHT), ces blocs de zirconie r\u00e9pliquent les transitions de couleur complexes trouv\u00e9es dans les dents naturelles, offrant un gradient multicouche qui passe en douceur d'un noyau dense \u00e0 une surface tr\u00e8s translucide semblable \u00e0 l'\u00e9mail. Cette conception innovante permet non seulement d'obtenir des r\u00e9sultats r\u00e9alistes exceptionnels, mais r\u00e9duit \u00e9galement le besoin d'ombrage et de teinture suppl\u00e9mentaires, gagnant du temps et am\u00e9liorant l'efficacit\u00e9 dans le laboratoire ou la clinique dentaire. D\u00e9velopp\u00e9 pour une gamme de restaurations dentaires, y compris des couronnes, des ponts et des structures support\u00e9es par des implants, il fournit la r\u00e9sistance et la r\u00e9sistance requises pour les applications ant\u00e9rieures et post\u00e9rieures. Les blocs maintiennent une r\u00e9sistance aux fractures exceptionnelle, assurant des restaurations qui peuvent r\u00e9sister aux pressions de l'usure quotidienne sans compromettre l'esth\u00e9tique. De plus, les propri\u00e9t\u00e9s de translucidit\u00e9 du mat\u00e9riau et les gradients de couleur naturels minimisent le risque de d\u00e9coloration, am\u00e9liorant la long\u00e9vit\u00e9 et l\u2019attrait de chaque restauration. En combinant facilit\u00e9 d\u2019utilisation et haute pr\u00e9cision, il s\u2019aligne sur les flux de travail num\u00e9riques modernes. Cette compatibilit\u00e9 permet aux dentistes et techniciens de concevoir et de produire des restaurations de mani\u00e8re rationnelle et rentable tout en d\u00e9livrant de beaux r\u00e9sultats pr\u00e9visibles qui r\u00e9pondent aux normes exigeantes des patients. Gr\u00e2ce \u00e0 elle, les professionnels dentaires peuvent fournir en toute confiance des restaurations qui am\u00e9liorent \u00e0 la fois la fonction et l\u2019esth\u00e9tique, assurant la satisfaction du patient et une performance durable.<\/p>\n<p>Il se distingue des autres types de blocs de zirconie par son m\u00e9lange unique de transitions de couleurs multicouches, de translucidit\u00e9 et de r\u00e9sistance inh\u00e9rente. Contrairement aux blocs de zirconie standard, qui comptent souvent sur des teintures ou des couches suppl\u00e9mentaires pour obtenir un aspect r\u00e9aliste, il est fabriqu\u00e9 avec des couches pr\u00e9-ombrag\u00e9es qui refl\u00e8tent la progression naturelle de la couleur de la dentine \u00e0 l'\u00e9mail. Ce gradient de couleur soigneusement calibr\u00e9 \u00e9limine la n\u00e9cessit\u00e9 d'\u00e9tapes suppl\u00e9mentaires pour ajouter la profondeur et le ton, rendant le processus de fabrication plus rapide, plus efficace et plus fiable. Pour les techniciens dentaires et les cliniciens, cette fonctionnalit\u00e9 r\u00e9duit le temps et simplifie le flux de travail, tout en assurant que chaque restauration obtient un r\u00e9sultat de qualit\u00e9 constante et r\u00e9aliste. De nombreux blocs de zirconie sur le march\u00e9 ont tendance \u00e0 faire un compromis entre la r\u00e9sistance et la translucidit\u00e9, avec des options tendant g\u00e9n\u00e9ralement \u00e0 une r\u00e9sistance plus \u00e9lev\u00e9e mais entra\u00eenant une finition plus opaque et moins esth\u00e9tique, ou choisissant une translucidit\u00e9 am\u00e9lior\u00e9e qui peut affaiblir la durabilit\u00e9. Il est con\u00e7u pour r\u00e9soudre ce probl\u00e8me en atteignant un \u00e9quilibre qui am\u00e9liore les deux attributs. Gr\u00e2ce \u00e0 sa technologie Super High Translucency (SHT), il offre un niveau naturel de translucidit\u00e9 sans sacrifier la r\u00e9sistance \u00e0 la fracture requise pour les restaurations dans les zones \u00e0 forte tension de la bouche, telles que les molaires et les ponts. Cette double capacit\u00e9 signifie que le mat\u00e9riau peut \u00eatre utilis\u00e9 en toute confiance pour les restaurations ant\u00e9rieures, o\u00f9 l'esth\u00e9tique est cruciale, ainsi que dans les applications post\u00e9rieures, o\u00f9 la durabilit\u00e9 est essentielle. De plus, il rationalise les processus de conception et de fraisage, facilitant ainsi aux professionnels dentaires de fabriquer des restaurations pr\u00e9cises et belles tout en r\u00e9duisant les co\u00fbts et les temps de traitement. L'informatique offre ainsi un avantage in\u00e9gal\u00e9 par rapport aux options zirconiennes conventionnelles, permettant aux laboratoires dentaires et aux cliniques de fournir des restaurations qui non seulement renforcent la confiance du patient avec une esth\u00e9tique naturelle, mais assurent \u00e9galement la satisfaction \u00e0 long terme avec des restaurations con\u00e7ues pour supporter l'usure quotidienne.<\/p>","protected":false},"excerpt":{"rendered":"<p>XANGTECH&#8217;s Sirona Cerec SHT multilayer zirconia block is a cutting-edge material designed to meet the growing demand for high-quality, natural-looking dental restorations that prioritize both durability and aesthetics. With advanced Super High Translucency (SHT) technology, these zirconia blocks replicate the complex color transitions found in natural teeth, offering a multilayered gradient that smoothly shifts from [&hellip;]<\/p>\n","protected":false},"featured_media":2869,"template":"","meta":{"_acf_changed":false},"product_brand":[],"product_cat":[43],"product_tag":[],"class_list":{"0":"post-2850","1":"product","2":"type-product","3":"status-publish","4":"has-post-thumbnail","6":"product_cat-zirconia-block","8":"first","9":"instock","10":"shipping-taxable","11":"product-type-simple"},"acf":[],"_links":{"self":[{"href":"https:\/\/www.dentalxangtech.com\/fr\/wp-json\/wp\/v2\/product\/2850","targetHints":{"allow":["GET"]}}],"collection":[{"href":"https:\/\/www.dentalxangtech.com\/fr\/wp-json\/wp\/v2\/product"}],"about":[{"href":"https:\/\/www.dentalxangtech.com\/fr\/wp-json\/wp\/v2\/types\/product"}],"wp:featuredmedia":[{"embeddable":true,"href":"https:\/\/www.dentalxangtech.com\/fr\/wp-json\/wp\/v2\/media\/2869"}],"wp:attachment":[{"href":"https:\/\/www.dentalxangtech.com\/fr\/wp-json\/wp\/v2\/media?parent=2850"}],"wp:term":[{"taxonomy":"product_brand","embeddable":true,"href":"https:\/\/www.dentalxangtech.com\/fr\/wp-json\/wp\/v2\/product_brand?post=2850"},{"taxonomy":"product_cat","embeddable":true,"href":"https:\/\/www.dentalxangtech.com\/fr\/wp-json\/wp\/v2\/product_cat?post=2850"},{"taxonomy":"product_tag","embeddable":true,"href":"https:\/\/www.dentalxangtech.com\/fr\/wp-json\/wp\/v2\/product_tag?post=2850"}],"curies":[{"name":"WP","href":"https:\/\/api.w.org\/{rel}","templated":true}]}}