{"id":2870,"date":"2024-11-15T14:00:50","date_gmt":"2024-11-15T06:00:50","guid":{"rendered":"http\/\/www.dentalxangtech.com\/product\/intraoral-scanner-2\/"},"modified":"2024-11-18T08:50:04","modified_gmt":"2024-11-18T00:50:04","slug":"vacuum-cleaner","status":"publish","type":"product","link":"https:\/\/www.dentalxangtech.com\/fr\/product\/vacuum-cleaner\/","title":{"rendered":"Aspirateur"},"content":{"rendered":"<p>XANGTECH&#8217; L'aspirateur s est une solution puissante et intelligente con\u00e7ue pour r\u00e9pondre aux exigences de nettoyage rigoureuses des laboratoires dentaires et des environnements de fabrication de pr\u00e9cision. Sa capacit\u00e9 de liaison intelligente avanc\u00e9e permet une connectivit\u00e9 sans couture avec les tours en zirconie, assurant que la poussi\u00e8re et les particules sont \u00e9limin\u00e9es automatiquement avec un syst\u00e8me innovant d'\u00e9limination de poussi\u00e8re \u00e0 impulsion. Cette connexion intelligente am\u00e9liore non seulement la propret\u00e9 de l'espace de travail, mais favorise \u00e9galement l'efficacit\u00e9 et la long\u00e9vit\u00e9 de la machine en emp\u00eachant l'accumulation de d\u00e9bris sur les composants d\u00e9licats. Dot\u00e9 d'un moteur sans brosse de grande puissance et d'un syst\u00e8me de ventilation efficace, il offre une r\u00e9sistance d'aspiration exceptionnelle capable de capturer m\u00eame les plus fines particules. Cette aspiration puissante, combin\u00e9e \u00e0 un flux d'air fort, assure un nettoyage approfondi en un seul passage, g\u00e9rant efficacement le rendement \u00e9lev\u00e9 de poussi\u00e8re commun dans le traitement de la zirconie et d'autres t\u00e2ches dentaires ou de laboratoire. La vitesse du vent peut \u00eatre facilement r\u00e9gl\u00e9e \u00e0 l\u2019aide d\u2019un bouton de rotation manuel, permettant aux utilisateurs d\u2019ajuster le niveau d\u2019aspiration en fonction de leur t\u00e2che sp\u00e9cifique, qu\u2019il s\u2019agisse d\u2019un nettoyage l\u00e9ger ou d\u2019un nettoyage intense de poussi\u00e8re. Une caract\u00e9ristique distinctive de l'aspirateur XANGTECH est son fonctionnement \u00e0 faible bruit. Cette fonctionnalit\u00e9 ultra-silencieuse est id\u00e9ale pour une utilisation prolong\u00e9e dans des milieux o\u00f9 la concentration et les perturbations minimales sont essentielles, offrant un espace de travail plus confortable et plus silencieux par rapport aux aspirateurs traditionnels de grande puissance. Construit en tenant compte \u00e0 la fois des performances et de la facilit\u00e9 d'utilisation, il combine une technologie intelligente, une puissance robuste et une conception r\u00e9fl\u00e9chie pour r\u00e9pondre aux besoins exigeants des laboratoires dentaires modernes et des installations industrielles, en fournissant un environnement plus propre et en aidant les \u00e9quipements \u00e0 fonctionner \u00e0 un rendement maximal.<\/p>\n<p>L'aspirateur XANGTECH est con\u00e7u pour des performances puissantes et flexibles, capable d'aspirar simultan\u00e9ment deux fraises, ce qui en fait un choix exceptionnel pour les laboratoires dentaires occup\u00e9s et les environnements de fabrication qui utilisent plusieurs machines. Cette fonctionnalit\u00e9 unique \u00e0 double capacit\u00e9 permet \u00e0 l'aspirateur de g\u00e9rer efficacement la poussi\u00e8re et les d\u00e9bris de deux tours en zirconie \u00e0 la fois, am\u00e9liorant consid\u00e9rablement la productivit\u00e9 et maintenant un espace de travail plus propre et plus s\u00fbr sans avoir besoin d'\u00e9quipement de nettoyage suppl\u00e9mentaire. Sa technologie de liaison intelligente se connecte sans faille \u00e0 plusieurs machines, d\u00e9clenchant automatiquement l'\u00e9limination de poussi\u00e8res d'impulsion pour \u00e9viter l'accumulation de particules sur les surfaces et les composants, ce qui est essentiel pour maintenir la pr\u00e9cision et l'efficacit\u00e9 des op\u00e9rations de fraisage. Avec un moteur sans brosse puissant et un ventilateur \u00e0 haut rendement, l'aspirateur offre une r\u00e9sistance \u00e0 l'aspiration robuste, capturant efficacement la poussi\u00e8re et les particules des deux machines sans compromis de performance.<\/p>\n<p><strong>Enl\u00e8vement de poussi\u00e8re d'impulsion 1.intelligent linkage.automatic, intelligentement connect\u00e9 aux tours \u00e0 zirconie<\/strong><\/p>\n<p><strong>moteur force.brushless d'aspiration 2.string, ventilateur \u00e0 haut rendement vents forts et aspiration forte<\/strong><\/p>\n<p><strong>3.rotate bouton.manuellement faire tourner le bouton pour r\u00e9gler la vitesse du vent librement<\/strong><\/p>\n<p><strong>4.low noise.low bruit de travail avec un niveau de bruit inf\u00e9rieur \u00e0 48 d\u00e9cibels<\/strong><\/p>","protected":false},"excerpt":{"rendered":"<p>XANGTECH&#8217;s vacuum cleaner is a powerful, intelligent solution tailored to meet the rigorous cleaning requirements of dental labs and precision manufacturing environments. Its advanced intelligent linkage capability enables seamless connectivity with zirconia lathes, ensuring that dust and particles are automatically removed with an innovative pulse dust removal system. This intelligent connection not only improves the [&hellip;]<\/p>\n","protected":false},"featured_media":2875,"template":"","meta":{"_acf_changed":false},"product_brand":[],"product_cat":[15],"product_tag":[],"class_list":{"0":"post-2870","1":"product","2":"type-product","3":"status-publish","4":"has-post-thumbnail","6":"product_cat-restoration-materials","8":"first","9":"instock","10":"shipping-taxable","11":"product-type-simple"},"acf":[],"_links":{"self":[{"href":"https:\/\/www.dentalxangtech.com\/fr\/wp-json\/wp\/v2\/product\/2870","targetHints":{"allow":["GET"]}}],"collection":[{"href":"https:\/\/www.dentalxangtech.com\/fr\/wp-json\/wp\/v2\/product"}],"about":[{"href":"https:\/\/www.dentalxangtech.com\/fr\/wp-json\/wp\/v2\/types\/product"}],"wp:featuredmedia":[{"embeddable":true,"href":"https:\/\/www.dentalxangtech.com\/fr\/wp-json\/wp\/v2\/media\/2875"}],"wp:attachment":[{"href":"https:\/\/www.dentalxangtech.com\/fr\/wp-json\/wp\/v2\/media?parent=2870"}],"wp:term":[{"taxonomy":"product_brand","embeddable":true,"href":"https:\/\/www.dentalxangtech.com\/fr\/wp-json\/wp\/v2\/product_brand?post=2870"},{"taxonomy":"product_cat","embeddable":true,"href":"https:\/\/www.dentalxangtech.com\/fr\/wp-json\/wp\/v2\/product_cat?post=2870"},{"taxonomy":"product_tag","embeddable":true,"href":"https:\/\/www.dentalxangtech.com\/fr\/wp-json\/wp\/v2\/product_tag?post=2870"}],"curies":[{"name":"WP","href":"https:\/\/api.w.org\/{rel}","templated":true}]}}