{"id":3009,"date":"2024-11-21T11:48:08","date_gmt":"2024-11-21T03:48:08","guid":{"rendered":"http\/\/www.dentalxangtech.com\/?post_type=product&#038;p=3009"},"modified":"2024-11-26T15:17:20","modified_gmt":"2024-11-26T07:17:20","slug":"super-translucent-plus-white-zirconia-block","status":"publish","type":"product","link":"https:\/\/www.dentalxangtech.com\/fr\/product\/super-translucent-plus-white-zirconia-block\/","title":{"rendered":"Bloc de Zirconie Super Translucide Plus Blanc"},"content":{"rendered":"<p><span style=\"font-family: arial, helvetica, sans-serif; font-size: 12pt;\">Les blocs de zirconie super translucide et blanche de XANGTECH sont con\u00e7us pour imiter la couleur naturelle et la translucidit\u00e9 des dents, ce qui en fait un choix pr\u00e9f\u00e9r\u00e9 dans les laboratoires dentaires dans le monde entier. Fabriqu\u00e9s en utilisant des techniques avanc\u00e9es de traitement des mati\u00e8res premi\u00e8res et de fabrication de pointe, ces blocs offrent une transparence in\u00e9gal\u00e9e par rapport aux mat\u00e9riaux dentaires traditionnels, assurant une esth\u00e9tique r\u00e9aliste dans les restaurations enti\u00e8rement en c\u00e9ramique. Ces blocs de zirconie offrent une excellente compatibilit\u00e9 et une conductivit\u00e9 thermique ultra-basse, offrant des performances fiables dans diverses applications. Am\u00e9lior\u00e9s par la technologie pr\u00e9fritt\u00e9e de pointe et le pressage isostatique \u00e0 froid, ils pr\u00e9sentent une duret\u00e9 mod\u00e9r\u00e9e pour une coupe pr\u00e9cise et facile, ce qui les rend id\u00e9aux pour la cr\u00e9ation de couronnes, de ponts et d'autres proth\u00e8ses dentaires. Con\u00e7u pour restaurer la forme, la fonction et la beaut\u00e9 des dents, il combine une haute r\u00e9sistance et durabilit\u00e9 avec une translucidit\u00e9 am\u00e9lior\u00e9e, obtenant une apparence plus proche des dents naturelles. Faites confiance \u00e0 XANGTECH pour des restaurations qui offrent une qualit\u00e9, une esth\u00e9tique et une fiabilit\u00e9 exceptionnelles.<\/span><\/p>\n<p><span style=\"font-family: arial, helvetica, sans-serif; font-size: 12pt;\">Il se distingue des autres blocs de zirconie en offrant une combinaison exceptionnelle de translucidit\u00e9 am\u00e9lior\u00e9e, de r\u00e9sistance sup\u00e9rieure et de capacit\u00e9s de traitement avanc\u00e9es. Contrairement \u00e0 la zirconie traditionnelle, qui donne souvent la priorit\u00e9 \u00e0 la force ou \u00e0 la transparence, ce bloc atteint un \u00e9quilibre optimal, offrant \u00e0 la fois une durabilit\u00e9 et une esth\u00e9tique r\u00e9aliste qui imitent \u00e9troitement l'apparence des dents naturelles. Sa translucidit\u00e9 sup\u00e9rieure r\u00e9duit l'aspect dense et opaque typique des mat\u00e9riaux zirconiens plus anciens, ce qui en fait un choix id\u00e9al pour les couronnes ant\u00e9rieures, les placages et d'autres restaurations o\u00f9 la transmission naturelle de la lumi\u00e8re est essentielle. En plus de l'esth\u00e9tique, les blocs de zirconie de XANGTECH offrent d'excellentes propri\u00e9t\u00e9s m\u00e9caniques, y compris une haute r\u00e9sistance et une duret\u00e9 mod\u00e9r\u00e9e, assurant une coupe pr\u00e9cise et efficace pendant la fabrication. Les blocs sont fabriqu\u00e9s en utilisant une technologie de pr\u00e9frittage de pointe et un pressage isostatique \u00e0 froid, ce qui permet une densit\u00e9 uniforme et une qualit\u00e9 constante, d\u00e9passant la zirconie traditionnelle en termes de performance et de facilit\u00e9 d'utilisation. Avec une conductivit\u00e9 thermique ultra-basse pour un confort am\u00e9lior\u00e9 du patient et une biocompatibilit\u00e9 pour des applications dentaires s\u00fbres et \u00e0 long terme, ils offrent un niveau de fiabilit\u00e9 en lequel les professionnels peuvent faire confiance. <\/span><\/p>\n<ol>\n<li><strong>Personnalisable pour correspondre aussi \u00e9troitement que possible \u00e0 la couleur des dents humaines<\/strong><\/li>\n<li><strong>Transparence sup\u00e9rieure<\/strong><\/li>\n<li><strong>Largement applicable \u00e0 tous les syst\u00e8mes CAO CAM<\/strong><\/li>\n<li><strong>Non irritant, fiable<\/strong><\/li>\n<\/ol>","protected":false},"excerpt":{"rendered":"<p>XANGTECH\u2019s super translucent plus white zirconia blocks are expertly engineered to mimic the natural color and translucency of teeth, making them a preferred choice in dental laboratories worldwide. Crafted using advanced raw material processing and cutting-edge manufacturing techniques, these blocks offer unparalleled transparency compared to traditional dental materials, ensuring lifelike aesthetics in all-ceramic restorations. These [&hellip;]<\/p>\n","protected":false},"featured_media":3010,"template":"","meta":{"_acf_changed":false},"product_brand":[],"product_cat":[53],"product_tag":[],"class_list":{"0":"post-3009","1":"product","2":"type-product","3":"status-publish","4":"has-post-thumbnail","6":"product_cat-white-zirconia-block","8":"first","9":"instock","10":"shipping-taxable","11":"product-type-simple"},"acf":[],"_links":{"self":[{"href":"https:\/\/www.dentalxangtech.com\/fr\/wp-json\/wp\/v2\/product\/3009","targetHints":{"allow":["GET"]}}],"collection":[{"href":"https:\/\/www.dentalxangtech.com\/fr\/wp-json\/wp\/v2\/product"}],"about":[{"href":"https:\/\/www.dentalxangtech.com\/fr\/wp-json\/wp\/v2\/types\/product"}],"wp:featuredmedia":[{"embeddable":true,"href":"https:\/\/www.dentalxangtech.com\/fr\/wp-json\/wp\/v2\/media\/3010"}],"wp:attachment":[{"href":"https:\/\/www.dentalxangtech.com\/fr\/wp-json\/wp\/v2\/media?parent=3009"}],"wp:term":[{"taxonomy":"product_brand","embeddable":true,"href":"https:\/\/www.dentalxangtech.com\/fr\/wp-json\/wp\/v2\/product_brand?post=3009"},{"taxonomy":"product_cat","embeddable":true,"href":"https:\/\/www.dentalxangtech.com\/fr\/wp-json\/wp\/v2\/product_cat?post=3009"},{"taxonomy":"product_tag","embeddable":true,"href":"https:\/\/www.dentalxangtech.com\/fr\/wp-json\/wp\/v2\/product_tag?post=3009"}],"curies":[{"name":"WP","href":"https:\/\/api.w.org\/{rel}","templated":true}]}}