{"id":3014,"date":"2024-11-21T14:52:02","date_gmt":"2024-11-21T06:52:02","guid":{"rendered":"http\/\/www.dentalxangtech.com\/?post_type=product&#038;p=3014"},"modified":"2024-12-23T10:00:53","modified_gmt":"2024-12-23T02:00:53","slug":"4d-multilayer-zirconia-block","status":"publish","type":"product","link":"https:\/\/www.dentalxangtech.com\/fr\/product\/4d-multilayer-zirconia-block\/","title":{"rendered":"Bloc de zirconie multicouche 4D"},"content":{"rendered":"<p><span style=\"font-family: arial, helvetica, sans-serif; font-size: 14pt;\">XANGTECH 4D Multilayer Zirconia Block, con\u00e7u avec les derni\u00e8res avanc\u00e9es, ce produit r\u00e9volutionnaire am\u00e9liore consid\u00e9rablement la perm\u00e9abilit\u00e9 de la zirconie tout en maintenant sa renomm\u00e9e r\u00e9sistance et sa durabilit\u00e9. Par rapport aux g\u00e9n\u00e9rations pr\u00e9c\u00e9dentes, notre nouveau bloc en zirconie offre une conception nouvelle qui offre des performances exceptionnelles et des r\u00e9sultats sup\u00e9rieurs. La construction de bloc de zirconie multicouche 4D assure un m\u00e9lange parfait de translucidit\u00e9 et de robustesse, ce qui en fait un choix id\u00e9al pour un large \u00e9ventail d'applications dentaires. Que vous r\u00e9alisiez des couronnes, des ponts ou d'autres restaurations, le bloc de zirconie 4D de XANGTECH offre une pr\u00e9cision et une fiabilit\u00e9 in\u00e9gal\u00e9es.<\/span><\/p>\n<p><span style=\"font-family: arial, helvetica, sans-serif; font-size: 14pt;\">Notre dernier bloc de zirconie pr\u00e9sente une conception sophistiqu\u00e9e et multicouche qui offre des am\u00e9liorations remarquables en mati\u00e8re de performances et d'attrait esth\u00e9tique par rapport aux blocs de zirconie traditionnels. La technologie de bloc de zirconie multicouche 4D assure un \u00e9quilibre parfait entre translucidit\u00e9 et robustesse, ce qui en fait le choix optimal pour cr\u00e9er des restaurations dentaires pr\u00e9cises et naturelles, y compris des couronnes, des ponts et des placages.<\/span><\/p>\n<p><span style=\"font-family: arial, helvetica, sans-serif; font-size: 14pt;\">Compar\u00e9 aux blocs traditionnels de zirconie, XANGTECH&#8217; sa derni\u00e8re innovation offre des r\u00e9sultats sup\u00e9rieurs avec des performances am\u00e9lior\u00e9es et un attrait esth\u00e9tique. Que ce soit pour des restaurations \u00e0 une seule dent ou pour des bo\u00eetiers dentaires complexes, le bloc de zirconie multicouche 4D \u00e9tablit une nouvelle norme, offrant le parfait \u00e9quilibre entre fonctionnalit\u00e9 et beaut\u00e9 pour la dentisterie moderne.<\/span><\/p>\n<p><span style=\"font-family: arial, helvetica, sans-serif; font-size: 14pt;\"><strong>1. Plus de couches de processus de transition de couleur plus compl\u00e8te<br \/>\n2. haute transparence et couleur plus blanche du produit fini<br \/>\n3. haute r\u00e9sistance pour prolonger la dur\u00e9e de vie du produit fini<\/strong><\/span><\/p>\n<div style=\"width: 800px;\" class=\"wp-video\"><video class=\"wp-video-shortcode\" id=\"video-3014-1\" width=\"800\" height=\"450\" preload=\"metadata\" controls=\"controls\"><source type=\"video\/mp4\" src=\"https:\/\/www.dentalxangtech.com\/wp-content\/uploads\/2024\/11\/12\u670823\u65e5.mp4?_=1\" \/><a href=\"https:\/\/www.dentalxangtech.com\/wp-content\/uploads\/2024\/11\/12\u670823\u65e5.mp4\">https:\/\/www.dentalxangtech.com\/wp-content\/uploads\/2024\/11\/12\u670823\u65e5.mp4<\/a><\/video><\/div>","protected":false},"excerpt":{"rendered":"<p>XANGTECH 4D Multilayer Zirconia Block,engineered with the latest advancements, this groundbreaking product significantly enhances the permeability of zirconia while maintaining its renowned strength and durability. Compared to previous generations, our newest zirconia block boasts a novel design that delivers exceptional performance and superior results.The 4D multilayer zirconia block construction ensures a seamless blend of translucency [&hellip;]<\/p>\n","protected":false},"featured_media":3346,"template":"","meta":{"_acf_changed":false},"product_brand":[],"product_cat":[51],"product_tag":[],"class_list":{"0":"post-3014","1":"product","2":"type-product","3":"status-publish","4":"has-post-thumbnail","6":"product_cat-multilayer-zirconia-blcok","8":"first","9":"instock","10":"shipping-taxable","11":"product-type-simple"},"acf":[],"_links":{"self":[{"href":"https:\/\/www.dentalxangtech.com\/fr\/wp-json\/wp\/v2\/product\/3014","targetHints":{"allow":["GET"]}}],"collection":[{"href":"https:\/\/www.dentalxangtech.com\/fr\/wp-json\/wp\/v2\/product"}],"about":[{"href":"https:\/\/www.dentalxangtech.com\/fr\/wp-json\/wp\/v2\/types\/product"}],"wp:featuredmedia":[{"embeddable":true,"href":"https:\/\/www.dentalxangtech.com\/fr\/wp-json\/wp\/v2\/media\/3346"}],"wp:attachment":[{"href":"https:\/\/www.dentalxangtech.com\/fr\/wp-json\/wp\/v2\/media?parent=3014"}],"wp:term":[{"taxonomy":"product_brand","embeddable":true,"href":"https:\/\/www.dentalxangtech.com\/fr\/wp-json\/wp\/v2\/product_brand?post=3014"},{"taxonomy":"product_cat","embeddable":true,"href":"https:\/\/www.dentalxangtech.com\/fr\/wp-json\/wp\/v2\/product_cat?post=3014"},{"taxonomy":"product_tag","embeddable":true,"href":"https:\/\/www.dentalxangtech.com\/fr\/wp-json\/wp\/v2\/product_tag?post=3014"}],"curies":[{"name":"WP","href":"https:\/\/api.w.org\/{rel}","templated":true}]}}