{"id":3160,"date":"2024-11-27T14:56:20","date_gmt":"2024-11-27T06:56:20","guid":{"rendered":"http\/\/www.dentalxangtech.com\/?post_type=product&#038;p=3160"},"modified":"2024-12-24T15:32:24","modified_gmt":"2024-12-24T07:32:24","slug":"unshaded-3d-pro-multilayer-zirconia-block","status":"publish","type":"product","link":"https:\/\/www.dentalxangtech.com\/fr\/product\/unshaded-3d-pro-multilayer-zirconia-block\/","title":{"rendered":"Bloc de zirconie multicouche 3D Pro sans ombre"},"content":{"rendered":"<p><span style=\"font-family: arial, helvetica, sans-serif; font-size: 14pt;\">Le bloc de zirconie 3D non ombrag\u00e9 a une haute r\u00e9sistance et peut r\u00e9sister \u00e0 diverses contraintes telles que les forces de morsure dans la bouche. Ses propri\u00e9t\u00e9s de haute r\u00e9sistance lui permettent d'avoir une bonne stabilit\u00e9 et fiabilit\u00e9 lorsqu'il est utilis\u00e9 comme mat\u00e9riau de restauration dentaire. Bien que la zirconie non ombrag\u00e9e elle-m\u00eame ait une certaine apparence blanche, son esth\u00e9tique est relativement faible par rapport \u00e0 la couleur des dents naturelles. Chez certains patients ayant des exigences esth\u00e9tiques \u00e9lev\u00e9es, un traitement de coloration peut \u00eatre n\u00e9cessaire pour mieux correspondre \u00e0 la couleur des dents environnantes.<\/span><\/p>\n<p><span style=\"font-family: arial, helvetica, sans-serif; font-size: 14pt;\">Le bloc de zirconie 3D non ombrag\u00e9 est comparable au bloc de zirconie color\u00e9 en r\u00e9sistance, et le bloc de zirconie 3D non ombrag\u00e9 a une stabilit\u00e9 similaire au bloc de zirconie color\u00e9 en propri\u00e9t\u00e9s physiques et chimiques de base. Bien que les blocs de zirconie 3D non color\u00e9s aient un faible degr\u00e9 de correspondance avec la couleur des dents naturelles en raison de leur couleur unique, la coloration peut rendre la couleur du bloc de zirconie plus proche des dents naturelles, am\u00e9liorant ainsi l'effet esth\u00e9tique apr\u00e8s la restauration. Par exemple, en introduisant un fluide colorant, la couleur des blocs de zirconium peut \u00eatre tr\u00e8s proche de la couleur des dents naturelles.<\/span><\/p>\n<p><span style=\"font-family: arial, helvetica, sans-serif; font-size: 14pt;\">La zirconie 3D incolore a une valeur d'application importante dans la restauration dentaire. Bien que son esth\u00e9tique soit relativement faible, il est comparable \u00e0 la zirconie color\u00e9e en stabilit\u00e9 de performance, et pr\u00e9sente m\u00eame des avantages dans certains aspects.<\/span><\/p>\n<ol>\n<li><span style=\"font-size: 14pt; font-family: arial, helvetica, sans-serif;\">Mati\u00e8res premi\u00e8res de haute qualit\u00e9<\/span><\/li>\n<li><span style=\"font-size: 14pt; font-family: arial, helvetica, sans-serif;\">R\u00e9sistance exceptionnelle au vieillissement<\/span><\/li>\n<li><span style=\"font-size: 14pt; font-family: arial, helvetica, sans-serif;\">Stabilit\u00e9 de charge de fracture plus \u00e9lev\u00e9e<\/span><\/li>\n<\/ol>","protected":false},"excerpt":{"rendered":"<p>Unshaded 3D zirconia block has high strength and can withstand various stresses such as bite forces in the mouth. Its high strength properties make it have good stability and reliability when used as a dental restoration material. Although unshaded zirconia itself has a certain white appearance, its aesthetics is relatively low compared to the color [&hellip;]<\/p>\n","protected":false},"featured_media":3161,"template":"","meta":{"_acf_changed":false},"product_brand":[],"product_cat":[51],"product_tag":[],"class_list":{"0":"post-3160","1":"product","2":"type-product","3":"status-publish","4":"has-post-thumbnail","6":"product_cat-multilayer-zirconia-blcok","8":"first","9":"instock","10":"shipping-taxable","11":"product-type-simple"},"acf":[],"_links":{"self":[{"href":"https:\/\/www.dentalxangtech.com\/fr\/wp-json\/wp\/v2\/product\/3160","targetHints":{"allow":["GET"]}}],"collection":[{"href":"https:\/\/www.dentalxangtech.com\/fr\/wp-json\/wp\/v2\/product"}],"about":[{"href":"https:\/\/www.dentalxangtech.com\/fr\/wp-json\/wp\/v2\/types\/product"}],"wp:featuredmedia":[{"embeddable":true,"href":"https:\/\/www.dentalxangtech.com\/fr\/wp-json\/wp\/v2\/media\/3161"}],"wp:attachment":[{"href":"https:\/\/www.dentalxangtech.com\/fr\/wp-json\/wp\/v2\/media?parent=3160"}],"wp:term":[{"taxonomy":"product_brand","embeddable":true,"href":"https:\/\/www.dentalxangtech.com\/fr\/wp-json\/wp\/v2\/product_brand?post=3160"},{"taxonomy":"product_cat","embeddable":true,"href":"https:\/\/www.dentalxangtech.com\/fr\/wp-json\/wp\/v2\/product_cat?post=3160"},{"taxonomy":"product_tag","embeddable":true,"href":"https:\/\/www.dentalxangtech.com\/fr\/wp-json\/wp\/v2\/product_tag?post=3160"}],"curies":[{"name":"WP","href":"https:\/\/api.w.org\/{rel}","templated":true}]}}