{"id":3167,"date":"2024-11-27T16:18:38","date_gmt":"2024-11-27T08:18:38","guid":{"rendered":"http\/\/www.dentalxangtech.com\/?post_type=product&#038;p=3167"},"modified":"2024-12-11T14:32:22","modified_gmt":"2024-12-11T06:32:22","slug":"unshaded-4d-multilayer-zirconia-block","status":"publish","type":"product","link":"https:\/\/www.dentalxangtech.com\/fr\/product\/unshaded-4d-multilayer-zirconia-block\/","title":{"rendered":"Bloc de zirconie multicouche 4D non ombrag\u00e9"},"content":{"rendered":"<p>Le bloc de zirconie multicouche 4D sans ombre de XANGTECH repr\u00e9sente le sommet des mat\u00e9riaux de restauration dentaire, combinant une technologie de pointe avec une esth\u00e9tique in\u00e9gal\u00e9e. Con\u00e7u sp\u00e9cialement pour la restauration des dents avant, ce bloc de zirconie offre un \u00e9quilibre parfait entre apparence naturelle, int\u00e9gration sans couture et performances exceptionnelles. Avec son empilement innovant \u00e0 cinq couches et sa technologie de gradient de couleur \u00e0 neuf couches, le bloc de zirconie reproduit la beaut\u00e9 des dents naturelles avec une pr\u00e9cision remarquable. Les transitions de couleur sont compl\u00e8tement sans couches, assurant un gradient lisse et harmonieux qui am\u00e9liore la qualit\u00e9 r\u00e9aliste de chaque restauration. Cela en fait un choix id\u00e9al pour r\u00e9aliser des restaurations qui ne sont pas distinguables de la dentition naturelle.<\/p>\n<p>Une caract\u00e9ristique remarquable du bloc de zirconie multicouche 4D non ombrag\u00e9 XANGTECH est sa polyvalence dans les flux de travail \u00e0 haut rendement. Sa compatibilit\u00e9 avec les techniques de frittage rapide permet aux professionnels dentaires de produire des r\u00e9sultats \u00e9tonnants en moins de temps, r\u00e9pondant aux exigences des pratiques dentaires modernes sans compromettre la qualit\u00e9 ou la durabilit\u00e9. Meticuleusement con\u00e7u pour l'attrait esth\u00e9tique et l'int\u00e9grit\u00e9 structurelle, ce bloc de zirconie offre une stabilit\u00e9 fiable et des performances sup\u00e9rieures. Sa conception sans ombre offre la flexibilit\u00e9 aux techniciens dentaires, leur permettant de personnaliser les restaurations pour r\u00e9pondre aux besoins individuels du patient tout en maintenant des r\u00e9sultats naturels et r\u00e9alistes. Que vous r\u00e9alisiez des couronnes, des placages ou des ponts pour la r\u00e9gion ant\u00e9rieure, il offre la solution parfaite. \u00c9levez votre pratique dentaire avec un mat\u00e9riau qui incarne la combinaison id\u00e9ale de beaut\u00e9, d'efficacit\u00e9 et de fiabilit\u00e9.<\/p>\n<p>1. Large gamme d'application<br \/>\n2. Transition de couleur sans couchage<br \/>\n3. Neuf couches de transition de couleur<br \/>\n4. Peut \u00eatre appliqu\u00e9 \u00e0 la technologie de frittage rapide<\/p>","protected":false},"excerpt":{"rendered":"<p>XANGTECH unshaded 4D multilayer zirconia block represents the pinnacle of dental restorative materials, combining cutting-edge technology with unmatched aesthetics. Designed specifically for front teeth restorations, this zirconia block provides a perfect balance of natural appearance, seamless integration, and exceptional performance. With its innovative five-layer stacking and nine-layer color gradient technology, the zirconia block replicates the [&hellip;]<\/p>\n","protected":false},"featured_media":3346,"template":"","meta":{"_acf_changed":false},"product_brand":[],"product_cat":[51],"product_tag":[],"class_list":{"0":"post-3167","1":"product","2":"type-product","3":"status-publish","4":"has-post-thumbnail","6":"product_cat-multilayer-zirconia-blcok","8":"first","9":"instock","10":"shipping-taxable","11":"product-type-simple"},"acf":[],"_links":{"self":[{"href":"https:\/\/www.dentalxangtech.com\/fr\/wp-json\/wp\/v2\/product\/3167","targetHints":{"allow":["GET"]}}],"collection":[{"href":"https:\/\/www.dentalxangtech.com\/fr\/wp-json\/wp\/v2\/product"}],"about":[{"href":"https:\/\/www.dentalxangtech.com\/fr\/wp-json\/wp\/v2\/types\/product"}],"wp:featuredmedia":[{"embeddable":true,"href":"https:\/\/www.dentalxangtech.com\/fr\/wp-json\/wp\/v2\/media\/3346"}],"wp:attachment":[{"href":"https:\/\/www.dentalxangtech.com\/fr\/wp-json\/wp\/v2\/media?parent=3167"}],"wp:term":[{"taxonomy":"product_brand","embeddable":true,"href":"https:\/\/www.dentalxangtech.com\/fr\/wp-json\/wp\/v2\/product_brand?post=3167"},{"taxonomy":"product_cat","embeddable":true,"href":"https:\/\/www.dentalxangtech.com\/fr\/wp-json\/wp\/v2\/product_cat?post=3167"},{"taxonomy":"product_tag","embeddable":true,"href":"https:\/\/www.dentalxangtech.com\/fr\/wp-json\/wp\/v2\/product_tag?post=3167"}],"curies":[{"name":"WP","href":"https:\/\/api.w.org\/{rel}","templated":true}]}}