{"id":3179,"date":"2024-11-28T16:06:47","date_gmt":"2024-11-28T08:06:47","guid":{"rendered":"http\/\/www.dentalxangtech.com\/?post_type=product&#038;p=3179"},"modified":"2024-11-28T16:18:32","modified_gmt":"2024-11-28T08:18:32","slug":"roland-zirconia-milling-bur","status":"publish","type":"product","link":"https:\/\/www.dentalxangtech.com\/fr\/product\/roland-zirconia-milling-bur\/","title":{"rendered":"Bur de fraisage Roland Zirconia"},"content":{"rendered":"<p><span style=\"font-family: arial, helvetica, sans-serif; font-size: 14pt;\">Les borses de fraisage de zirconie Roland sont largement utilis\u00e9es dans les restaurations dentaires, en particulier dans le traitement des mat\u00e9riaux de zirconie. Le rev\u00eatement diamant et le rev\u00eatement carbone diamant utilis\u00e9 sur ces bornes leur donnent une longue dur\u00e9e de vie et les maintiennent pointus m\u00eame dans des conditions de travail \u00e0 grande intensit\u00e9. La coupe de pr\u00e9cision de ces bornes assure une coupe pr\u00e9cise sur les mat\u00e9riaux en zirconie, r\u00e9duit les dommages thermiques lors du traitement et assure la lisseur et la finesse de la surface de restauration.<\/span><\/p>\n<p><span style=\"font-family: arial, helvetica, sans-serif; font-size: 14pt;\">Les bornes de fraisage en zirconie Roland XANGTECH peuvent fonctionner de mani\u00e8re stable \u00e0 des vitesses \u00e9lev\u00e9es et \u00e0 des pressions \u00e9lev\u00e9es, offrant des performances de coupe efficaces. M\u00eame lors du traitement de mat\u00e9riaux durs en zirconie, ils peuvent maintenir un processus de coupe en douceur, r\u00e9duisant les dommages thermiques et les fissures de surface.<\/span><\/p>\n<p><span style=\"font-family: arial, helvetica, sans-serif; font-size: 14pt;\">Les bornes de fraisage XANGTECH Roland sont 100% compatibles avec DWX-52D\/DWX-52DCi\/DWX-42W.<\/span><\/p>\n<p><span style=\"font-family: arial, helvetica, sans-serif; font-size: 14pt;\">Les borses de fraisage dentaire XANGTECH Roland sont des borses de haute qualit\u00e9 avec une r\u00e9sistance \u00e0 l'usure extr\u00eamement \u00e9lev\u00e9e. DLC rev\u00eatu bur peut forage 150 \u00e0 200 unit\u00e9s zirconie couronne. Le bur rev\u00eatu de diamant peut broyer 400 \u00e0 500 unit\u00e9s de couronne de zirconie.<\/span><\/p>\n<ol>\n<li><span style=\"font-family: arial, helvetica, sans-serif; font-size: 14pt;\">Super r\u00e9sistant \u00e0 l'usure<\/span><\/li>\n<li><span style=\"font-family: arial, helvetica, sans-serif; font-size: 14pt;\">Haute pr\u00e9cision<\/span><\/li>\n<li><span style=\"font-family: arial, helvetica, sans-serif; font-size: 14pt;\"><span style=\"font-family: arial, helvetica, sans-serif; font-size: 14pt;\">100% compatible avec le syst\u00e8me Cad Cam<\/span><\/span><div style=\"width: 800px;\" class=\"wp-video\"><video class=\"wp-video-shortcode\" id=\"video-3179-1\" width=\"800\" height=\"450\" preload=\"metadata\" controls=\"controls\"><source type=\"video\/mp4\" src=\"https:\/\/www.dentalxangtech.com\/wp-content\/uploads\/2024\/11\/11\u670828\u65e5.mp4?_=1\" \/><a href=\"https:\/\/www.dentalxangtech.com\/wp-content\/uploads\/2024\/11\/11\u670828\u65e5.mp4\">https:\/\/www.dentalxangtech.com\/wp-content\/uploads\/2024\/11\/11\u670828\u65e5.mp4<\/a><\/video><\/div><\/li>\n<\/ol>","protected":false},"excerpt":{"rendered":"<p>Roland zirconia milling burs are widely used in dental restorations, especially in the processing of zirconia materials. The diamond coating and diamond-like carbon coating used on these burs give them a long service life and keep them sharp even under high-intensity working conditions. The precision cutting of these burs ensures accurate cutting on zirconia materials, [&hellip;]<\/p>\n","protected":false},"featured_media":3181,"template":"","meta":{"_acf_changed":false},"product_brand":[],"product_cat":[57],"product_tag":[],"class_list":{"0":"post-3179","1":"product","2":"type-product","3":"status-publish","4":"has-post-thumbnail","6":"product_cat-zirconia-milling-bur","8":"first","9":"instock","10":"shipping-taxable","11":"product-type-simple"},"acf":[],"_links":{"self":[{"href":"https:\/\/www.dentalxangtech.com\/fr\/wp-json\/wp\/v2\/product\/3179","targetHints":{"allow":["GET"]}}],"collection":[{"href":"https:\/\/www.dentalxangtech.com\/fr\/wp-json\/wp\/v2\/product"}],"about":[{"href":"https:\/\/www.dentalxangtech.com\/fr\/wp-json\/wp\/v2\/types\/product"}],"wp:featuredmedia":[{"embeddable":true,"href":"https:\/\/www.dentalxangtech.com\/fr\/wp-json\/wp\/v2\/media\/3181"}],"wp:attachment":[{"href":"https:\/\/www.dentalxangtech.com\/fr\/wp-json\/wp\/v2\/media?parent=3179"}],"wp:term":[{"taxonomy":"product_brand","embeddable":true,"href":"https:\/\/www.dentalxangtech.com\/fr\/wp-json\/wp\/v2\/product_brand?post=3179"},{"taxonomy":"product_cat","embeddable":true,"href":"https:\/\/www.dentalxangtech.com\/fr\/wp-json\/wp\/v2\/product_cat?post=3179"},{"taxonomy":"product_tag","embeddable":true,"href":"https:\/\/www.dentalxangtech.com\/fr\/wp-json\/wp\/v2\/product_tag?post=3179"}],"curies":[{"name":"WP","href":"https:\/\/api.w.org\/{rel}","templated":true}]}}